{"id":161156,"date":"2024-09-17T00:00:00","date_gmt":"2024-09-17T05:00:00","guid":{"rendered":"https:\/\/gpl-love.com\/es\/producto\/wpforo-syntax-highlighter\/"},"modified":"2026-03-09T08:47:55","modified_gmt":"2026-03-09T13:47:55","slug":"wpforo-syntax-highlighter","status":"publish","type":"product","link":"https:\/\/gpl-love.com\/es\/producto\/wpforo-syntax-highlighter\/","title":{"rendered":"WPForo Syntax Highlighter 3.0.2"},"content":{"rendered":"<h3>WPForo Syntax Highlighter Caracteristicas<\/h3>\n<p>Transforma las discusiones de tu foro con el plugin WPForo Syntax Highlighter. Ideal para desarrolladores, esta herramienta mejora tu foro de WordPress resaltando autom\u00e1ticamente la sintaxis del c\u00f3digo, lo que facilita su lectura y comprensi\u00f3n. Con WPForo Syntax Highlighter, tus fragmentos de c\u00f3digo se ver\u00e1n limpios y profesionales, impulsando la interacci\u00f3n y la participaci\u00f3n de los usuarios.<\/p>\n<p>Nuestro resaltador de sintaxis es compatible con una amplia gama de lenguajes de programaci\u00f3n, lo que garantiza que, independientemente del c\u00f3digo que comparta tu comunidad, se muestre con precisi\u00f3n. F\u00e1cil de instalar y usar, WPForo Syntax Highlighter se integra a la perfecci\u00f3n con tu configuraci\u00f3n actual de WPForo, sin necesidad de conocimientos t\u00e9cnicos.<\/p>\n<p>Dile adi\u00f3s a los bloques de c\u00f3digo aburridos e ilegibles. WPForo Syntax Highlighter est\u00e1 dise\u00f1ado para mejorar la legibilidad, reducir errores y ayudar a los miembros de tu foro a aprender unos de otros de forma m\u00e1s eficaz. \u00a1Mejora tu foro de WordPress hoy mismo con esta herramienta esencial y observa c\u00f3mo prospera tu comunidad de desarrolladores!<\/p>\n<ul>\n<li>F\u00e1cil integraci\u00f3n con WPForo<\/li>\n<li>Compatible con m\u00faltiples lenguajes de programaci\u00f3n<\/li>\n<li>Resaltado de sintaxis en tiempo real<\/li>\n<li>Opciones de tema personalizables<\/li>\n<li>Ligero y de alto rendimiento<\/li>\n<li>Numeraci\u00f3n de l\u00edneas de c\u00f3digo<\/li>\n<li>Funcionalidad de copia al portapapeles<\/li>\n<li>Compatible con los principales navegadores<\/li>\n<li>Dise\u00f1o adaptable a dispositivos m\u00f3viles<\/li>\n<li>Actualizaciones y soporte t\u00e9cnico regulares<\/li>\n<\/ul>\n","protected":false},"excerpt":{"rendered":"<p>WPForo Syntax Highlighter Caracteristicas Transforma las discusiones de tu foro con el plugin WPForo Syntax Highlighter. Ideal para desarrolladores, esta herramienta mejora tu foro de WordPress resaltando autom\u00e1ticamente la sintaxis del c\u00f3digo, lo que facilita su lectura y comprensi\u00f3n. Con WPForo Syntax Highlighter, tus fragmentos de c\u00f3digo se ver\u00e1n limpios y profesionales, impulsando la interacci\u00f3n [&hellip;]<\/p>\n","protected":false},"featured_media":169278,"comment_status":"open","ping_status":"open","template":"","meta":[],"product_brand":[2688],"product_cat":[1214,1206,1211],"product_tag":[2335],"class_list":{"0":"post-161156","1":"product","2":"type-product","3":"status-publish","4":"has-post-thumbnail","6":"product_brand-gvectors-team","7":"product_cat-personalizacion","8":"product_cat-plugins","9":"product_cat-wordpress-plugins","10":"product_tag-gvectors-team","11":"member-discount","12":"discount-restricted","14":"first","15":"instock","16":"sale","17":"downloadable","18":"virtual","19":"sold-individually","20":"purchasable","21":"product-type-simple"},"_links":{"self":[{"href":"https:\/\/gpl-love.com\/es\/wp-json\/wp\/v2\/product\/161156","targetHints":{"allow":["GET"]}}],"collection":[{"href":"https:\/\/gpl-love.com\/es\/wp-json\/wp\/v2\/product"}],"about":[{"href":"https:\/\/gpl-love.com\/es\/wp-json\/wp\/v2\/types\/product"}],"replies":[{"embeddable":true,"href":"https:\/\/gpl-love.com\/es\/wp-json\/wp\/v2\/comments?post=161156"}],"wp:featuredmedia":[{"embeddable":true,"href":"https:\/\/gpl-love.com\/es\/wp-json\/wp\/v2\/media\/169278"}],"wp:attachment":[{"href":"https:\/\/gpl-love.com\/es\/wp-json\/wp\/v2\/media?parent=161156"}],"wp:term":[{"taxonomy":"product_brand","embeddable":true,"href":"https:\/\/gpl-love.com\/es\/wp-json\/wp\/v2\/product_brand?post=161156"},{"taxonomy":"product_cat","embeddable":true,"href":"https:\/\/gpl-love.com\/es\/wp-json\/wp\/v2\/product_cat?post=161156"},{"taxonomy":"product_tag","embeddable":true,"href":"https:\/\/gpl-love.com\/es\/wp-json\/wp\/v2\/product_tag?post=161156"}],"curies":[{"name":"wp","href":"https:\/\/api.w.org\/{rel}","templated":true}]}}