{"id":161154,"date":"2024-09-17T00:00:00","date_gmt":"2024-09-17T05:00:00","guid":{"rendered":"https:\/\/gpl-love.com\/es\/producto\/wpforo-tenor\/"},"modified":"2026-03-09T08:47:54","modified_gmt":"2026-03-09T13:47:54","slug":"wpforo-tenor","status":"publish","type":"product","link":"https:\/\/gpl-love.com\/es\/producto\/wpforo-tenor\/","title":{"rendered":"WPForo Tenor 3.0.1"},"content":{"rendered":"<h3>WPForo Tenor Caracteristicas<\/h3>\n<p>Descubre la soluci\u00f3n definitiva para foros en tu sitio WordPress con WPForo Tenor. Dise\u00f1ado para mejorar la interacci\u00f3n de los usuarios y fomentar comunidades online din\u00e1micas, WPForo Tenor ofrece una integraci\u00f3n perfecta con WordPress, lo que lo convierte en la opci\u00f3n predilecta tanto para entusiastas de foros como para webmasters.<\/p>\n<p>WPForo Tenor destaca por su interfaz intuitiva, herramientas de moderaci\u00f3n avanzadas y opciones de dise\u00f1o personalizables. Tanto si gestionas un peque\u00f1o foro especializado como una comunidad a gran escala, WPForo Tenor te ofrece la flexibilidad y escalabilidad que necesitas. Con funciones como notificaciones en tiempo real, mensajer\u00eda privada y una s\u00f3lida gesti\u00f3n de usuarios, tu foro prosperar\u00e1 y crecer\u00e1 sin esfuerzo.<\/p>\n<p>Optimiza el SEO de tu sitio web con las herramientas SEO integradas de WPForo Tenor, que garantizan un mejor posicionamiento del contenido de tu foro en los motores de b\u00fasqueda. Interact\u00faa con tu audiencia con debates interactivos, encuestas y publicaciones multimedia, manteniendo al mismo tiempo la m\u00e1xima seguridad y rendimiento.<\/p>\n<ul>\n<li>Integraci\u00f3n perfecta con WordPress<\/li>\n<li>Gesti\u00f3n de foros intuitiva<\/li>\n<li>Dise\u00f1os de foro personalizables<\/li>\n<li>Perfiles de miembros avanzados<\/li>\n<li>Herramientas de moderaci\u00f3n integradas<\/li>\n<li>Optimizaci\u00f3n SEO<\/li>\n<li>Notificaciones en tiempo real<\/li>\n<li>Dise\u00f1o adaptable para m\u00f3viles y ordenadores<\/li>\n<li>Asistencia completa al usuario<\/li>\n<li>Soporte multiling\u00fce<\/li>\n<\/ul>\n","protected":false},"excerpt":{"rendered":"<p>WPForo Tenor es la soluci\u00f3n definitiva para foros, dise\u00f1ada para mejorar la participaci\u00f3n de la comunidad y agilizar las discusiones. WPForo Tenor ofrece una interfaz intuitiva, funciones robustas e integraci\u00f3n fluida, lo que la convierte en la opci\u00f3n perfecta para cualquier comunidad en l\u00ednea. Con WPForo Tenor, puedes disfrutar de notificaciones en tiempo real, herramientas avanzadas de moderaci\u00f3n y temas personalizables para crear una experiencia de foro \u00fanica e interactiva. Tanto si est\u00e1s creando una peque\u00f1a comunidad especializada como un foro de discusi\u00f3n a gran escala, WPForo Tenor garantiza que tus usuarios se mantengan conectados e informados. \u00a1Mejora tu foro en l\u00ednea hoy mismo con WPForo Tenor y observa c\u00f3mo tu comunidad prospera!<\/p>\n","protected":false},"featured_media":169277,"comment_status":"open","ping_status":"open","template":"","meta":[],"product_brand":[2688],"product_cat":[1214,1206,1211],"product_tag":[2335],"class_list":{"0":"post-161154","1":"product","2":"type-product","3":"status-publish","4":"has-post-thumbnail","6":"product_brand-gvectors-team","7":"product_cat-personalizacion","8":"product_cat-plugins","9":"product_cat-wordpress-plugins","10":"product_tag-gvectors-team","11":"member-discount","12":"discount-restricted","14":"first","15":"instock","16":"sale","17":"downloadable","18":"virtual","19":"sold-individually","20":"purchasable","21":"product-type-simple"},"_links":{"self":[{"href":"https:\/\/gpl-love.com\/es\/wp-json\/wp\/v2\/product\/161154","targetHints":{"allow":["GET"]}}],"collection":[{"href":"https:\/\/gpl-love.com\/es\/wp-json\/wp\/v2\/product"}],"about":[{"href":"https:\/\/gpl-love.com\/es\/wp-json\/wp\/v2\/types\/product"}],"replies":[{"embeddable":true,"href":"https:\/\/gpl-love.com\/es\/wp-json\/wp\/v2\/comments?post=161154"}],"wp:featuredmedia":[{"embeddable":true,"href":"https:\/\/gpl-love.com\/es\/wp-json\/wp\/v2\/media\/169277"}],"wp:attachment":[{"href":"https:\/\/gpl-love.com\/es\/wp-json\/wp\/v2\/media?parent=161154"}],"wp:term":[{"taxonomy":"product_brand","embeddable":true,"href":"https:\/\/gpl-love.com\/es\/wp-json\/wp\/v2\/product_brand?post=161154"},{"taxonomy":"product_cat","embeddable":true,"href":"https:\/\/gpl-love.com\/es\/wp-json\/wp\/v2\/product_cat?post=161154"},{"taxonomy":"product_tag","embeddable":true,"href":"https:\/\/gpl-love.com\/es\/wp-json\/wp\/v2\/product_tag?post=161154"}],"curies":[{"name":"wp","href":"https:\/\/api.w.org\/{rel}","templated":true}]}}