{"id":161152,"date":"2024-09-17T00:00:00","date_gmt":"2024-09-17T05:00:00","guid":{"rendered":"https:\/\/gpl-love.com\/es\/producto\/wpforo-topic-custom-fields\/"},"modified":"2026-03-09T08:47:52","modified_gmt":"2026-03-09T13:47:52","slug":"wpforo-topic-custom-fields","status":"publish","type":"product","link":"https:\/\/gpl-love.com\/es\/producto\/wpforo-topic-custom-fields\/","title":{"rendered":"WPForo Topic Custom Fields 3.2.1"},"content":{"rendered":"<h3>WPForo Topic Custom Fields Caracteristicas<\/h3>\n<p>Impulsa tu comunidad online con Campos Personalizados de Temas de WPForo, la soluci\u00f3n perfecta para administradores de foros que buscan a\u00f1adir un toque personalizado a sus foros. Este potente plugin te permite crear y gestionar campos personalizados para cada tema, garantizando que cada discusi\u00f3n se adapte a las necesidades \u00fanicas de tu comunidad. Tanto si gestionas un foro especializado en aficiones como un foro de soporte profesional, Campos Personalizados de Temas de WPForo te ofrece la flexibilidad y la funcionalidad necesarias para mejorar la interacci\u00f3n del usuario.<\/p>\n<p>Con Campos Personalizados de Temas de WPForo, puedes a\u00f1adir f\u00e1cilmente cuadros de texto, men\u00fas desplegables, casillas de verificaci\u00f3n y mucho m\u00e1s a tus temas. Esta personalizaci\u00f3n no solo mejora la experiencia del usuario, sino que tambi\u00e9n agiliza la recopilaci\u00f3n de informaci\u00f3n y la categorizaci\u00f3n de temas. Su interfaz intuitiva garantiza que incluso los usuarios sin conocimientos t\u00e9cnicos puedan configurar y gestionar los campos personalizados f\u00e1cilmente.<\/p>\n<p>Adem\u00e1s, Campos Personalizados de Temas de WPForo es totalmente compatible con las \u00faltimas actualizaciones de WPForo, lo que garantiza una integraci\u00f3n perfecta y un rendimiento fiable.<\/p>\n<ul>\n<li>Campos de tema personalizables<\/li>\n<li>Admite varios tipos de campos (texto, n\u00famero, fecha, etc.)<\/li>\n<li>Integraci\u00f3n perfecta con el foro de WPForo<\/li>\n<li>F\u00e1cil gesti\u00f3n y configuraci\u00f3n de campos<\/li>\n<li>L\u00f3gica condicional para la visualizaci\u00f3n de campos<\/li>\n<li>Visibilidad de campos basada en roles de usuario<\/li>\n<li>Ordenaci\u00f3n de campos mediante arrastrar y soltar<\/li>\n<li>Ideal para desarrolladores con ganchos y filtros<\/li>\n<li>Cumple con el RGPD con opciones de privacidad de datos<\/li>\n<li>Dise\u00f1o adaptable a dispositivos m\u00f3viles<\/li>\n<\/ul>\n","protected":false},"excerpt":{"rendered":"<p>Campos personalizados de tema de WPForo: la herramienta definitiva para mejorar la experiencia de usuario de tu foro. Integra f\u00e1cilmente campos personalizados en cada tema, ofreciendo informaci\u00f3n personalizada y personalizaci\u00f3n. Destaca caracter\u00edsticas clave como la f\u00e1cil configuraci\u00f3n, la personalizaci\u00f3n flexible y una mayor interacci\u00f3n del usuario. Ideal para administradores de foros que buscan impulsar la interacci\u00f3n y proporcionar informaci\u00f3n valiosa. Actualiza tu foro hoy mismo con los campos personalizados de tema de WPForo y observa la diferencia en la satisfacci\u00f3n del usuario y el crecimiento de la comunidad.<\/p>\n","protected":false},"featured_media":169276,"comment_status":"open","ping_status":"open","template":"","meta":[],"product_brand":[2688],"product_cat":[1214,1206,1211],"product_tag":[2335],"class_list":{"0":"post-161152","1":"product","2":"type-product","3":"status-publish","4":"has-post-thumbnail","6":"product_brand-gvectors-team","7":"product_cat-personalizacion","8":"product_cat-plugins","9":"product_cat-wordpress-plugins","10":"product_tag-gvectors-team","11":"member-discount","12":"discount-restricted","14":"first","15":"instock","16":"sale","17":"downloadable","18":"virtual","19":"sold-individually","20":"purchasable","21":"product-type-simple"},"_links":{"self":[{"href":"https:\/\/gpl-love.com\/es\/wp-json\/wp\/v2\/product\/161152","targetHints":{"allow":["GET"]}}],"collection":[{"href":"https:\/\/gpl-love.com\/es\/wp-json\/wp\/v2\/product"}],"about":[{"href":"https:\/\/gpl-love.com\/es\/wp-json\/wp\/v2\/types\/product"}],"replies":[{"embeddable":true,"href":"https:\/\/gpl-love.com\/es\/wp-json\/wp\/v2\/comments?post=161152"}],"wp:featuredmedia":[{"embeddable":true,"href":"https:\/\/gpl-love.com\/es\/wp-json\/wp\/v2\/media\/169276"}],"wp:attachment":[{"href":"https:\/\/gpl-love.com\/es\/wp-json\/wp\/v2\/media?parent=161152"}],"wp:term":[{"taxonomy":"product_brand","embeddable":true,"href":"https:\/\/gpl-love.com\/es\/wp-json\/wp\/v2\/product_brand?post=161152"},{"taxonomy":"product_cat","embeddable":true,"href":"https:\/\/gpl-love.com\/es\/wp-json\/wp\/v2\/product_cat?post=161152"},{"taxonomy":"product_tag","embeddable":true,"href":"https:\/\/gpl-love.com\/es\/wp-json\/wp\/v2\/product_tag?post=161152"}],"curies":[{"name":"wp","href":"https:\/\/api.w.org\/{rel}","templated":true}]}}