{"id":161137,"date":"2024-09-16T00:00:00","date_gmt":"2024-09-16T05:00:00","guid":{"rendered":"https:\/\/gpl-love.com\/es\/producto\/wpforo-user-mentioning\/"},"modified":"2026-03-09T08:48:13","modified_gmt":"2026-03-09T13:48:13","slug":"wpforo-user-mentioning","status":"publish","type":"product","link":"https:\/\/gpl-love.com\/es\/producto\/wpforo-user-mentioning\/","title":{"rendered":"WPForo User Mentioning 3.3.3"},"content":{"rendered":"<h3>WPForo User Mentioning Caracteristicas<\/h3>\n<p>Impulsa la participaci\u00f3n de tu comunidad online con la potente funci\u00f3n de Menciones de Usuarios de WPForo. Perfectamente dise\u00f1ada para foros de todos los tama\u00f1os, esta herramienta permite a los usuarios etiquetarse f\u00e1cilmente en las discusiones, garantizando que ninguna conversaci\u00f3n importante pase desapercibida.<\/p>\n<p>Las Menciones de Usuarios de WPForo no solo fomentan conexiones m\u00e1s profundas, sino que tambi\u00e9n mejoran la experiencia del usuario al enviar notificaciones en tiempo real cada vez que alguien es mencionado. Tanto si gestionas un peque\u00f1o foro especializado como una comunidad online activa, integrar esta funci\u00f3n puede aumentar significativamente la interacci\u00f3n y la retenci\u00f3n de usuarios.<\/p>\n<p>La instalaci\u00f3n es muy sencilla y, gracias a su interfaz intuitiva, incluso los principiantes pueden empezar r\u00e1pidamente. Adem\u00e1s, las Menciones de Usuarios de WPForo se integran a la perfecci\u00f3n con tu configuraci\u00f3n actual de WPForo, garantizando una transici\u00f3n fluida y beneficios inmediatos.<\/p>\n<p>No pierdas la oportunidad de mantener a tu comunidad comprometida y activa. \u00a1Mejora tu foro hoy mismo con las Menciones de Usuarios de WPForo y observa c\u00f3mo se disparan las interacciones de tus usuarios!<\/p>\n<ul>\n<li>Integraci\u00f3n perfecta con el plugin de foro WPForo<\/li>\n<li>Notificaciones de menciones de usuarios en tiempo real<\/li>\n<li>Sugerencias de autocompletado para menciones de usuarios<\/li>\n<li>Disparador de menci\u00f3n personalizable (p. ej., @)<\/li>\n<li>Permisos de menci\u00f3n basados \u200b\u200ben roles de usuario<\/li>\n<li>Interacci\u00f3n y participaci\u00f3n mejoradas de los miembros<\/li>\n<li>Con tecnolog\u00eda AJAX para una experiencia r\u00e1pida y fluida<\/li>\n<li>Compatible con plataformas m\u00f3viles y de escritorio<\/li>\n<li>Ligero, con m\u00ednimo impacto en el rendimiento del sitio<\/li>\n<li>F\u00e1cil de instalar y configurar a trav\u00e9s del panel de control de WordPress<\/li>\n<\/ul>\n","protected":false},"excerpt":{"rendered":"<p>Menciones de Usuarios de WPForo, \u00a1la herramienta definitiva para mejorar las interacciones en tu foro! Con esta potente funci\u00f3n, puedes etiquetar y notificar a los usuarios f\u00e1cilmente, asegur\u00e1ndote de que se mantengan activos e informados. Menciones de Usuarios de WPForo optimiza la comunicaci\u00f3n, haciendo tu foro m\u00e1s din\u00e1mico e interactivo. Tanto si gestionas una comunidad grande como un grupo peque\u00f1o, esta herramienta impulsa la participaci\u00f3n de los usuarios y fomenta conversaciones significativas. Disfruta hoy mismo de las ventajas de las menciones de usuarios fluidas y transforma tu foro en un espacio din\u00e1mico y conectado.<\/p>\n","protected":false},"featured_media":169292,"comment_status":"open","ping_status":"open","template":"","meta":[],"product_brand":[2688],"product_cat":[1214,1206,1211],"product_tag":[2335],"class_list":{"0":"post-161137","1":"product","2":"type-product","3":"status-publish","4":"has-post-thumbnail","6":"product_brand-gvectors-team","7":"product_cat-personalizacion","8":"product_cat-plugins","9":"product_cat-wordpress-plugins","10":"product_tag-gvectors-team","11":"member-discount","12":"discount-restricted","14":"first","15":"instock","16":"sale","17":"downloadable","18":"virtual","19":"sold-individually","20":"purchasable","21":"product-type-simple"},"_links":{"self":[{"href":"https:\/\/gpl-love.com\/es\/wp-json\/wp\/v2\/product\/161137","targetHints":{"allow":["GET"]}}],"collection":[{"href":"https:\/\/gpl-love.com\/es\/wp-json\/wp\/v2\/product"}],"about":[{"href":"https:\/\/gpl-love.com\/es\/wp-json\/wp\/v2\/types\/product"}],"replies":[{"embeddable":true,"href":"https:\/\/gpl-love.com\/es\/wp-json\/wp\/v2\/comments?post=161137"}],"wp:featuredmedia":[{"embeddable":true,"href":"https:\/\/gpl-love.com\/es\/wp-json\/wp\/v2\/media\/169292"}],"wp:attachment":[{"href":"https:\/\/gpl-love.com\/es\/wp-json\/wp\/v2\/media?parent=161137"}],"wp:term":[{"taxonomy":"product_brand","embeddable":true,"href":"https:\/\/gpl-love.com\/es\/wp-json\/wp\/v2\/product_brand?post=161137"},{"taxonomy":"product_cat","embeddable":true,"href":"https:\/\/gpl-love.com\/es\/wp-json\/wp\/v2\/product_cat?post=161137"},{"taxonomy":"product_tag","embeddable":true,"href":"https:\/\/gpl-love.com\/es\/wp-json\/wp\/v2\/product_tag?post=161137"}],"curies":[{"name":"wp","href":"https:\/\/api.w.org\/{rel}","templated":true}]}}