{"id":161136,"date":"2024-09-16T00:00:00","date_gmt":"2024-09-16T05:00:00","guid":{"rendered":"https:\/\/gpl-love.com\/es\/producto\/wpforo-ads-manager\/"},"modified":"2026-03-09T08:48:12","modified_gmt":"2026-03-09T13:48:12","slug":"wpforo-ads-manager","status":"publish","type":"product","link":"https:\/\/gpl-love.com\/es\/producto\/wpforo-ads-manager\/","title":{"rendered":"WPForo Ads Manager 3.0.3"},"content":{"rendered":"<h3>WPForo Ads Manager Caracteristicas<\/h3>\n<p>Mejora la experiencia de tu comunidad online con el Administrador de Anuncios de WPForo. Esta potente herramienta est\u00e1 dise\u00f1ada para integrarse a la perfecci\u00f3n con tu foro de WPForo, lo que te ofrece una forma sencilla y eficiente de gestionar los anuncios. Tanto si buscas monetizar tu foro como promocionar contenido interno, el Administrador de Anuncios de WPForo ofrece una interfaz intuitiva que te permite crear, mostrar y monitorizar anuncios f\u00e1cilmente.<\/p>\n<ul>\n<li>Integraci\u00f3n perfecta con WPForo<\/li>\n<li>Interfaz intuitiva<\/li>\n<li>Ubicaci\u00f3n de anuncios personalizable<\/li>\n<li>Opciones de programaci\u00f3n de anuncios<\/li>\n<li>Estad\u00edsticas e informes en tiempo real<\/li>\n<li>Compatibilidad con m\u00faltiples formatos de anuncios<\/li>\n<li>Capacidad de geolocalizaci\u00f3n<\/li>\n<li>Dise\u00f1o adaptable a dispositivos m\u00f3viles<\/li>\n<li>F\u00e1cil gesti\u00f3n y moderaci\u00f3n de anuncios<\/li>\n<li>Herramientas de monetizaci\u00f3n para propietarios de foros<\/li>\n<\/ul>\n","protected":false},"excerpt":{"rendered":"<p>WPForo Ads Manager, \u00a1la soluci\u00f3n definitiva para gestionar anuncios en tu foro! Este potente plugin se integra a la perfecci\u00f3n con WPForo, permiti\u00e9ndote mostrar f\u00e1cilmente diversos formatos de anuncios y aumentar tus ingresos. Con su interfaz intuitiva, an\u00e1lisis detallados y opciones avanzadas de segmentaci\u00f3n, WPForo Ads Manager garantiza que tus anuncios lleguen al p\u00fablico adecuado. Maximiza el potencial de monetizaci\u00f3n de tu foro hoy mismo con WPForo Ads Manager y disfruta de una experiencia de gesti\u00f3n de anuncios optimizada y eficiente, dise\u00f1ada para atraer e informar a clientes potenciales.<\/p>\n","protected":false},"featured_media":169291,"comment_status":"open","ping_status":"open","template":"","meta":[],"product_brand":[2688],"product_cat":[1214,1206,1211],"product_tag":[2335],"class_list":{"0":"post-161136","1":"product","2":"type-product","3":"status-publish","4":"has-post-thumbnail","6":"product_brand-gvectors-team","7":"product_cat-personalizacion","8":"product_cat-plugins","9":"product_cat-wordpress-plugins","10":"product_tag-gvectors-team","11":"member-discount","12":"discount-restricted","14":"first","15":"instock","16":"sale","17":"downloadable","18":"virtual","19":"sold-individually","20":"purchasable","21":"product-type-simple"},"_links":{"self":[{"href":"https:\/\/gpl-love.com\/es\/wp-json\/wp\/v2\/product\/161136","targetHints":{"allow":["GET"]}}],"collection":[{"href":"https:\/\/gpl-love.com\/es\/wp-json\/wp\/v2\/product"}],"about":[{"href":"https:\/\/gpl-love.com\/es\/wp-json\/wp\/v2\/types\/product"}],"replies":[{"embeddable":true,"href":"https:\/\/gpl-love.com\/es\/wp-json\/wp\/v2\/comments?post=161136"}],"wp:featuredmedia":[{"embeddable":true,"href":"https:\/\/gpl-love.com\/es\/wp-json\/wp\/v2\/media\/169291"}],"wp:attachment":[{"href":"https:\/\/gpl-love.com\/es\/wp-json\/wp\/v2\/media?parent=161136"}],"wp:term":[{"taxonomy":"product_brand","embeddable":true,"href":"https:\/\/gpl-love.com\/es\/wp-json\/wp\/v2\/product_brand?post=161136"},{"taxonomy":"product_cat","embeddable":true,"href":"https:\/\/gpl-love.com\/es\/wp-json\/wp\/v2\/product_cat?post=161136"},{"taxonomy":"product_tag","embeddable":true,"href":"https:\/\/gpl-love.com\/es\/wp-json\/wp\/v2\/product_tag?post=161136"}],"curies":[{"name":"wp","href":"https:\/\/api.w.org\/{rel}","templated":true}]}}