{"id":161135,"date":"2025-04-11T00:00:00","date_gmt":"2025-04-11T05:00:00","guid":{"rendered":"https:\/\/gpl-love.com\/es\/producto\/wpforo-advanced-attachments\/"},"modified":"2026-03-09T08:48:11","modified_gmt":"2026-03-09T13:48:11","slug":"wpforo-advanced-attachments","status":"publish","type":"product","link":"https:\/\/gpl-love.com\/es\/producto\/wpforo-advanced-attachments\/","title":{"rendered":"WPForo Advanced Attachments 3.1.3"},"content":{"rendered":"<h3>WPForo Advanced Attachments Caracteristicas<\/h3>\n<p>Presentamos WPForo Advanced Attachments, la soluci\u00f3n definitiva para mejorar la experiencia de usuario de tu comunidad online. Este potente plugin permite a los miembros del foro adjuntar, ver y descargar archivos f\u00e1cilmente, haciendo que tus discusiones sean m\u00e1s interactivas y productivas.<\/p>\n<p>Con WPForo Advanced Attachments, puedes integrar a la perfecci\u00f3n un robusto sistema de adjuntos de archivos en tus foros de WordPress. Este plugin, repleto de funciones, admite varios tipos de archivos, lo que garantiza que los usuarios puedan compartir documentos, im\u00e1genes y v\u00eddeos sin esfuerzo. La intuitiva interfaz de arrastrar y soltar simplifica el proceso de subida de archivos, mientras que la configuraci\u00f3n avanzada ofrece a los administradores control total sobre los l\u00edmites y permisos de los adjuntos.<\/p>\n<p>Impulsa la participaci\u00f3n en tu foro permitiendo que los miembros colaboren de forma m\u00e1s eficaz. Tanto si gestionas un foro de soporte t\u00e9cnico, una comunidad de aficionados o un foro de discusi\u00f3n profesional, WPForo Advanced Attachments est\u00e1 dise\u00f1ado para satisfacer tus necesidades.<\/p>\n<ul>\n<li>Admite m\u00faltiples tipos de archivos<\/li>\n<li>Subida de archivos con solo arrastrar y soltar<\/li>\n<li>Interfaz intuitiva<\/li>\n<li>L\u00edmites de tama\u00f1o de archivo elevados<\/li>\n<li>Almacenamiento seguro de archivos<\/li>\n<li>Vistas previas en miniatura de im\u00e1genes<\/li>\n<li>Gesti\u00f3n de archivos adjuntos para el administrador<\/li>\n<li>Integraci\u00f3n con servicios de almacenamiento en la nube<\/li>\n<li>Compatibilidad con varios idiomas<\/li>\n<li>Optimizado para tiempos de carga r\u00e1pidos<\/li>\n<\/ul>\n","protected":false},"excerpt":{"rendered":"<p>WPForo Advanced Attachments: la soluci\u00f3n definitiva para compartir y gestionar archivos de forma fluida en tus foros. Sube, organiza y muestra f\u00e1cilmente una variedad de tipos de archivos con este potente complemento. Mejora la interacci\u00f3n de los usuarios y agiliza las discusiones permitiendo que los miembros compartan im\u00e1genes, documentos y mucho m\u00e1s. Con WPForo Advanced Attachments, disfruta de una interfaz intuitiva, s\u00f3lidas funciones de seguridad y un soporte completo, lo que garantiza una experiencia fluida tanto para administradores como para usuarios. Optimiza la funcionalidad de tu foro y mant\u00e9n a tu comunidad conectada e informada. \u00a1Empieza hoy mismo con WPForo Advanced Attachments y transforma la experiencia de tu foro!<\/p>\n","protected":false},"featured_media":169290,"comment_status":"open","ping_status":"open","template":"","meta":[],"product_brand":[2688],"product_cat":[1214,1206,1211],"product_tag":[2335],"class_list":{"0":"post-161135","1":"product","2":"type-product","3":"status-publish","4":"has-post-thumbnail","6":"product_brand-gvectors-team","7":"product_cat-personalizacion","8":"product_cat-plugins","9":"product_cat-wordpress-plugins","10":"product_tag-gvectors-team","11":"member-discount","12":"discount-restricted","14":"first","15":"instock","16":"sale","17":"downloadable","18":"virtual","19":"sold-individually","20":"purchasable","21":"product-type-simple"},"_links":{"self":[{"href":"https:\/\/gpl-love.com\/es\/wp-json\/wp\/v2\/product\/161135","targetHints":{"allow":["GET"]}}],"collection":[{"href":"https:\/\/gpl-love.com\/es\/wp-json\/wp\/v2\/product"}],"about":[{"href":"https:\/\/gpl-love.com\/es\/wp-json\/wp\/v2\/types\/product"}],"replies":[{"embeddable":true,"href":"https:\/\/gpl-love.com\/es\/wp-json\/wp\/v2\/comments?post=161135"}],"wp:featuredmedia":[{"embeddable":true,"href":"https:\/\/gpl-love.com\/es\/wp-json\/wp\/v2\/media\/169290"}],"wp:attachment":[{"href":"https:\/\/gpl-love.com\/es\/wp-json\/wp\/v2\/media?parent=161135"}],"wp:term":[{"taxonomy":"product_brand","embeddable":true,"href":"https:\/\/gpl-love.com\/es\/wp-json\/wp\/v2\/product_brand?post=161135"},{"taxonomy":"product_cat","embeddable":true,"href":"https:\/\/gpl-love.com\/es\/wp-json\/wp\/v2\/product_cat?post=161135"},{"taxonomy":"product_tag","embeddable":true,"href":"https:\/\/gpl-love.com\/es\/wp-json\/wp\/v2\/product_tag?post=161135"}],"curies":[{"name":"wp","href":"https:\/\/api.w.org\/{rel}","templated":true}]}}