{"id":161134,"date":"2024-11-23T00:00:00","date_gmt":"2024-11-23T05:00:00","guid":{"rendered":"https:\/\/gpl-love.com\/es\/producto\/wpforo-blog-cross-posting\/"},"modified":"2026-03-09T08:48:09","modified_gmt":"2026-03-09T13:48:09","slug":"wpforo-blog-cross-posting","status":"publish","type":"product","link":"https:\/\/gpl-love.com\/es\/producto\/wpforo-blog-cross-posting\/","title":{"rendered":"WPForo Blog Cross Posting 3.1.1"},"content":{"rendered":"<h3>WPForo Blog Cross Posting Caracteristicas<\/h3>\n<p>WPForo Blog Cross Posting, \u00a1la herramienta definitiva para optimizar la distribuci\u00f3n de tu contenido y potenciar tu presencia online! Este potente plugin te permite compartir f\u00e1cilmente las entradas de tu blog en m\u00faltiples plataformas, maximizando tu alcance y engagement. Tanto si eres un bloguero experimentado como si tienes una peque\u00f1a empresa, WPForo Blog Cross Posting te ahorrar\u00e1 tiempo y te ayudar\u00e1 a ampliar tu audiencia.<\/p>\n<p>Con WPForo Blog Cross Posting, puedes publicar autom\u00e1ticamente tus entradas en diversas redes sociales, como Facebook, Twitter, LinkedIn y m\u00e1s, garantizando que tu contenido reciba la atenci\u00f3n que merece. La interfaz intuitiva facilita la configuraci\u00f3n y la configuraci\u00f3n personalizable te permite adaptar tu estrategia de publicaci\u00f3n cruzada a tus necesidades.<\/p>\n<p>WPForo Blog Cross Posting no solo mejora tus estrategias de marketing de contenidos, sino que tambi\u00e9n mejora el SEO de tu sitio web al generar m\u00e1s backlinks y dirigir tr\u00e1fico desde diferentes fuentes. Adem\u00e1s, con an\u00e1lisis en tiempo real, puedes monitorizar el rendimiento de tus entradas y optimizar tu estrategia para obtener resultados a\u00fan mejores.<\/p>\n<ul>\n<li>Integraci\u00f3n perfecta con WordPress y WPForo<\/li>\n<li>Publicaci\u00f3n cruzada autom\u00e1tica de blogs a foros<\/li>\n<li>Plantillas de publicaci\u00f3n personalizables para entradas de foros<\/li>\n<li>Compatible con m\u00faltiples categor\u00edas de blogs y foros<\/li>\n<li>Interfaz intuitiva y f\u00e1cil de configurar<\/li>\n<li>Mantiene el formato y las im\u00e1genes originales de las publicaciones<\/li>\n<li>Sincroniza los comentarios entre las publicaciones del blog y del foro<\/li>\n<li>Opci\u00f3n para realizar publicaciones cruzadas manual o autom\u00e1ticamente<\/li>\n<li>Compatible con los temas y plugins m\u00e1s populares de WordPress<\/li>\n<li>Actualizaciones peri\u00f3dicas y soporte dedicado<\/li>\n<\/ul>\n","protected":false},"excerpt":{"rendered":"<p>Publicaci\u00f3n cruzada de blogs de WPForo: \u00a1la soluci\u00f3n definitiva para compartir contenido sin problemas! Comparte f\u00e1cilmente tus entradas de blog en m\u00faltiples plataformas con un solo clic. Impulsa tu presencia online, genera m\u00e1s tr\u00e1fico y conecta con una audiencia m\u00e1s amplia. Nuestra interfaz intuitiva garantiza una publicaci\u00f3n cruzada fluida y eficiente, ahorr\u00e1ndote tiempo y esfuerzo. Ideal para blogueros, profesionales del marketing y empresas que buscan maximizar su alcance e impacto. Empieza hoy mismo a mejorar tu estrategia de contenido con Publicaci\u00f3n cruzada de blogs de WPForo y disfruta de los beneficios de una mayor visibilidad y participaci\u00f3n.<\/p>\n","protected":false},"featured_media":169289,"comment_status":"open","ping_status":"open","template":"","meta":[],"product_brand":[2688],"product_cat":[1214,1206,1211],"product_tag":[2335],"class_list":{"0":"post-161134","1":"product","2":"type-product","3":"status-publish","4":"has-post-thumbnail","6":"product_brand-gvectors-team","7":"product_cat-personalizacion","8":"product_cat-plugins","9":"product_cat-wordpress-plugins","10":"product_tag-gvectors-team","11":"member-discount","12":"discount-restricted","14":"first","15":"instock","16":"sale","17":"downloadable","18":"virtual","19":"sold-individually","20":"purchasable","21":"product-type-simple"},"_links":{"self":[{"href":"https:\/\/gpl-love.com\/es\/wp-json\/wp\/v2\/product\/161134","targetHints":{"allow":["GET"]}}],"collection":[{"href":"https:\/\/gpl-love.com\/es\/wp-json\/wp\/v2\/product"}],"about":[{"href":"https:\/\/gpl-love.com\/es\/wp-json\/wp\/v2\/types\/product"}],"replies":[{"embeddable":true,"href":"https:\/\/gpl-love.com\/es\/wp-json\/wp\/v2\/comments?post=161134"}],"wp:featuredmedia":[{"embeddable":true,"href":"https:\/\/gpl-love.com\/es\/wp-json\/wp\/v2\/media\/169289"}],"wp:attachment":[{"href":"https:\/\/gpl-love.com\/es\/wp-json\/wp\/v2\/media?parent=161134"}],"wp:term":[{"taxonomy":"product_brand","embeddable":true,"href":"https:\/\/gpl-love.com\/es\/wp-json\/wp\/v2\/product_brand?post=161134"},{"taxonomy":"product_cat","embeddable":true,"href":"https:\/\/gpl-love.com\/es\/wp-json\/wp\/v2\/product_cat?post=161134"},{"taxonomy":"product_tag","embeddable":true,"href":"https:\/\/gpl-love.com\/es\/wp-json\/wp\/v2\/product_tag?post=161134"}],"curies":[{"name":"wp","href":"https:\/\/api.w.org\/{rel}","templated":true}]}}