{"id":161133,"date":"2024-09-16T00:00:00","date_gmt":"2024-09-16T05:00:00","guid":{"rendered":"https:\/\/gpl-love.com\/es\/producto\/wpforo-mycred\/"},"modified":"2026-03-09T08:48:07","modified_gmt":"2026-03-09T13:48:07","slug":"wpforo-mycred","status":"publish","type":"product","link":"https:\/\/gpl-love.com\/es\/producto\/wpforo-mycred\/","title":{"rendered":"WPForo myCRED 3.0.4"},"content":{"rendered":"<h3>WPForo myCRED Caracteristicas<\/h3>\n<p>Presentamos la soluci\u00f3n definitiva para tu comunidad online: \u00a1WPForo con integraci\u00f3n con myCRED!<\/p>\n<p>Transforma tu foro de WordPress en un centro din\u00e1mico y atractivo con las potentes funciones de WPForo. Con la perfecta integraci\u00f3n con myCRED, ahora puedes recompensar a tus miembros con puntos, insignias y rangos por sus actividades, creando una experiencia interactiva y gamificada. Tanto si gestionas un foro especializado como una comunidad a gran escala, WPForo garantiza una interfaz intuitiva y fluida que har\u00e1 que tus miembros vuelvan a por m\u00e1s.<\/p>\n<p>Impulsa la participaci\u00f3n y la retenci\u00f3n de miembros con el plugin personalizable myCRED. Su vers\u00e1til sistema de gesti\u00f3n de puntos te permite incentivar la participaci\u00f3n, haciendo que tu foro sea m\u00e1s din\u00e1mico y din\u00e1mico. Desde publicar y comentar hasta compartir contenido, cada interacci\u00f3n puede generar valiosos puntos para los miembros, que pueden canjear por recompensas exclusivas.<\/p>\n<p>Experimenta el poder de WPForo y myCRED combinados y observa c\u00f3mo tu comunidad prospera. F\u00e1cil de instalar, totalmente responsiva y repleta de funciones: esta integraci\u00f3n es la clave para construir una comunidad activa y leal.<\/p>\n<ul>\n<li>Integraci\u00f3n perfecta con WPForo<\/li>\n<li>Permite la personalizaci\u00f3n de rangos de usuario e insignias<\/li>\n<li>Sistema de concesi\u00f3n de puntos en tiempo real<\/li>\n<li>Interfaz intuitiva para la gesti\u00f3n de puntos<\/li>\n<li>Compatible con varios complementos de WPForo<\/li>\n<li>Tipos de puntos personalizables para diferentes actividades<\/li>\n<li>Funciones detalladas de an\u00e1lisis e informes<\/li>\n<li>Elementos de gamificaci\u00f3n para aumentar la participaci\u00f3n del usuario<\/li>\n<li>Sistema de transacci\u00f3n de puntos seguro y fiable<\/li>\n<li>Amplia documentaci\u00f3n y soporte<\/li>\n<\/ul>\n","protected":false},"excerpt":{"rendered":"<p>WPForo myCRED: \u00a1la integraci\u00f3n definitiva para tu foro de WordPress! Aumenta la participaci\u00f3n de tus usuarios con el potente sistema de gesti\u00f3n de puntos de myCRED, perfectamente integrado en WPForo. Recompensa la participaci\u00f3n activa, incentiva el contenido de calidad y potencia la interacci\u00f3n de la comunidad sin esfuerzo. Con una configuraci\u00f3n sencilla y funciones personalizables, WPForo myCRED transforma tu foro en una comunidad vibrante y pr\u00f3spera. \u00a1Desbloquea todo el potencial de tu sitio WordPress hoy mismo!<\/p>\n","protected":false},"featured_media":169288,"comment_status":"open","ping_status":"open","template":"","meta":[],"product_brand":[2688],"product_cat":[1214,1206,1211],"product_tag":[2335],"class_list":{"0":"post-161133","1":"product","2":"type-product","3":"status-publish","4":"has-post-thumbnail","6":"product_brand-gvectors-team","7":"product_cat-personalizacion","8":"product_cat-plugins","9":"product_cat-wordpress-plugins","10":"product_tag-gvectors-team","11":"member-discount","12":"discount-restricted","14":"first","15":"instock","16":"sale","17":"downloadable","18":"virtual","19":"sold-individually","20":"purchasable","21":"product-type-simple"},"_links":{"self":[{"href":"https:\/\/gpl-love.com\/es\/wp-json\/wp\/v2\/product\/161133","targetHints":{"allow":["GET"]}}],"collection":[{"href":"https:\/\/gpl-love.com\/es\/wp-json\/wp\/v2\/product"}],"about":[{"href":"https:\/\/gpl-love.com\/es\/wp-json\/wp\/v2\/types\/product"}],"replies":[{"embeddable":true,"href":"https:\/\/gpl-love.com\/es\/wp-json\/wp\/v2\/comments?post=161133"}],"wp:featuredmedia":[{"embeddable":true,"href":"https:\/\/gpl-love.com\/es\/wp-json\/wp\/v2\/media\/169288"}],"wp:attachment":[{"href":"https:\/\/gpl-love.com\/es\/wp-json\/wp\/v2\/media?parent=161133"}],"wp:term":[{"taxonomy":"product_brand","embeddable":true,"href":"https:\/\/gpl-love.com\/es\/wp-json\/wp\/v2\/product_brand?post=161133"},{"taxonomy":"product_cat","embeddable":true,"href":"https:\/\/gpl-love.com\/es\/wp-json\/wp\/v2\/product_cat?post=161133"},{"taxonomy":"product_tag","embeddable":true,"href":"https:\/\/gpl-love.com\/es\/wp-json\/wp\/v2\/product_tag?post=161133"}],"curies":[{"name":"wp","href":"https:\/\/api.w.org\/{rel}","templated":true}]}}