{"id":161132,"date":"2024-09-16T00:00:00","date_gmt":"2024-09-16T05:00:00","guid":{"rendered":"https:\/\/gpl-love.com\/es\/producto\/wpforo-memberpress\/"},"modified":"2026-03-09T08:48:06","modified_gmt":"2026-03-09T13:48:06","slug":"wpforo-memberpress","status":"publish","type":"product","link":"https:\/\/gpl-love.com\/es\/producto\/wpforo-memberpress\/","title":{"rendered":"WPForo MemberPress 1.1.0"},"content":{"rendered":"<h3>WPForo MemberPress Caracteristicas<\/h3>\n<p>\u00a1Desbloquea todo el potencial de tu comunidad online con WPForo y MemberPress! WPForo, el plugin l\u00edder para foros comunitarios de WordPress, se integra a la perfecci\u00f3n con MemberPress, el plugin de membres\u00eda l\u00edder, para crear una experiencia potente e intuitiva. Con WPForo, puedes crear foros din\u00e1micos y atractivos que hagan que tus miembros regresen una y otra vez. Integra MemberPress para gestionar las membres\u00edas sin esfuerzo, ofreciendo contenido exclusivo y funciones premium a tus usuarios m\u00e1s fieles.<\/p>\n<p>Las robustas funciones de WPForo incluyen dise\u00f1os personalizables, herramientas avanzadas de moderaci\u00f3n y actualizaciones en tiempo real, lo que garantiza que tu foro sea din\u00e1mico e interactivo. Comb\u00ednalo con MemberPress y podr\u00e1s controlar f\u00e1cilmente el acceso a las diferentes secciones del foro seg\u00fan los niveles de membres\u00eda, impulsando la participaci\u00f3n y monetizando tu contenido.<\/p>\n<p>Tanto si gestionas una comunidad peque\u00f1a como una gran red, WPForo y MemberPress te ofrecen las herramientas que necesitas para alcanzar el \u00e9xito. Mejora la membres\u00eda.<\/p>\n<ul>\n<li>Integraci\u00f3n perfecta con WPForo y MemberPress<\/li>\n<li>Sistema unificado de registro e inicio de sesi\u00f3n de usuarios<\/li>\n<li>Sincronizaci\u00f3n de perfiles de usuario en ambas plataformas<\/li>\n<li>Admite roles y permisos de usuario personalizados<\/li>\n<li>Acceso autom\u00e1tico al foro seg\u00fan el nivel de membres\u00eda<\/li>\n<li>Seguridad mejorada con inicio de sesi\u00f3n \u00fanico (SSO)<\/li>\n<li>Insignias y t\u00edtulos de miembro personalizables<\/li>\n<li>Pasarelas de pago integradas para las cuotas de membres\u00eda<\/li>\n<li>An\u00e1lisis detallados de la actividad y la interacci\u00f3n de los miembros<\/li>\n<li>Dise\u00f1o adaptable y optimizado para dispositivos m\u00f3viles<\/li>\n<\/ul>\n","protected":false},"excerpt":{"rendered":"<p>WPForo MemberPress, la soluci\u00f3n definitiva para crear una comunidad online din\u00e1mica y gestionar membres\u00edas sin esfuerzo. Con WPForo, puedes crear foros atractivos que mantengan a tu audiencia conectada, mientras que MemberPress ofrece herramientas robustas para controlar el acceso y monetizar tu contenido. Esta integraci\u00f3n perfecta garantiza una experiencia de usuario fluida, con todas las funciones que necesitas para atraer y fidelizar miembros. \u00a1Mejora tu sitio web con WPForo MemberPress y observa c\u00f3mo tu comunidad prospera!<\/p>\n","protected":false},"featured_media":169287,"comment_status":"open","ping_status":"open","template":"","meta":[],"product_brand":[2688],"product_cat":[1214,1206,1211],"product_tag":[2335],"class_list":{"0":"post-161132","1":"product","2":"type-product","3":"status-publish","4":"has-post-thumbnail","6":"product_brand-gvectors-team","7":"product_cat-personalizacion","8":"product_cat-plugins","9":"product_cat-wordpress-plugins","10":"product_tag-gvectors-team","11":"member-discount","12":"discount-restricted","14":"first","15":"instock","16":"sale","17":"downloadable","18":"virtual","19":"sold-individually","20":"purchasable","21":"product-type-simple"},"_links":{"self":[{"href":"https:\/\/gpl-love.com\/es\/wp-json\/wp\/v2\/product\/161132","targetHints":{"allow":["GET"]}}],"collection":[{"href":"https:\/\/gpl-love.com\/es\/wp-json\/wp\/v2\/product"}],"about":[{"href":"https:\/\/gpl-love.com\/es\/wp-json\/wp\/v2\/types\/product"}],"replies":[{"embeddable":true,"href":"https:\/\/gpl-love.com\/es\/wp-json\/wp\/v2\/comments?post=161132"}],"wp:featuredmedia":[{"embeddable":true,"href":"https:\/\/gpl-love.com\/es\/wp-json\/wp\/v2\/media\/169287"}],"wp:attachment":[{"href":"https:\/\/gpl-love.com\/es\/wp-json\/wp\/v2\/media?parent=161132"}],"wp:term":[{"taxonomy":"product_brand","embeddable":true,"href":"https:\/\/gpl-love.com\/es\/wp-json\/wp\/v2\/product_brand?post=161132"},{"taxonomy":"product_cat","embeddable":true,"href":"https:\/\/gpl-love.com\/es\/wp-json\/wp\/v2\/product_cat?post=161132"},{"taxonomy":"product_tag","embeddable":true,"href":"https:\/\/gpl-love.com\/es\/wp-json\/wp\/v2\/product_tag?post=161132"}],"curies":[{"name":"wp","href":"https:\/\/api.w.org\/{rel}","templated":true}]}}