{"id":161131,"date":"2024-09-16T00:00:00","date_gmt":"2024-09-16T05:00:00","guid":{"rendered":"https:\/\/gpl-love.com\/es\/producto\/wpforo-groups\/"},"modified":"2026-03-09T08:48:04","modified_gmt":"2026-03-09T13:48:04","slug":"wpforo-groups","status":"publish","type":"product","link":"https:\/\/gpl-love.com\/es\/producto\/wpforo-groups\/","title":{"rendered":"WPForo Groups 1.1.0"},"content":{"rendered":"<h3>WPForo Groups Caracteristicas<\/h3>\n<p>Presentamos el plugin definitivo de Grupos de WPForo: \u00a1Transforma tu comunidad online hoy mismo!<br \/>\nMejora la experiencia de tu foro online con el plugin de Grupos de WPForo, dise\u00f1ado para optimizar la interacci\u00f3n con la comunidad y la participaci\u00f3n de los usuarios. Esta potente herramienta te permite crear y gestionar grupos din\u00e1micos dentro de tu foro de WPForo, fomentando el sentido de pertenencia y la colaboraci\u00f3n entre tus miembros.<\/p>\n<ul>\n<li>Funciones mejoradas de gesti\u00f3n de grupos<\/li>\n<li>Configuraci\u00f3n de privacidad de grupo personalizable<\/li>\n<li>Interfaz intuitiva para crear y gestionar grupos<\/li>\n<li>Integraci\u00f3n perfecta con WordPress<\/li>\n<li>Configuraci\u00f3n avanzada de roles y permisos de miembros<\/li>\n<li>Notificaciones en tiempo real de las actividades del grupo<\/li>\n<li>Compatibilidad para compartir contenido multimedia dentro de los grupos<\/li>\n<li>Categorizaci\u00f3n y etiquetado flexible de grupos<\/li>\n<li>Funci\u00f3n de b\u00fasqueda de grupos integrada<\/li>\n<li>Dise\u00f1o adaptable para acceder desde dispositivos m\u00f3viles y ordenadores<\/li>\n<\/ul>\n","protected":false},"excerpt":{"rendered":"<p>\u00a1Experimenta una interacci\u00f3n comunitaria fluida con WPForo Groups! Nuestro intuitivo plugin mejora tus foros de WordPress ofreciendo funcionalidades din\u00e1micas para grupos. Crea, gestiona e interact\u00faa f\u00e1cilmente con grupos de usuarios, haciendo que tu comunidad online sea m\u00e1s din\u00e1mica y conectada. WPForo Groups ofrece s\u00f3lidas opciones de personalizaci\u00f3n, garantizando que cada grupo se adapte perfectamente a las necesidades de tu comunidad. Impulsa la interacci\u00f3n de los usuarios con funciones como discusiones grupales, roles de miembros y mensajer\u00eda directa. Perfecto para empresas, educadores y aficionados, WPForo Groups transforma tus foros en comunidades interactivas. \u00a1Descubre el poder de WPForo Groups hoy mismo y lleva tus interacciones online al siguiente nivel!<\/p>\n","protected":false},"featured_media":169286,"comment_status":"open","ping_status":"open","template":"","meta":[],"product_brand":[2688],"product_cat":[1214,1206,1211],"product_tag":[2335],"class_list":{"0":"post-161131","1":"product","2":"type-product","3":"status-publish","4":"has-post-thumbnail","6":"product_brand-gvectors-team","7":"product_cat-personalizacion","8":"product_cat-plugins","9":"product_cat-wordpress-plugins","10":"product_tag-gvectors-team","11":"member-discount","12":"discount-restricted","14":"first","15":"instock","16":"sale","17":"downloadable","18":"virtual","19":"sold-individually","20":"purchasable","21":"product-type-simple"},"_links":{"self":[{"href":"https:\/\/gpl-love.com\/es\/wp-json\/wp\/v2\/product\/161131","targetHints":{"allow":["GET"]}}],"collection":[{"href":"https:\/\/gpl-love.com\/es\/wp-json\/wp\/v2\/product"}],"about":[{"href":"https:\/\/gpl-love.com\/es\/wp-json\/wp\/v2\/types\/product"}],"replies":[{"embeddable":true,"href":"https:\/\/gpl-love.com\/es\/wp-json\/wp\/v2\/comments?post=161131"}],"wp:featuredmedia":[{"embeddable":true,"href":"https:\/\/gpl-love.com\/es\/wp-json\/wp\/v2\/media\/169286"}],"wp:attachment":[{"href":"https:\/\/gpl-love.com\/es\/wp-json\/wp\/v2\/media?parent=161131"}],"wp:term":[{"taxonomy":"product_brand","embeddable":true,"href":"https:\/\/gpl-love.com\/es\/wp-json\/wp\/v2\/product_brand?post=161131"},{"taxonomy":"product_cat","embeddable":true,"href":"https:\/\/gpl-love.com\/es\/wp-json\/wp\/v2\/product_cat?post=161131"},{"taxonomy":"product_tag","embeddable":true,"href":"https:\/\/gpl-love.com\/es\/wp-json\/wp\/v2\/product_tag?post=161131"}],"curies":[{"name":"wp","href":"https:\/\/api.w.org\/{rel}","templated":true}]}}