{"id":161130,"date":"2024-09-16T00:00:00","date_gmt":"2024-09-16T05:00:00","guid":{"rendered":"https:\/\/gpl-love.com\/es\/producto\/wpforo-giphy\/"},"modified":"2026-03-09T08:48:03","modified_gmt":"2026-03-09T13:48:03","slug":"wpforo-giphy","status":"publish","type":"product","link":"https:\/\/gpl-love.com\/es\/producto\/wpforo-giphy\/","title":{"rendered":"WPForo Giphy 3.0.1"},"content":{"rendered":"<h3>WPForo Giphy Caracteristicas<\/h3>\n<p>Transforma tu comunidad online con WPForo, el plugin de foros definitivo para WordPress. WPForo se integra a la perfecci\u00f3n con Giphy, facilitando m\u00e1s que nunca la expresi\u00f3n de tus usuarios con GIF animados. Con el dise\u00f1o intuitivo y las potentes funciones de WPForo, puedes crear un foro din\u00e1mico y atractivo que mantenga a tu comunidad activa y conectada.<\/p>\n<p>Mejora las discusiones de tu foro a\u00f1adiendo un toque divertido y creativo con la amplia biblioteca de GIF de Giphy. Ya sea que gestiones un foro de soporte t\u00e9cnico, una comunidad de aficionados o un club de fans, WPForo y Giphy facilitan compartir emociones, reacciones e ideas visualmente.<\/p>\n<p>El dise\u00f1o responsivo de WPForo garantiza una experiencia impecable en cualquier dispositivo, mientras que sus ajustes personalizables te permiten adaptar el foro a tus necesidades espec\u00edficas. Adem\u00e1s, las potentes herramientas de moderaci\u00f3n de WPForo mantienen tu comunidad segura y organizada.<\/p>\n<p>Impulsa la participaci\u00f3n y la interacci\u00f3n de los usuarios en tu foro con WPForo y Giphy. Empieza a construir la comunidad online de tus sue\u00f1os.<\/p>\n<ul>\n<li>Integraci\u00f3n perfecta con los foros de WPForo<\/li>\n<li>Acceso a una amplia biblioteca de GIF animados de Giphy<\/li>\n<li>Funcionalidad de b\u00fasqueda f\u00e1cil de usar dentro de las publicaciones del foro<\/li>\n<li>Inserci\u00f3n de GIF en l\u00ednea para una mejor interacci\u00f3n del usuario<\/li>\n<li>Dise\u00f1o adaptable para plataformas m\u00f3viles y de escritorio<\/li>\n<li>Configuraci\u00f3n personalizable para adaptarse a la est\u00e9tica del foro<\/li>\n<li>Ligero y de carga r\u00e1pida para un rendimiento \u00f3ptimo<\/li>\n<li>Compatible con varios idiomas para usuarios de todo el mundo<\/li>\n<li>Actualizaciones y mejoras peri\u00f3dicas<\/li>\n<li>Compatible con los principales temas y plugins de WordPress<\/li>\n<\/ul>\n","protected":false},"excerpt":{"rendered":"<p>WPForo, \u00a1el plugin de foros definitivo para WordPress! Mejora tu sitio web con una integraci\u00f3n fluida y una interacci\u00f3n de usuario din\u00e1mica. WPForo ofrece funciones robustas, como dise\u00f1os personalizables, perfiles de miembros avanzados y potentes herramientas de moderaci\u00f3n. Con la integraci\u00f3n con Giphy, anima tus discusiones a\u00f1adiendo GIFs divertidos y relevantes. Perfecto para crear una comunidad online din\u00e1mica, WPForo garantiza que tu foro sea intuitivo y est\u00e9 optimizado para SEO. Atrae e informa a clientes potenciales con esta soluci\u00f3n completa y repleta de funciones, dise\u00f1ada para mejorar la interactividad y la experiencia de usuario de tu sitio web.<\/p>\n","protected":false},"featured_media":169285,"comment_status":"open","ping_status":"open","template":"","meta":[],"product_brand":[2688],"product_cat":[1214,1206,1211],"product_tag":[2335],"class_list":{"0":"post-161130","1":"product","2":"type-product","3":"status-publish","4":"has-post-thumbnail","6":"product_brand-gvectors-team","7":"product_cat-personalizacion","8":"product_cat-plugins","9":"product_cat-wordpress-plugins","10":"product_tag-gvectors-team","11":"member-discount","12":"discount-restricted","14":"first","15":"instock","16":"sale","17":"downloadable","18":"virtual","19":"sold-individually","20":"purchasable","21":"product-type-simple"},"_links":{"self":[{"href":"https:\/\/gpl-love.com\/es\/wp-json\/wp\/v2\/product\/161130","targetHints":{"allow":["GET"]}}],"collection":[{"href":"https:\/\/gpl-love.com\/es\/wp-json\/wp\/v2\/product"}],"about":[{"href":"https:\/\/gpl-love.com\/es\/wp-json\/wp\/v2\/types\/product"}],"replies":[{"embeddable":true,"href":"https:\/\/gpl-love.com\/es\/wp-json\/wp\/v2\/comments?post=161130"}],"wp:featuredmedia":[{"embeddable":true,"href":"https:\/\/gpl-love.com\/es\/wp-json\/wp\/v2\/media\/169285"}],"wp:attachment":[{"href":"https:\/\/gpl-love.com\/es\/wp-json\/wp\/v2\/media?parent=161130"}],"wp:term":[{"taxonomy":"product_brand","embeddable":true,"href":"https:\/\/gpl-love.com\/es\/wp-json\/wp\/v2\/product_brand?post=161130"},{"taxonomy":"product_cat","embeddable":true,"href":"https:\/\/gpl-love.com\/es\/wp-json\/wp\/v2\/product_cat?post=161130"},{"taxonomy":"product_tag","embeddable":true,"href":"https:\/\/gpl-love.com\/es\/wp-json\/wp\/v2\/product_tag?post=161130"}],"curies":[{"name":"wp","href":"https:\/\/api.w.org\/{rel}","templated":true}]}}