{"id":161129,"date":"2024-09-16T00:00:00","date_gmt":"2024-09-16T05:00:00","guid":{"rendered":"https:\/\/gpl-love.com\/es\/producto\/wpforo-emoticons\/"},"modified":"2026-03-09T08:48:02","modified_gmt":"2026-03-09T13:48:02","slug":"wpforo-emoticons","status":"publish","type":"product","link":"https:\/\/gpl-love.com\/es\/producto\/wpforo-emoticons\/","title":{"rendered":"WPForo Emoticons 3.0.1"},"content":{"rendered":"<h3>WPForo Emoticons Caracteristicas<\/h3>\n<p>\u00a1Transforma las interacciones de tu foro con los Emoticonos de WPForo! Dise\u00f1ados para enriquecer la interacci\u00f3n del usuario, los Emoticonos de WPForo a\u00f1aden un toque divertido y expresivo a tu sitio web con tecnolog\u00eda WPForo. Ya sea que busques transmitir emociones, reacciones o simplemente a\u00f1adir un toque de estilo a tus publicaciones, estos emoticonos son la soluci\u00f3n perfecta.<\/p>\n<p>Perfectamente integrado con WPForo, nuestro plugin de emoticonos garantiza una experiencia fluida e intuitiva. Es incre\u00edblemente f\u00e1cil de instalar y personalizar, permiti\u00e9ndote elegir entre una amplia gama de emoticonos que se adaptan al estilo \u00fanico de tu comunidad. Desde caritas felices hasta pulgares arriba, nuestra extensa colecci\u00f3n cubre todas tus necesidades emotivas.<\/p>\n<p>Los Emoticonos de WPForo no solo mejoran la comunicaci\u00f3n, sino que tambi\u00e9n impulsan la interacci\u00f3n del usuario. Al ofrecer una forma visual de expresar sentimientos, fomenta conversaciones m\u00e1s atractivas y din\u00e1micas. Adem\u00e1s, es totalmente responsivo, lo que garantiza que tus emoticonos se vean geniales en cualquier dispositivo.<\/p>\n<ul>\n<li>Amplia variedad de emoticones para expresar diferentes emociones<\/li>\n<li>Calidad de imagen de alta resoluci\u00f3n para una visibilidad n\u00edtida<\/li>\n<li>Compatible con el plugin de foro WPForo<\/li>\n<li>F\u00e1cil integraci\u00f3n e instalaci\u00f3n<\/li>\n<li>Conjuntos de emoticones personalizables<\/li>\n<li>Actualizaciones peri\u00f3dicas con nuevos emoticones<\/li>\n<li>Ligero y de carga r\u00e1pida<\/li>\n<li>Interfaz intuitiva para una selecci\u00f3n sencilla<\/li>\n<li>Dise\u00f1o adaptable y optimizado para dispositivos m\u00f3viles<\/li>\n<li>Compatible con los principales navegadores web<\/li>\n<\/ul>\n","protected":false},"excerpt":{"rendered":"<p>\u00a1Mejora tus interacciones en el foro con WPForo Emoticons! Este plugin din\u00e1mico aporta una vibrante variedad de emoticonos a tus foros de WPForo, haciendo que las conversaciones sean m\u00e1s atractivas y expresivas. Con una instalaci\u00f3n sencilla y una integraci\u00f3n perfecta, WPForo Emoticons permite a los usuarios a\u00f1adir f\u00e1cilmente un toque divertido y personal a sus publicaciones. Ideal para impulsar la participaci\u00f3n de los usuarios y crear una comunidad din\u00e1mica, WPForo Emoticons es el complemento perfecto para cualquier foro de WPForo. \u00a1Pru\u00e9balo hoy y transforma tu experiencia en el foro!<\/p>\n","protected":false},"featured_media":169284,"comment_status":"open","ping_status":"open","template":"","meta":[],"product_brand":[2688],"product_cat":[1214,1206,1211],"product_tag":[2335],"class_list":{"0":"post-161129","1":"product","2":"type-product","3":"status-publish","4":"has-post-thumbnail","6":"product_brand-gvectors-team","7":"product_cat-personalizacion","8":"product_cat-plugins","9":"product_cat-wordpress-plugins","10":"product_tag-gvectors-team","11":"member-discount","12":"discount-restricted","14":"first","15":"instock","16":"sale","17":"downloadable","18":"virtual","19":"sold-individually","20":"purchasable","21":"product-type-simple"},"_links":{"self":[{"href":"https:\/\/gpl-love.com\/es\/wp-json\/wp\/v2\/product\/161129","targetHints":{"allow":["GET"]}}],"collection":[{"href":"https:\/\/gpl-love.com\/es\/wp-json\/wp\/v2\/product"}],"about":[{"href":"https:\/\/gpl-love.com\/es\/wp-json\/wp\/v2\/types\/product"}],"replies":[{"embeddable":true,"href":"https:\/\/gpl-love.com\/es\/wp-json\/wp\/v2\/comments?post=161129"}],"wp:featuredmedia":[{"embeddable":true,"href":"https:\/\/gpl-love.com\/es\/wp-json\/wp\/v2\/media\/169284"}],"wp:attachment":[{"href":"https:\/\/gpl-love.com\/es\/wp-json\/wp\/v2\/media?parent=161129"}],"wp:term":[{"taxonomy":"product_brand","embeddable":true,"href":"https:\/\/gpl-love.com\/es\/wp-json\/wp\/v2\/product_brand?post=161129"},{"taxonomy":"product_cat","embeddable":true,"href":"https:\/\/gpl-love.com\/es\/wp-json\/wp\/v2\/product_cat?post=161129"},{"taxonomy":"product_tag","embeddable":true,"href":"https:\/\/gpl-love.com\/es\/wp-json\/wp\/v2\/product_tag?post=161129"}],"curies":[{"name":"wp","href":"https:\/\/api.w.org\/{rel}","templated":true}]}}