{"id":161128,"date":"2025-04-11T00:00:00","date_gmt":"2025-04-11T05:00:00","guid":{"rendered":"https:\/\/gpl-love.com\/es\/producto\/wpforo-user-custom-fields\/"},"modified":"2026-03-09T08:47:50","modified_gmt":"2026-03-09T13:47:50","slug":"wpforo-user-custom-fields","status":"publish","type":"product","link":"https:\/\/gpl-love.com\/es\/producto\/wpforo-user-custom-fields\/","title":{"rendered":"WPForo User Custom Fields 3.2.7"},"content":{"rendered":"<h3>WPForo User Custom Fields Caracteristicas<\/h3>\n<p>Transforma tu comunidad online con los Campos Personalizados de Usuario de WPForo, la soluci\u00f3n definitiva para experiencias de usuario personalizadas en tu foro. WPForo, conocido por sus robustas funciones para foros, ahora lleva la personalizaci\u00f3n a un nuevo nivel. Con los Campos Personalizados de Usuario, los administradores pueden crear campos \u00fanicos para capturar informaci\u00f3n esencial adaptada a las necesidades de su foro.<\/p>\n<p>Mejora los perfiles de usuario con campos personalizados que recopilan detalles como intereses, experiencia e informaci\u00f3n de contacto. Ya sea que gestiones un foro de soporte t\u00e9cnico, una comunidad de aficionados o cualquier otro espacio de encuentro online, estos campos personalizados ofrecen una flexibilidad inigualable. Los usuarios apreciar\u00e1n el toque personalizado, que fomenta un sentido de pertenencia y participaci\u00f3n.<\/p>\n<p>Implementar los Campos Personalizados de Usuario de WPForo es sencillo e intuitivo. Con solo unos clics, los administradores del foro pueden a\u00f1adir, editar o eliminar campos y clasificarlos como obligatorios u opcionales. Esta funci\u00f3n se integra a la perfecci\u00f3n con la estructura existente de WPForo, garantizando una experiencia de usuario fluida.<\/p>\n<p>Impulsa la participaci\u00f3n y la satisfacci\u00f3n de los usuarios en tu foro con los Campos Personalizados de Usuario de WPForo.<\/p>\n<ul>\n<li>Perfiles de usuario personalizables<\/li>\n<li>Compatibilidad con varios tipos de campos (texto, desplegable, casilla de verificaci\u00f3n, etc.)<\/li>\n<li>Editor de campos f\u00e1cil de usar con funci\u00f3n de arrastrar y soltar<\/li>\n<li>Integraci\u00f3n con foros de WPForo<\/li>\n<li>Visualizaci\u00f3n de campos condicional seg\u00fan roles de usuario<\/li>\n<li>Opciones de agrupaci\u00f3n y categorizaci\u00f3n de campos<\/li>\n<li>Compatibilidad con WooCommerce y BuddyPress<\/li>\n<li>Gesti\u00f3n de campos front-end y back-end<\/li>\n<li>Exportaci\u00f3n e importaci\u00f3n de datos<\/li>\n<li>Compatibilidad con varios idiomas<\/li>\n<\/ul>\n","protected":false},"excerpt":{"rendered":"<p>Mejora tu experiencia en el foro con los Campos Personalizados de Usuario de WPForo. Nuestro plugin, repleto de funciones, te permite a\u00f1adir campos personalizados a los perfiles de usuario, lo que permite una interacci\u00f3n m\u00e1s personalizada y atractiva. Impulsa la participaci\u00f3n de los usuarios capturando detalles esenciales y ofreciendo una experiencia de foro personalizada. Perfecto para community managers que buscan enriquecer los perfiles de usuario f\u00e1cilmente. \u00a1Prueba hoy mismo los Campos Personalizados de Usuario de WPForo y transforma tu foro en una comunidad vibrante e interactiva!<\/p>\n","protected":false},"featured_media":169274,"comment_status":"open","ping_status":"open","template":"","meta":[],"product_brand":[2688],"product_cat":[1214,1206,1211],"product_tag":[2335],"class_list":{"0":"post-161128","1":"product","2":"type-product","3":"status-publish","4":"has-post-thumbnail","6":"product_brand-gvectors-team","7":"product_cat-personalizacion","8":"product_cat-plugins","9":"product_cat-wordpress-plugins","10":"product_tag-gvectors-team","11":"member-discount","12":"discount-restricted","14":"first","15":"instock","16":"sale","17":"downloadable","18":"virtual","19":"sold-individually","20":"purchasable","21":"product-type-simple"},"_links":{"self":[{"href":"https:\/\/gpl-love.com\/es\/wp-json\/wp\/v2\/product\/161128","targetHints":{"allow":["GET"]}}],"collection":[{"href":"https:\/\/gpl-love.com\/es\/wp-json\/wp\/v2\/product"}],"about":[{"href":"https:\/\/gpl-love.com\/es\/wp-json\/wp\/v2\/types\/product"}],"replies":[{"embeddable":true,"href":"https:\/\/gpl-love.com\/es\/wp-json\/wp\/v2\/comments?post=161128"}],"wp:featuredmedia":[{"embeddable":true,"href":"https:\/\/gpl-love.com\/es\/wp-json\/wp\/v2\/media\/169274"}],"wp:attachment":[{"href":"https:\/\/gpl-love.com\/es\/wp-json\/wp\/v2\/media?parent=161128"}],"wp:term":[{"taxonomy":"product_brand","embeddable":true,"href":"https:\/\/gpl-love.com\/es\/wp-json\/wp\/v2\/product_brand?post=161128"},{"taxonomy":"product_cat","embeddable":true,"href":"https:\/\/gpl-love.com\/es\/wp-json\/wp\/v2\/product_cat?post=161128"},{"taxonomy":"product_tag","embeddable":true,"href":"https:\/\/gpl-love.com\/es\/wp-json\/wp\/v2\/product_tag?post=161128"}],"curies":[{"name":"wp","href":"https:\/\/api.w.org\/{rel}","templated":true}]}}