{"id":161127,"date":"2024-09-16T00:00:00","date_gmt":"2024-09-16T05:00:00","guid":{"rendered":"https:\/\/gpl-love.com\/es\/producto\/wpforo-voice-posting\/"},"modified":"2026-03-09T08:47:49","modified_gmt":"2026-03-09T13:47:49","slug":"wpforo-voice-posting","status":"publish","type":"product","link":"https:\/\/gpl-love.com\/es\/producto\/wpforo-voice-posting\/","title":{"rendered":"WPForo Voice Posting 3.0.0"},"content":{"rendered":"<h3>WPForo Voice Posting Caracteristicas<\/h3>\n<p>Presentamos WPForo Voice Posting: \u00a1la soluci\u00f3n definitiva para debates interactivos y atractivos en la comunidad! Mejora tu experiencia en el foro con nuestra innovadora funci\u00f3n de publicaci\u00f3n por voz, perfectamente integrada en el plugin WPForo.<\/p>\n<p>Con WPForo Voice Posting, los miembros pueden compartir f\u00e1cilmente sus ideas y pensamientos con su voz natural. Esta herramienta de vanguardia transforma los foros tradicionales basados \u200b\u200ben texto, a\u00f1adiendo un toque personal, haciendo que las conversaciones sean m\u00e1s din\u00e1micas y aut\u00e9nticas. Perfecta para usuarios que prefieren hablar en lugar de escribir, fomenta la participaci\u00f3n activa y fomenta un mayor sentido de comunidad.<\/p>\n<p>Las caracter\u00edsticas clave incluyen grabaci\u00f3n de audio de alta calidad, opciones de reproducci\u00f3n sencillas y compatibilidad con los principales dispositivos. Tanto si est\u00e1s en movimiento como en tu ordenador, WPForo Voice Posting garantiza que tu voz se escuche alto y claro.<\/p>\n<p>Aumenta las tasas de participaci\u00f3n en tu foro, mejora la interacci\u00f3n de los usuarios y crea una experiencia m\u00e1s inmersiva con WPForo Voice Posting. Ideal para foros educativos, comunidades de soporte y grupos sociales, esta funci\u00f3n est\u00e1 dise\u00f1ada para que los debates en l\u00ednea sean m\u00e1s accesibles y agradables para todos.<\/p>\n<ul>\n<li>Grabaci\u00f3n de voz en tiempo real<\/li>\n<li>F\u00e1cil integraci\u00f3n con foros de WPForo<\/li>\n<li>Compatibilidad con audio de alta calidad<\/li>\n<li>Duraci\u00f3n de mensajes de voz personalizable<\/li>\n<li>Interfaz intuitiva<\/li>\n<li>Compatibilidad multiplataforma<\/li>\n<li>Datos de voz seguros y cifrados<\/li>\n<li>Compatible con varios idiomas<\/li>\n<li>Control de velocidad de reproducci\u00f3n<\/li>\n<li>Dise\u00f1o optimizado para dispositivos m\u00f3viles<\/li>\n<\/ul>\n","protected":false},"excerpt":{"rendered":"<p>WPForo Voice Posting, la soluci\u00f3n definitiva para una integraci\u00f3n fluida de voz en tus foros. Mejora la interacci\u00f3n de los usuarios con publicaciones de voz en tiempo real, haciendo que las discusiones sean m\u00e1s din\u00e1micas y atractivas. Nuestro plugin es f\u00e1cil de instalar, lo que garantiza una configuraci\u00f3n sencilla. Perfecto para foros comunitarios y grupos de soporte, WPForo Voice Posting impulsa la participaci\u00f3n y la accesibilidad de los usuarios, permitiendo a los miembros expresarse sin esfuerzo. Experimenta el futuro de la comunicaci\u00f3n en foros con WPForo Voice Posting, donde cada voz importa.<\/p>\n","protected":false},"featured_media":169273,"comment_status":"open","ping_status":"open","template":"","meta":[],"product_brand":[2688],"product_cat":[1214,1206,1211],"product_tag":[2335],"class_list":{"0":"post-161127","1":"product","2":"type-product","3":"status-publish","4":"has-post-thumbnail","6":"product_brand-gvectors-team","7":"product_cat-personalizacion","8":"product_cat-plugins","9":"product_cat-wordpress-plugins","10":"product_tag-gvectors-team","11":"member-discount","12":"discount-restricted","14":"first","15":"instock","16":"sale","17":"downloadable","18":"virtual","19":"sold-individually","20":"purchasable","21":"product-type-simple"},"_links":{"self":[{"href":"https:\/\/gpl-love.com\/es\/wp-json\/wp\/v2\/product\/161127","targetHints":{"allow":["GET"]}}],"collection":[{"href":"https:\/\/gpl-love.com\/es\/wp-json\/wp\/v2\/product"}],"about":[{"href":"https:\/\/gpl-love.com\/es\/wp-json\/wp\/v2\/types\/product"}],"replies":[{"embeddable":true,"href":"https:\/\/gpl-love.com\/es\/wp-json\/wp\/v2\/comments?post=161127"}],"wp:featuredmedia":[{"embeddable":true,"href":"https:\/\/gpl-love.com\/es\/wp-json\/wp\/v2\/media\/169273"}],"wp:attachment":[{"href":"https:\/\/gpl-love.com\/es\/wp-json\/wp\/v2\/media?parent=161127"}],"wp:term":[{"taxonomy":"product_brand","embeddable":true,"href":"https:\/\/gpl-love.com\/es\/wp-json\/wp\/v2\/product_brand?post=161127"},{"taxonomy":"product_cat","embeddable":true,"href":"https:\/\/gpl-love.com\/es\/wp-json\/wp\/v2\/product_cat?post=161127"},{"taxonomy":"product_tag","embeddable":true,"href":"https:\/\/gpl-love.com\/es\/wp-json\/wp\/v2\/product_tag?post=161127"}],"curies":[{"name":"wp","href":"https:\/\/api.w.org\/{rel}","templated":true}]}}