{"id":161126,"date":"2024-09-16T00:00:00","date_gmt":"2024-09-16T05:00:00","guid":{"rendered":"https:\/\/gpl-love.com\/es\/producto\/wpforo-woocommerce-memberships\/"},"modified":"2026-03-09T08:47:48","modified_gmt":"2026-03-09T13:47:48","slug":"wpforo-woocommerce-memberships","status":"publish","type":"product","link":"https:\/\/gpl-love.com\/es\/producto\/wpforo-woocommerce-memberships\/","title":{"rendered":"WPForo WooCommerce Memberships 3.0.1"},"content":{"rendered":"<h3>WPForo WooCommerce Memberships Caracteristicas<\/h3>\n<p>\u00a1Desbloquea todo el potencial de tu comunidad online con WPForo WooCommerce Memberships! Dise\u00f1ada para una integraci\u00f3n perfecta, nuestra soluci\u00f3n transforma tu sitio WordPress en una plataforma de membres\u00eda din\u00e1mica. Con WPForo, puedes crear contenido exclusivo, gestionar el acceso de los miembros y aumentar la interacci\u00f3n de los usuarios sin esfuerzo.<\/p>\n<p>WoCommerce Memberships te permite ofrecer planes de membres\u00eda por niveles, proporcionando a tu comunidad contenido premium y ventajas especiales. Ya sea que gestiones un servicio de suscripci\u00f3n, cursos online o un foro privado, nuestra soluci\u00f3n garantiza una experiencia fluida tanto para ti como para tus miembros.<\/p>\n<p>Las caracter\u00edsticas clave incluyen una configuraci\u00f3n sencilla, niveles de membres\u00eda personalizables y facturaci\u00f3n automatizada a trav\u00e9s de WooCommerce. Adem\u00e1s, las s\u00f3lidas funciones de foro de WPForo unen a los miembros, fomentando un sentido de pertenencia y una participaci\u00f3n activa.<\/p>\n<p>No te pierdas la oportunidad de aumentar el valor de tu sitio y la interacci\u00f3n de los usuarios. \u00a1Elige WPForo WooCommerce Memberships hoy mismo y observa c\u00f3mo tu comunidad prospera!<\/p>\n<ul>\n<li>Integraci\u00f3n perfecta con WooCommerce<\/li>\n<li>Planes de membres\u00eda personalizables<\/li>\n<li>Admite pagos recurrentes<\/li>\n<li>Acceso exclusivo a contenido para miembros<\/li>\n<li>Panel de gesti\u00f3n de membres\u00edas<\/li>\n<li>Notificaciones autom\u00e1ticas por correo electr\u00f3nico<\/li>\n<li>Opciones de precios flexibles<\/li>\n<li>Sincronizaci\u00f3n de roles de usuario<\/li>\n<li>Informes detallados de membres\u00eda<\/li>\n<li>Compatible con varias pasarelas de pago<\/li>\n<\/ul>\n","protected":false},"excerpt":{"rendered":"<p>Presentamos WPForo WooCommerce Memberships: la soluci\u00f3n definitiva para gestionar tu comunidad online y tienda online sin problemas. Este potente plugin se integra a la perfecci\u00f3n con WooCommerce, permiti\u00e9ndote crear planes de membres\u00eda exclusivos y ofrecer contenido premium a tus clientes fieles. Mejora la experiencia del usuario con foros personalizables y una gesti\u00f3n eficiente de membres\u00edas, todo en un solo lugar. Aumenta la interacci\u00f3n con tu sitio web e impulsa las ventas con WPForo WooCommerce Memberships. Perfecto para empresas que buscan optimizar sus operaciones y maximizar la retenci\u00f3n de clientes. \u00a1Empieza hoy mismo y transforma tu plataforma online!<\/p>\n","protected":false},"featured_media":169272,"comment_status":"open","ping_status":"open","template":"","meta":[],"product_brand":[2688],"product_cat":[1207,1248,1206],"product_tag":[2335],"class_list":{"0":"post-161126","1":"product","2":"type-product","3":"status-publish","4":"has-post-thumbnail","6":"product_brand-gvectors-team","7":"product_cat-comercio-electronico-plugins","8":"product_cat-personalizacion-comercio-electronico-plugins","9":"product_cat-plugins","10":"product_tag-gvectors-team","11":"member-discount","12":"discount-restricted","14":"first","15":"instock","16":"sale","17":"downloadable","18":"virtual","19":"sold-individually","20":"purchasable","21":"product-type-simple"},"_links":{"self":[{"href":"https:\/\/gpl-love.com\/es\/wp-json\/wp\/v2\/product\/161126","targetHints":{"allow":["GET"]}}],"collection":[{"href":"https:\/\/gpl-love.com\/es\/wp-json\/wp\/v2\/product"}],"about":[{"href":"https:\/\/gpl-love.com\/es\/wp-json\/wp\/v2\/types\/product"}],"replies":[{"embeddable":true,"href":"https:\/\/gpl-love.com\/es\/wp-json\/wp\/v2\/comments?post=161126"}],"wp:featuredmedia":[{"embeddable":true,"href":"https:\/\/gpl-love.com\/es\/wp-json\/wp\/v2\/media\/169272"}],"wp:attachment":[{"href":"https:\/\/gpl-love.com\/es\/wp-json\/wp\/v2\/media?parent=161126"}],"wp:term":[{"taxonomy":"product_brand","embeddable":true,"href":"https:\/\/gpl-love.com\/es\/wp-json\/wp\/v2\/product_brand?post=161126"},{"taxonomy":"product_cat","embeddable":true,"href":"https:\/\/gpl-love.com\/es\/wp-json\/wp\/v2\/product_cat?post=161126"},{"taxonomy":"product_tag","embeddable":true,"href":"https:\/\/gpl-love.com\/es\/wp-json\/wp\/v2\/product_tag?post=161126"}],"curies":[{"name":"wp","href":"https:\/\/api.w.org\/{rel}","templated":true}]}}