{"id":161125,"date":"2024-09-16T00:00:00","date_gmt":"2024-09-16T05:00:00","guid":{"rendered":"https:\/\/gpl-love.com\/es\/producto\/wpforo-advanced-reactions\/"},"modified":"2026-03-09T08:47:47","modified_gmt":"2026-03-09T13:47:47","slug":"wpforo-advanced-reactions","status":"publish","type":"product","link":"https:\/\/gpl-love.com\/es\/producto\/wpforo-advanced-reactions\/","title":{"rendered":"WPForo Advanced Reactions 3.0.0"},"content":{"rendered":"<h3>WPForo Advanced Reactions Caracteristicas<\/h3>\n<p>Presentamos WPForo Advanced Reactions, \u00a1la soluci\u00f3n definitiva para mejorar la interacci\u00f3n de los usuarios en tu foro de WordPress! Si buscas aumentar la participaci\u00f3n y construir una comunidad din\u00e1mica, este plugin es revolucionario.<\/p>\n<p>Con WPForo Advanced Reactions, tus usuarios pueden expresar sus sentimientos y opiniones mediante diversas reacciones personalizadas, m\u00e1s all\u00e1 del simple bot\u00f3n \u00abMe gusta\u00bb. Este plugin, repleto de funciones, se integra a la perfecci\u00f3n en tu foro, permitiendo a los miembros reaccionar con emojis que transmiten emociones como amor, risa, sorpresa y m\u00e1s.<\/p>\n<p>Dise\u00f1ado para entusiastas de WordPress, WPForo Advanced Reactions es f\u00e1cil de instalar y configurar, lo que lo convierte en el complemento perfecto para tu configuraci\u00f3n de WPForo. Impulsa la participaci\u00f3n de los usuarios, fomenta interacciones m\u00e1s significativas y observa c\u00f3mo tu foro prospera.<\/p>\n<ul>\n<li>Interfaz intuitiva para una interacci\u00f3n fluida<\/li>\n<li>Amplia variedad de emojis e \u00edconos de reacci\u00f3n<\/li>\n<li>Opciones de reacci\u00f3n personalizables para adaptarse a las necesidades de la comunidad<\/li>\n<li>Actualizaciones y notificaciones de reacciones en tiempo real<\/li>\n<li>Integraci\u00f3n con foros de WPForo<\/li>\n<li>Funciones de an\u00e1lisis e informes para reacciones<\/li>\n<li>Dise\u00f1o adaptable a dispositivos m\u00f3viles para acceso m\u00f3vil<\/li>\n<li>F\u00e1cil configuraci\u00f3n<\/li>\n<li>Compatibilidad con varios idiomas<\/li>\n<li>Actualizaciones peri\u00f3dicas y atenci\u00f3n al cliente<\/li>\n<\/ul>\n","protected":false},"excerpt":{"rendered":"<p>WPForo Advanced Reactions, \u00a1la herramienta definitiva para potenciar la interacci\u00f3n en tu foro! Con este plugin, los usuarios pueden expresar sus opiniones f\u00e1cilmente mediante diversas reacciones, mejorando la interacci\u00f3n y la participaci\u00f3n de la comunidad. Nuestras funciones avanzadas garantizan una integraci\u00f3n perfecta y una experiencia intuitiva. Aumenta el atractivo de tu foro y mant\u00e9n a tu audiencia conectada con WPForo Advanced Reactions. \u00a1Mejora tu foro hoy mismo y observa c\u00f3mo prospera tu comunidad!<\/p>\n","protected":false},"featured_media":169271,"comment_status":"open","ping_status":"open","template":"","meta":[],"product_brand":[2688],"product_cat":[1214,1206,1211],"product_tag":[2335],"class_list":{"0":"post-161125","1":"product","2":"type-product","3":"status-publish","4":"has-post-thumbnail","6":"product_brand-gvectors-team","7":"product_cat-personalizacion","8":"product_cat-plugins","9":"product_cat-wordpress-plugins","10":"product_tag-gvectors-team","11":"member-discount","12":"discount-restricted","14":"first","15":"instock","16":"sale","17":"downloadable","18":"virtual","19":"sold-individually","20":"purchasable","21":"product-type-simple"},"_links":{"self":[{"href":"https:\/\/gpl-love.com\/es\/wp-json\/wp\/v2\/product\/161125","targetHints":{"allow":["GET"]}}],"collection":[{"href":"https:\/\/gpl-love.com\/es\/wp-json\/wp\/v2\/product"}],"about":[{"href":"https:\/\/gpl-love.com\/es\/wp-json\/wp\/v2\/types\/product"}],"replies":[{"embeddable":true,"href":"https:\/\/gpl-love.com\/es\/wp-json\/wp\/v2\/comments?post=161125"}],"wp:featuredmedia":[{"embeddable":true,"href":"https:\/\/gpl-love.com\/es\/wp-json\/wp\/v2\/media\/169271"}],"wp:attachment":[{"href":"https:\/\/gpl-love.com\/es\/wp-json\/wp\/v2\/media?parent=161125"}],"wp:term":[{"taxonomy":"product_brand","embeddable":true,"href":"https:\/\/gpl-love.com\/es\/wp-json\/wp\/v2\/product_brand?post=161125"},{"taxonomy":"product_cat","embeddable":true,"href":"https:\/\/gpl-love.com\/es\/wp-json\/wp\/v2\/product_cat?post=161125"},{"taxonomy":"product_tag","embeddable":true,"href":"https:\/\/gpl-love.com\/es\/wp-json\/wp\/v2\/product_tag?post=161125"}],"curies":[{"name":"wp","href":"https:\/\/api.w.org\/{rel}","templated":true}]}}