{"id":161119,"date":"2026-03-21T00:00:00","date_gmt":"2026-03-21T05:00:00","guid":{"rendered":"https:\/\/gpl-love.com\/es\/producto\/admin-order-modifier-for-woocommerce\/"},"modified":"2026-03-21T17:16:24","modified_gmt":"2026-03-21T22:16:24","slug":"admin-order-modifier-for-woocommerce","status":"publish","type":"product","link":"https:\/\/gpl-love.com\/es\/producto\/admin-order-modifier-for-woocommerce\/","title":{"rendered":"Admin Order Modifier para WooCommerce 1.1.8"},"content":{"rendered":"<h3>Admin Order Modifier para WooCommerce Caracteristicas<\/h3>\n<p>Mejora las funciones del backend de tu tienda WooCommerce con el Modificador de Pedidos de Administraci\u00f3n para WooCommerce. Este potente plugin te permite modificar los pedidos de administraci\u00f3n de WooCommerce sin problemas, brind\u00e1ndote control total sobre los detalles de los pedidos. Ya sea que necesites personalizar los pedidos de administraci\u00f3n de WooCommerce para solicitudes especiales o realizar actualizaciones r\u00e1pidas, este plugin es la soluci\u00f3n ideal.<\/p>\n<p>Edita f\u00e1cilmente los pedidos de administraci\u00f3n en WooCommerce. Su interfaz intuitiva garantiza que incluso usuarios sin conocimientos t\u00e9cnicos puedan gestionar las modificaciones de los pedidos de administraci\u00f3n de WooCommerce de forma eficiente. Personaliza los detalles de los pedidos, actualiza la informaci\u00f3n de env\u00edo o ajusta las cantidades de productos directamente desde el panel de administraci\u00f3n.<\/p>\n<p>Nuestro plugin est\u00e1 dise\u00f1ado para simplificar la personalizaci\u00f3n de los pedidos de administraci\u00f3n en WooCommerce. Admite una amplia gama de cambios en los pedidos de administraci\u00f3n, lo que garantiza el correcto funcionamiento de tu tienda. El plugin de Edici\u00f3n de Pedidos de Administraci\u00f3n de WooCommerce se integra a la perfecci\u00f3n con tu configuraci\u00f3n actual, brind\u00e1ndote una experiencia fluida cada vez que necesites modificar pedidos.<\/p>\n<ul>\n<li>Integraci\u00f3n perfecta con WooCommerce<\/li>\n<li>Interfaz de administraci\u00f3n intuitiva<\/li>\n<li>Modificaci\u00f3n de pedidos en tiempo real<\/li>\n<li>Permite editar detalles de pedidos, como art\u00edculos, cantidades y precios<\/li>\n<li>Actualizaci\u00f3n de la informaci\u00f3n de env\u00edo y facturaci\u00f3n<\/li>\n<li>Rec\u00e1lculo autom\u00e1tico de totales e impuestos<\/li>\n<li>Mantenimiento del historial y registros de pedidos<\/li>\n<li>Compatibilidad con varias pasarelas de pago<\/li>\n<li>Configuraci\u00f3n y opciones personalizables<\/li>\n<\/ul>\n","protected":false},"excerpt":{"rendered":"<p>El Modificador de Pedidos de Administraci\u00f3n para WooCommerce, tu soluci\u00f3n definitiva para modificar f\u00e1cilmente los pedidos de administraci\u00f3n en WooCommerce. Edita f\u00e1cilmente los pedidos de administraci\u00f3n en WooCommerce, personal\u00edzalos y realiza cambios en los pedidos backend con facilidad. Este potente plugin de edici\u00f3n de pedidos de administraci\u00f3n te permite modificarlos y personalizarlos eficientemente. Optimiza tu flujo de trabajo con la modificaci\u00f3n de pedidos de administraci\u00f3n en WooCommerce y mantente al d\u00eda con las actualizaciones en tiempo real. \u00a1Simplifica la gesti\u00f3n de tus pedidos hoy mismo con la mejor herramienta dise\u00f1ada para la modificaci\u00f3n de pedidos de administraci\u00f3n en WooCommerce!<\/p>\n","protected":false},"featured_media":169268,"comment_status":"open","ping_status":"open","template":"","meta":[],"product_brand":[2344],"product_cat":[1208,1207,1206],"product_tag":[1423],"class_list":{"0":"post-161119","1":"product","2":"type-product","3":"status-publish","4":"has-post-thumbnail","6":"product_brand-woocommerce","7":"product_cat-administracion","8":"product_cat-comercio-electronico-plugins","9":"product_cat-plugins","10":"product_tag-woocommerce","11":"member-discount","12":"discount-restricted","14":"first","15":"instock","16":"sale","17":"downloadable","18":"virtual","19":"sold-individually","20":"purchasable","21":"product-type-simple"},"_links":{"self":[{"href":"https:\/\/gpl-love.com\/es\/wp-json\/wp\/v2\/product\/161119","targetHints":{"allow":["GET"]}}],"collection":[{"href":"https:\/\/gpl-love.com\/es\/wp-json\/wp\/v2\/product"}],"about":[{"href":"https:\/\/gpl-love.com\/es\/wp-json\/wp\/v2\/types\/product"}],"replies":[{"embeddable":true,"href":"https:\/\/gpl-love.com\/es\/wp-json\/wp\/v2\/comments?post=161119"}],"wp:featuredmedia":[{"embeddable":true,"href":"https:\/\/gpl-love.com\/es\/wp-json\/wp\/v2\/media\/169268"}],"wp:attachment":[{"href":"https:\/\/gpl-love.com\/es\/wp-json\/wp\/v2\/media?parent=161119"}],"wp:term":[{"taxonomy":"product_brand","embeddable":true,"href":"https:\/\/gpl-love.com\/es\/wp-json\/wp\/v2\/product_brand?post=161119"},{"taxonomy":"product_cat","embeddable":true,"href":"https:\/\/gpl-love.com\/es\/wp-json\/wp\/v2\/product_cat?post=161119"},{"taxonomy":"product_tag","embeddable":true,"href":"https:\/\/gpl-love.com\/es\/wp-json\/wp\/v2\/product_tag?post=161119"}],"curies":[{"name":"wp","href":"https:\/\/api.w.org\/{rel}","templated":true}]}}