{"id":159548,"date":"2025-10-17T00:00:00","date_gmt":"2025-10-17T05:00:00","guid":{"rendered":"https:\/\/gpl-love.com\/es\/producto\/jet-form-builder-hierarchical-select\/"},"modified":"2026-03-09T08:47:43","modified_gmt":"2026-03-09T13:47:43","slug":"jet-form-builder-hierarchical-select","status":"publish","type":"product","link":"https:\/\/gpl-love.com\/es\/producto\/jet-form-builder-hierarchical-select\/","title":{"rendered":"Jet Form Builder Hierarchical Select 1.0.7"},"content":{"rendered":"<h3>Jet Form Builder Hierarchical Select Caracteristicas<\/h3>\n<p>Descubra el poder de JetFormBuilder Hierarchical Select, la soluci\u00f3n definitiva para crear formularios din\u00e1micos e interactivos en su sitio web. Dise\u00f1ada pensando en la experiencia del usuario, esta innovadora herramienta le permite crear formularios sofisticados con facilidad, lo que la hace perfecta tanto para principiantes como para profesionales.<\/p>\n<p>Con JetFormBuilder Hierarchical Select, puede crear men\u00fas desplegables multinivel integrados que optimizan la navegaci\u00f3n y la precisi\u00f3n de la recopilaci\u00f3n de datos. Esta funci\u00f3n es ideal para categorizar las opciones, garantizando que los usuarios encuentren exactamente lo que necesitan sin complicaciones.<\/p>\n<p>Al integrar JetFormBuilder Hierarchical Select en su sitio web, podr\u00e1 disfrutar de un dise\u00f1o responsivo y optimizado para dispositivos m\u00f3viles que funciona a la perfecci\u00f3n en todos los dispositivos. La interfaz intuitiva garantiza una personalizaci\u00f3n sencilla, mientras que las funciones avanzadas, como la l\u00f3gica condicional y las actualizaciones en tiempo real, hacen que sus formularios sean m\u00e1s din\u00e1micos y atractivos.<\/p>\n<p>Mejore la funcionalidad de su sitio web y la interacci\u00f3n del usuario con JetFormBuilder Hierarchical Select. Ya sea que est\u00e9 creando formularios de contacto, encuestas o formularios de registro, esta potente herramienta le ofrece todo lo que necesita para ofrecer una experiencia de usuario superior.<\/p>\n<ul>\n<li>Men\u00fas desplegables jer\u00e1rquicos din\u00e1micos<\/li>\n<li>Integraci\u00f3n perfecta con JetFormBuilder<\/li>\n<li>Opciones de selecci\u00f3n multinivel<\/li>\n<li>Interfaz intuitiva<\/li>\n<li>Dise\u00f1o personalizable<\/li>\n<li>Compatibilidad con l\u00f3gica condicional<\/li>\n<li>Carga basada en AJAX para un rendimiento r\u00e1pido<\/li>\n<li>Compatible con el editor Gutenberg<\/li>\n<li>Responsivo y optimizado para dispositivos m\u00f3viles<\/li>\n<li>Amplia documentaci\u00f3n y soporte<\/li>\n<\/ul>\n","protected":false},"excerpt":{"rendered":"<p>Presentamos JetFormBuilder Hierarchical Select, la soluci\u00f3n definitiva para la creaci\u00f3n din\u00e1mica de formularios. Esta potente herramienta le permite crear formularios jer\u00e1rquicos sin esfuerzo, optimizando la entrada de datos del usuario y mejorando la precisi\u00f3n de los datos. Perfecto para la recopilaci\u00f3n de datos complejos, JetFormBuilder Hierarchical Select ofrece una flexibilidad y personalizaci\u00f3n inigualables. Disfrute de una integraci\u00f3n perfecta, una interfaz intuitiva y funciones avanzadas dise\u00f1adas para impulsar la productividad. Transforme su experiencia de creaci\u00f3n de formularios con JetFormBuilder Hierarchical Select y vea c\u00f3mo su eficiencia se dispara.<\/p>\n","protected":false},"featured_media":169267,"comment_status":"open","ping_status":"open","template":"","meta":[],"product_brand":[2480],"product_cat":[1216,1206,1211],"product_tag":[2276],"class_list":{"0":"post-159548","1":"product","2":"type-product","3":"status-publish","4":"has-post-thumbnail","6":"product_brand-crocoblock","7":"product_cat-formas","8":"product_cat-plugins","9":"product_cat-wordpress-plugins","10":"product_tag-crocoblock","11":"member-discount","12":"discount-restricted","14":"first","15":"instock","16":"sale","17":"downloadable","18":"virtual","19":"sold-individually","20":"purchasable","21":"product-type-simple"},"_links":{"self":[{"href":"https:\/\/gpl-love.com\/es\/wp-json\/wp\/v2\/product\/159548","targetHints":{"allow":["GET"]}}],"collection":[{"href":"https:\/\/gpl-love.com\/es\/wp-json\/wp\/v2\/product"}],"about":[{"href":"https:\/\/gpl-love.com\/es\/wp-json\/wp\/v2\/types\/product"}],"replies":[{"embeddable":true,"href":"https:\/\/gpl-love.com\/es\/wp-json\/wp\/v2\/comments?post=159548"}],"wp:featuredmedia":[{"embeddable":true,"href":"https:\/\/gpl-love.com\/es\/wp-json\/wp\/v2\/media\/169267"}],"wp:attachment":[{"href":"https:\/\/gpl-love.com\/es\/wp-json\/wp\/v2\/media?parent=159548"}],"wp:term":[{"taxonomy":"product_brand","embeddable":true,"href":"https:\/\/gpl-love.com\/es\/wp-json\/wp\/v2\/product_brand?post=159548"},{"taxonomy":"product_cat","embeddable":true,"href":"https:\/\/gpl-love.com\/es\/wp-json\/wp\/v2\/product_cat?post=159548"},{"taxonomy":"product_tag","embeddable":true,"href":"https:\/\/gpl-love.com\/es\/wp-json\/wp\/v2\/product_tag?post=159548"}],"curies":[{"name":"wp","href":"https:\/\/api.w.org\/{rel}","templated":true}]}}