{"id":159546,"date":"2024-07-06T00:00:00","date_gmt":"2024-07-06T05:00:00","guid":{"rendered":"https:\/\/gpl-love.com\/es\/producto\/jet-form-builder-address-autocomplete\/"},"modified":"2026-03-09T08:47:41","modified_gmt":"2026-03-09T13:47:41","slug":"jet-form-builder-address-autocomplete","status":"publish","type":"product","link":"https:\/\/gpl-love.com\/es\/producto\/jet-form-builder-address-autocomplete\/","title":{"rendered":"Jet Form Builder Address Autocomplete 1.0.10"},"content":{"rendered":"<h3>Jet Form Builder Address Autocomplete Caracteristicas<\/h3>\n<p>Completa formularios de forma fluida con el plugin JetFormBuilder Address Autocomplete. Dise\u00f1ada para mejorar la experiencia del usuario, esta potente funci\u00f3n sugiere direcciones f\u00e1cilmente a medida que los usuarios escriben, reduciendo errores y agilizando el proceso de llenado. Tanto si est\u00e1s creando un nuevo sitio web como mejorando uno existente, nuestro completo tutorial de JetFormBuilder Address Autocomplete te guiar\u00e1 en cada paso del proceso.<\/p>\n<p>\u00bfTe preguntas c\u00f3mo usar JetFormBuilder Address Autocomplete? Nuestra gu\u00eda detallada lo abarca todo, desde la configuraci\u00f3n inicial hasta la configuraci\u00f3n avanzada. La integraci\u00f3n es muy sencilla, lo que te permite a\u00f1adir esta funci\u00f3n a tus formularios sin complicaciones. Disfruta de las numerosas ventajas de JetFormBuilder Address Autocomplete, incluyendo mayor precisi\u00f3n y satisfacci\u00f3n del usuario.<\/p>\n<p>Para una gu\u00eda completa, nuestras instrucciones de configuraci\u00f3n de JetFormBuilder Address Autocomplete te garantizan que lo har\u00e1s correctamente a la primera. Explora todo el potencial de esta herramienta con nuestros consejos y trucos de integraci\u00f3n de JetFormBuilder Address Autocomplete. Optimiza tus formularios con nuestra intuitiva gu\u00eda de configuraci\u00f3n de JetFormBuilder Address Autocomplete, que ofrece asistencia paso a paso.<\/p>\n<ul>\n<li>Integraci\u00f3n perfecta con JetFormBuilder<\/li>\n<li>Sugerencias de direcciones en tiempo real<\/li>\n<li>Reduce los errores de entrada y agiliza la finalizaci\u00f3n del formulario<\/li>\n<li>Compatible con m\u00faltiples formatos de direcciones<\/li>\n<li>Configuraci\u00f3n de autocompletado personalizable<\/li>\n<li>Compatible con diversas bases de datos de direcciones globales<\/li>\n<li>F\u00e1cil de instalar y configurar<\/li>\n<li>Mejora la experiencia del usuario con una interfaz intuitiva<\/li>\n<li>Dise\u00f1o optimizado para dispositivos m\u00f3viles<\/li>\n<li>Actualizaciones y soporte t\u00e9cnico regulares<\/li>\n<\/ul>\n","protected":false},"excerpt":{"rendered":"<p>Presentamos el plugin JetFormBuilder Address Autocomplete, \u00a1la soluci\u00f3n definitiva para rellenar formularios sin problemas! Esta potente funci\u00f3n mejora la experiencia del usuario al predecir y completar las direcciones en tiempo real. Descubra c\u00f3mo usar JetFormBuilder Address Autocomplete con nuestro completo tutorial y gu\u00eda de configuraci\u00f3n. Benef\u00edciese de una integraci\u00f3n sencilla y una configuraci\u00f3n paso a paso para optimizar sus formularios. Explore todo el potencial de JetFormBuilder Address Autocomplete y sus innumerables ventajas en nuestra gu\u00eda detallada. \u00a1Simplifique hoy mismo su proceso de creaci\u00f3n de formularios con el plugin JetFormBuilder Address Autocomplete!<\/p>\n","protected":false},"featured_media":169266,"comment_status":"open","ping_status":"open","template":"","meta":[],"product_brand":[2480],"product_cat":[1216,1206,1211],"product_tag":[2276],"class_list":{"0":"post-159546","1":"product","2":"type-product","3":"status-publish","4":"has-post-thumbnail","6":"product_brand-crocoblock","7":"product_cat-formas","8":"product_cat-plugins","9":"product_cat-wordpress-plugins","10":"product_tag-crocoblock","11":"member-discount","12":"discount-restricted","14":"first","15":"instock","16":"sale","17":"downloadable","18":"virtual","19":"sold-individually","20":"purchasable","21":"product-type-simple"},"_links":{"self":[{"href":"https:\/\/gpl-love.com\/es\/wp-json\/wp\/v2\/product\/159546","targetHints":{"allow":["GET"]}}],"collection":[{"href":"https:\/\/gpl-love.com\/es\/wp-json\/wp\/v2\/product"}],"about":[{"href":"https:\/\/gpl-love.com\/es\/wp-json\/wp\/v2\/types\/product"}],"replies":[{"embeddable":true,"href":"https:\/\/gpl-love.com\/es\/wp-json\/wp\/v2\/comments?post=159546"}],"wp:featuredmedia":[{"embeddable":true,"href":"https:\/\/gpl-love.com\/es\/wp-json\/wp\/v2\/media\/169266"}],"wp:attachment":[{"href":"https:\/\/gpl-love.com\/es\/wp-json\/wp\/v2\/media?parent=159546"}],"wp:term":[{"taxonomy":"product_brand","embeddable":true,"href":"https:\/\/gpl-love.com\/es\/wp-json\/wp\/v2\/product_brand?post=159546"},{"taxonomy":"product_cat","embeddable":true,"href":"https:\/\/gpl-love.com\/es\/wp-json\/wp\/v2\/product_cat?post=159546"},{"taxonomy":"product_tag","embeddable":true,"href":"https:\/\/gpl-love.com\/es\/wp-json\/wp\/v2\/product_tag?post=159546"}],"curies":[{"name":"wp","href":"https:\/\/api.w.org\/{rel}","templated":true}]}}