{"id":159544,"date":"2025-09-25T00:00:00","date_gmt":"2025-09-25T05:00:00","guid":{"rendered":"https:\/\/gpl-love.com\/es\/producto\/jet-form-builder-save-form-progress\/"},"modified":"2026-03-09T08:47:40","modified_gmt":"2026-03-09T13:47:40","slug":"jet-form-builder-save-form-progress","status":"publish","type":"product","link":"https:\/\/gpl-love.com\/es\/producto\/jet-form-builder-save-form-progress\/","title":{"rendered":"Jet Form Builder Save Form Progress 1.0.11"},"content":{"rendered":"<h3>Jet Form Builder Save Form Progress Caracteristicas<\/h3>\n<p>Presentamos la funci\u00f3n Guardar Progreso de Formulario de JetFormBuilder: \u00a1La soluci\u00f3n definitiva para completar formularios sin problemas!<\/p>\n<p>\u00bfAlguna vez te encuentras a mitad de camino rellenando un formulario y pierdes todo el progreso debido a una interrupci\u00f3n inesperada? Dile adi\u00f3s a esa frustraci\u00f3n con la funci\u00f3n Guardar Progreso de Formulario de JetFormBuilder. Esta innovadora herramienta est\u00e1 dise\u00f1ada para que los usuarios guarden f\u00e1cilmente los datos de sus formularios y puedan volver a completarlos cuando les resulte conveniente.<\/p>\n<p>La funci\u00f3n Guardar Progreso de Formulario de JetFormBuilder garantiza que no se pierdan datos, lo que proporciona una experiencia de llenado fluida y sin estr\u00e9s. Esta funci\u00f3n es perfecta para formularios largos o complejos, ya que permite a los usuarios pausar y reanudar sin tener que empezar de nuevo. Ya sea que est\u00e9s recopilando informaci\u00f3n detallada de tus clientes o realizando encuestas exhaustivas, JetFormBuilder te tiene cubierto.<\/p>\n<ul>\n<li>Permite a los usuarios guardar el progreso del formulario y reanudarlo m\u00e1s tarde.<\/li>\n<li>Compatible con formularios de JetFormBuilder.<\/li>\n<li>Interfaz intuitiva para guardar formularios f\u00e1cilmente.<\/li>\n<li>Admite m\u00faltiples tipos de formularios y campos.<\/li>\n<li>Garantiza la seguridad y privacidad de los datos.<\/li>\n<li>Ofrece opciones personalizables para guardar y continuar.<\/li>\n<li>Se integra perfectamente con sitios web de WordPress.<\/li>\n<li>Ofrece la funci\u00f3n de guardado autom\u00e1tico.<\/li>\n<li>Reduce las tasas de abandono de formularios.<\/li>\n<li>Mejora la experiencia y la satisfacci\u00f3n del usuario.<\/li>\n<\/ul>\n","protected":false},"excerpt":{"rendered":"<p>Presentamos JetFormBuilder, la soluci\u00f3n definitiva para guardar el progreso de sus formularios sin esfuerzo. Con JetFormBuilder, los usuarios pueden pausar y reanudar el env\u00edo de formularios cuando les resulte conveniente, garantizando una experiencia fluida. Esta potente herramienta destaca sus caracter\u00edsticas y beneficios clave, como el almacenamiento de datos en tiempo real, una interfaz intuitiva y una mayor productividad. Atraiga e informe a sus clientes potenciales con un generador de formularios confiable que simplifica el proceso, reduce el abandono de formularios e impulsa las conversiones. \u00a1Descubra la eficiencia inigualable de JetFormBuilder hoy mismo!<\/p>\n","protected":false},"featured_media":169265,"comment_status":"open","ping_status":"open","template":"","meta":[],"product_brand":[2480],"product_cat":[1216,1206,1211],"product_tag":[2276],"class_list":{"0":"post-159544","1":"product","2":"type-product","3":"status-publish","4":"has-post-thumbnail","6":"product_brand-crocoblock","7":"product_cat-formas","8":"product_cat-plugins","9":"product_cat-wordpress-plugins","10":"product_tag-crocoblock","11":"member-discount","12":"discount-restricted","14":"first","15":"instock","16":"sale","17":"downloadable","18":"virtual","19":"sold-individually","20":"purchasable","21":"product-type-simple"},"_links":{"self":[{"href":"https:\/\/gpl-love.com\/es\/wp-json\/wp\/v2\/product\/159544","targetHints":{"allow":["GET"]}}],"collection":[{"href":"https:\/\/gpl-love.com\/es\/wp-json\/wp\/v2\/product"}],"about":[{"href":"https:\/\/gpl-love.com\/es\/wp-json\/wp\/v2\/types\/product"}],"replies":[{"embeddable":true,"href":"https:\/\/gpl-love.com\/es\/wp-json\/wp\/v2\/comments?post=159544"}],"wp:featuredmedia":[{"embeddable":true,"href":"https:\/\/gpl-love.com\/es\/wp-json\/wp\/v2\/media\/169265"}],"wp:attachment":[{"href":"https:\/\/gpl-love.com\/es\/wp-json\/wp\/v2\/media?parent=159544"}],"wp:term":[{"taxonomy":"product_brand","embeddable":true,"href":"https:\/\/gpl-love.com\/es\/wp-json\/wp\/v2\/product_brand?post=159544"},{"taxonomy":"product_cat","embeddable":true,"href":"https:\/\/gpl-love.com\/es\/wp-json\/wp\/v2\/product_cat?post=159544"},{"taxonomy":"product_tag","embeddable":true,"href":"https:\/\/gpl-love.com\/es\/wp-json\/wp\/v2\/product_tag?post=159544"}],"curies":[{"name":"wp","href":"https:\/\/api.w.org\/{rel}","templated":true}]}}