{"id":159540,"date":"2024-08-17T00:00:00","date_gmt":"2024-08-17T05:00:00","guid":{"rendered":"https:\/\/gpl-love.com\/es\/producto\/jet-form-builder-mailpoet-action\/"},"modified":"2026-03-09T08:47:38","modified_gmt":"2026-03-09T13:47:38","slug":"jet-form-builder-mailpoet-action","status":"publish","type":"product","link":"https:\/\/gpl-love.com\/es\/producto\/jet-form-builder-mailpoet-action\/","title":{"rendered":"Jet Form Builder MailPoet Action 1.0.6"},"content":{"rendered":"<h3>Jet Form Builder MailPoet Action Caracteristicas<\/h3>\n<p>\u00a1Desbloquea la automatizaci\u00f3n perfecta del email marketing con JetFormBuilder MailPoet Action! Perfectamente dise\u00f1ada para usuarios de WordPress, esta potente integraci\u00f3n te permite conectar JetFormBuilder con MailPoet sin esfuerzo para optimizar tus flujos de trabajo de email. Tanto si buscas potenciar tus campa\u00f1as de email como aumentar la interacci\u00f3n de tus usuarios, nuestra integraci\u00f3n JetFormBuilder MailPoet es la soluci\u00f3n ideal.<\/p>\n<p>Aprende a usar JetFormBuilder con MailPoet con nuestro completo tutorial. Abarca desde la configuraci\u00f3n inicial hasta la configuraci\u00f3n avanzada. \u00a1Crear\u00e1s secuencias de automatizaci\u00f3n de emails impactantes en un abrir y cerrar de ojos!<\/p>\n<p>Sigue nuestra gu\u00eda detallada de JetFormBuilder MailPoet para dominar la integraci\u00f3n y optimizar tu proceso de automatizaci\u00f3n de emails con JetFormBuilder. Optimiza tu estrategia de email marketing con JetFormBuilder MailPoet y experimenta resultados inigualables.<\/p>\n<ul>\n<li>Integraci\u00f3n perfecta con MailPoet<\/li>\n<li>Notificaciones de correo electr\u00f3nico automatizadas<\/li>\n<li>Plantillas de correo electr\u00f3nico personalizables<\/li>\n<li>F\u00e1cil de configurar<\/li>\n<li>Compatible con l\u00f3gica condicional<\/li>\n<li>Entrega de correo electr\u00f3nico en tiempo real<\/li>\n<li>Interfaz intuitiva<\/li>\n<li>Compatible con WordPress<\/li>\n<li>Registros y seguimiento detallados de correo electr\u00f3nico<\/li>\n<li>Acciones flexibles en los formularios<\/li>\n<\/ul>\n","protected":false},"excerpt":{"rendered":"<p>Presentamos JetFormBuilder MailPoet Action, tu herramienta definitiva para una automatizaci\u00f3n fluida del email marketing. Con nuestra completa integraci\u00f3n con JetFormBuilder MailPoet, puedes configurar f\u00e1cilmente flujos de trabajo potentes. \u00bfTe interesa saber c\u00f3mo usar JetFormBuilder con MailPoet? Nuestro tutorial y gu\u00eda detallados de JetFormBuilder MailPoet te lo explican. Simplifica tu email marketing con la configuraci\u00f3n eficiente de JetFormBuilder MailPoet. Optimiza tus campa\u00f1as con la automatizaci\u00f3n optimizada del email marketing de JetFormBuilder. \u00a1Descubre hoy mismo las ventajas inigualables del email marketing con JetFormBuilder MailPoet!<\/p>\n","protected":false},"featured_media":169263,"comment_status":"open","ping_status":"open","template":"","meta":[],"product_brand":[2480],"product_cat":[1216,1206,1211],"product_tag":[2276],"class_list":{"0":"post-159540","1":"product","2":"type-product","3":"status-publish","4":"has-post-thumbnail","6":"product_brand-crocoblock","7":"product_cat-formas","8":"product_cat-plugins","9":"product_cat-wordpress-plugins","10":"product_tag-crocoblock","11":"member-discount","12":"discount-restricted","14":"first","15":"instock","16":"sale","17":"downloadable","18":"virtual","19":"sold-individually","20":"purchasable","21":"product-type-simple"},"_links":{"self":[{"href":"https:\/\/gpl-love.com\/es\/wp-json\/wp\/v2\/product\/159540","targetHints":{"allow":["GET"]}}],"collection":[{"href":"https:\/\/gpl-love.com\/es\/wp-json\/wp\/v2\/product"}],"about":[{"href":"https:\/\/gpl-love.com\/es\/wp-json\/wp\/v2\/types\/product"}],"replies":[{"embeddable":true,"href":"https:\/\/gpl-love.com\/es\/wp-json\/wp\/v2\/comments?post=159540"}],"wp:featuredmedia":[{"embeddable":true,"href":"https:\/\/gpl-love.com\/es\/wp-json\/wp\/v2\/media\/169263"}],"wp:attachment":[{"href":"https:\/\/gpl-love.com\/es\/wp-json\/wp\/v2\/media?parent=159540"}],"wp:term":[{"taxonomy":"product_brand","embeddable":true,"href":"https:\/\/gpl-love.com\/es\/wp-json\/wp\/v2\/product_brand?post=159540"},{"taxonomy":"product_cat","embeddable":true,"href":"https:\/\/gpl-love.com\/es\/wp-json\/wp\/v2\/product_cat?post=159540"},{"taxonomy":"product_tag","embeddable":true,"href":"https:\/\/gpl-love.com\/es\/wp-json\/wp\/v2\/product_tag?post=159540"}],"curies":[{"name":"wp","href":"https:\/\/api.w.org\/{rel}","templated":true}]}}