{"id":159538,"date":"2026-05-02T00:00:00","date_gmt":"2026-05-02T05:00:00","guid":{"rendered":"https:\/\/gpl-love.com\/es\/producto\/jet-form-builder-woocommerce-cart-and-checkout-action\/"},"modified":"2026-05-02T23:17:05","modified_gmt":"2026-05-03T04:17:05","slug":"jet-form-builder-woocommerce-cart-and-checkout-action","status":"publish","type":"product","link":"https:\/\/gpl-love.com\/es\/producto\/jet-form-builder-woocommerce-cart-and-checkout-action\/","title":{"rendered":"Jet Form Builder WooCommerce Cart y Checkout Action 1.0.9"},"content":{"rendered":"<h3>Jet Form Builder WooCommerce Cart y Checkout Action Caracteristicas<\/h3>\n<p>Presentamos JetFormBuilder WooCommerce Cart and Checkout Action: la soluci\u00f3n definitiva para una integraci\u00f3n perfecta con WooCommerce. Con la potencia de JetFormBuilder, puedes personalizar f\u00e1cilmente los procesos de pago de WooCommerce para mejorar la experiencia del usuario e impulsar las ventas.<\/p>\n<p>Experimenta una flexibilidad inigualable con nuestra integraci\u00f3n JetFormBuilder WooCommerce. Crea formularios WooCommerce personalizados, adaptados a las necesidades \u00fanicas de tu negocio. Desde el momento en que tus clientes a\u00f1aden art\u00edculos a su carrito, la acci\u00f3n de carrito de JetFormBuilder garantiza una experiencia de compra fluida y optimizada.<\/p>\n<p>Di adi\u00f3s a las p\u00e1ginas de pago gen\u00e9ricas. Con la personalizaci\u00f3n de pago de JetFormBuilder, tienes las herramientas para transformar tu formulario de pago de WooCommerce en una obra maestra a tu medida. Nuestra soluci\u00f3n te permite personalizar el pago de WooCommerce con JetFormBuilder sin esfuerzo, haciendo que el proceso de compra sea intuitivo y atractivo.<\/p>\n<p>Tanto si buscas crear formularios WooCommerce personalizados como si buscas una personalizaci\u00f3n avanzada del formulario de pago de WooCommerce, JetFormBuilder es la respuesta.<\/p>\n<ul>\n<li>Integraci\u00f3n perfecta con WooCommerce<\/li>\n<li>Carrito de compras y acciones de pago personalizables<\/li>\n<li>Creador de arrastrar y soltar f\u00e1cil de usar<\/li>\n<li>Compatible con l\u00f3gica condicional para acciones din\u00e1micas<\/li>\n<li>Compatible con m\u00faltiples pasarelas de pago<\/li>\n<li>Vista previa en tiempo real de los cambios en el formulario<\/li>\n<li>Amplia biblioteca de plantillas predise\u00f1adas<\/li>\n<li>Opciones de campo avanzadas para experiencias de pago personalizadas<\/li>\n<li>Dise\u00f1o adaptable a dispositivos m\u00f3viles<\/li>\n<li>Documentaci\u00f3n detallada y atenci\u00f3n al cliente<\/li>\n<\/ul>\n","protected":false},"excerpt":{"rendered":"<p>Descubre la soluci\u00f3n definitiva para la personalizaci\u00f3n de tu comercio electr\u00f3nico con JetFormBuilder WooCommerce Cart and Checkout Action. Integra JetFormBuilder con WooCommerce para crear formularios personalizados y mejorar tu experiencia de pago. Personaliza tu proceso de pago en WooCommerce con JetFormBuilder, optimizando cada detalle para una experiencia de cliente m\u00e1s fluida. Nuestro creador de formularios para WooCommerce te permite personalizar tus formularios de pago, garantizando que se adapten perfectamente a las necesidades de tu negocio. Optimiza tus operaciones de comercio electr\u00f3nico con las soluciones de formularios de JetFormBuilder y optimiza tu proceso de pago y carrito en WooCommerce hoy mismo.<\/p>\n","protected":false},"featured_media":169262,"comment_status":"open","ping_status":"open","template":"","meta":[],"product_brand":[2480],"product_cat":[1207,1429,1206],"product_tag":[2276],"class_list":{"0":"post-159538","1":"product","2":"type-product","3":"status-publish","4":"has-post-thumbnail","6":"product_brand-crocoblock","7":"product_cat-comercio-electronico-plugins","8":"product_cat-formas-comercio-electronico-plugins","9":"product_cat-plugins","10":"product_tag-crocoblock","11":"member-discount","12":"discount-restricted","14":"first","15":"instock","16":"sale","17":"downloadable","18":"virtual","19":"sold-individually","20":"purchasable","21":"product-type-simple"},"_links":{"self":[{"href":"https:\/\/gpl-love.com\/es\/wp-json\/wp\/v2\/product\/159538","targetHints":{"allow":["GET"]}}],"collection":[{"href":"https:\/\/gpl-love.com\/es\/wp-json\/wp\/v2\/product"}],"about":[{"href":"https:\/\/gpl-love.com\/es\/wp-json\/wp\/v2\/types\/product"}],"replies":[{"embeddable":true,"href":"https:\/\/gpl-love.com\/es\/wp-json\/wp\/v2\/comments?post=159538"}],"wp:featuredmedia":[{"embeddable":true,"href":"https:\/\/gpl-love.com\/es\/wp-json\/wp\/v2\/media\/169262"}],"wp:attachment":[{"href":"https:\/\/gpl-love.com\/es\/wp-json\/wp\/v2\/media?parent=159538"}],"wp:term":[{"taxonomy":"product_brand","embeddable":true,"href":"https:\/\/gpl-love.com\/es\/wp-json\/wp\/v2\/product_brand?post=159538"},{"taxonomy":"product_cat","embeddable":true,"href":"https:\/\/gpl-love.com\/es\/wp-json\/wp\/v2\/product_cat?post=159538"},{"taxonomy":"product_tag","embeddable":true,"href":"https:\/\/gpl-love.com\/es\/wp-json\/wp\/v2\/product_tag?post=159538"}],"curies":[{"name":"wp","href":"https:\/\/api.w.org\/{rel}","templated":true}]}}