{"id":159534,"date":"2024-07-06T00:00:00","date_gmt":"2024-07-06T05:00:00","guid":{"rendered":"https:\/\/gpl-love.com\/es\/producto\/jet-form-builder-select-autocomplete\/"},"modified":"2026-03-09T08:47:35","modified_gmt":"2026-03-09T13:47:35","slug":"jet-form-builder-select-autocomplete","status":"publish","type":"product","link":"https:\/\/gpl-love.com\/es\/producto\/jet-form-builder-select-autocomplete\/","title":{"rendered":"Jet Form Builder Select Autocomplete 1.0.7"},"content":{"rendered":"<h3>Jet Form Builder Select Autocomplete Caracteristicas<\/h3>\n<p>Presentamos el plugin JetFormBuilder Select Autocomplete: \u00a1la soluci\u00f3n definitiva para mejorar la experiencia del usuario en sus formularios! La funci\u00f3n JetFormBuilder Select Autocomplete simplifica la entrada de datos al ofrecer sugerencias autom\u00e1ticas a los usuarios mientras escriben, agilizando el proceso y reduciendo errores.<\/p>\n<p>\u00bfQuiere saber c\u00f3mo usar JetFormBuilder Select Autocomplete? Nuestro completo tutorial le guiar\u00e1 paso a paso, desde la instalaci\u00f3n hasta el uso avanzado. La configuraci\u00f3n de JetFormBuilder Select Autocomplete es sencilla y r\u00e1pida, lo que le garantiza que podr\u00e1 empezar a disfrutar de esta potente herramienta de inmediato.<\/p>\n<p>\u00bfNecesita m\u00e1s informaci\u00f3n? Nuestra documentaci\u00f3n de JetFormBuilder Select Autocomplete ofrece informaci\u00f3n detallada sobre la configuraci\u00f3n y personalizaci\u00f3n, ayud\u00e1ndole a adaptar el plugin a sus necesidades espec\u00edficas. Si tiene alg\u00fan problema, el equipo de soporte de JetFormBuilder Select Autocomplete est\u00e1 siempre listo para ayudarle.<\/p>\n<p>Desbloquee todo el potencial de sus formularios con nuestra gu\u00eda detallada de JetFormBuilder Select Autocomplete. Tanto si es principiante como experto, este plugin est\u00e1 dise\u00f1ado para optimizar su flujo de trabajo.<\/p>\n<ul>\n<li>Opciones desplegables din\u00e1micas<\/li>\n<li>Sugerencias de b\u00fasqueda en tiempo real<\/li>\n<li>Campos de entrada personalizables<\/li>\n<li>Integraci\u00f3n perfecta con JetFormBuilder<\/li>\n<li>Compatibilidad con m\u00faltiples fuentes de datos<\/li>\n<li>F\u00e1cil configuraci\u00f3n<\/li>\n<li>Dise\u00f1o optimizado para dispositivos m\u00f3viles<\/li>\n<li>Alto rendimiento y respuesta r\u00e1pida<\/li>\n<li>Compatible con los principales navegadores<\/li>\n<li>Opciones de filtrado avanzadas<\/li>\n<\/ul>\n","protected":false},"excerpt":{"rendered":"<p>Presentamos el plugin JetFormBuilder Select Autocomplete: la soluci\u00f3n definitiva para completar formularios sin problemas. Esta potente funci\u00f3n mejora la experiencia del usuario al predecir y sugerir opciones a medida que escribe. Tanto si busca un tutorial completo como si necesita ayuda para usar JetFormBuilder Select Autocomplete eficazmente, nuestra documentaci\u00f3n y soporte detallados est\u00e1n a su disposici\u00f3n. Simplifique sus procesos de formulario con la sencilla configuraci\u00f3n de JetFormBuilder Select Autocomplete. \u00a1Descubra sus ventajas hoy mismo con nuestra gu\u00eda completa de JetFormBuilder Select Autocomplete!<\/p>\n","protected":false},"featured_media":169260,"comment_status":"open","ping_status":"open","template":"","meta":[],"product_brand":[2480],"product_cat":[1216,1206,1211],"product_tag":[2276],"class_list":{"0":"post-159534","1":"product","2":"type-product","3":"status-publish","4":"has-post-thumbnail","6":"product_brand-crocoblock","7":"product_cat-formas","8":"product_cat-plugins","9":"product_cat-wordpress-plugins","10":"product_tag-crocoblock","11":"member-discount","12":"discount-restricted","14":"first","15":"instock","16":"sale","17":"downloadable","18":"virtual","19":"sold-individually","20":"purchasable","21":"product-type-simple"},"_links":{"self":[{"href":"https:\/\/gpl-love.com\/es\/wp-json\/wp\/v2\/product\/159534","targetHints":{"allow":["GET"]}}],"collection":[{"href":"https:\/\/gpl-love.com\/es\/wp-json\/wp\/v2\/product"}],"about":[{"href":"https:\/\/gpl-love.com\/es\/wp-json\/wp\/v2\/types\/product"}],"replies":[{"embeddable":true,"href":"https:\/\/gpl-love.com\/es\/wp-json\/wp\/v2\/comments?post=159534"}],"wp:featuredmedia":[{"embeddable":true,"href":"https:\/\/gpl-love.com\/es\/wp-json\/wp\/v2\/media\/169260"}],"wp:attachment":[{"href":"https:\/\/gpl-love.com\/es\/wp-json\/wp\/v2\/media?parent=159534"}],"wp:term":[{"taxonomy":"product_brand","embeddable":true,"href":"https:\/\/gpl-love.com\/es\/wp-json\/wp\/v2\/product_brand?post=159534"},{"taxonomy":"product_cat","embeddable":true,"href":"https:\/\/gpl-love.com\/es\/wp-json\/wp\/v2\/product_cat?post=159534"},{"taxonomy":"product_tag","embeddable":true,"href":"https:\/\/gpl-love.com\/es\/wp-json\/wp\/v2\/product_tag?post=159534"}],"curies":[{"name":"wp","href":"https:\/\/api.w.org\/{rel}","templated":true}]}}