{"id":159532,"date":"2025-09-25T00:00:00","date_gmt":"2025-09-25T05:00:00","guid":{"rendered":"https:\/\/gpl-love.com\/es\/producto\/jet-form-builder-paypal-recurring-payments\/"},"modified":"2026-03-09T08:47:34","modified_gmt":"2026-03-09T13:47:34","slug":"jet-form-builder-paypal-recurring-payments","status":"publish","type":"product","link":"https:\/\/gpl-love.com\/es\/producto\/jet-form-builder-paypal-recurring-payments\/","title":{"rendered":"Jet Form Builder PayPal Recurring payments 1.1.4"},"content":{"rendered":"<h3>Jet Form Builder PayPal Recurring payments Caracteristicas<\/h3>\n<p>Presentamos JetFormBuilder PayPal Recurring Payments, la soluci\u00f3n definitiva para una gesti\u00f3n de suscripciones fluida. Simplifique sus procesos de pago con nuestra completa configuraci\u00f3n de JetFormBuilder PayPal Recurring Payments. Dise\u00f1ada para facilitar su uso, esta integraci\u00f3n le permite configurar f\u00e1cilmente los pagos recurrentes, garantizando una experiencia fluida tanto para usted como para sus clientes.<\/p>\n<p>Nuestro detallado tutorial de JetFormBuilder PayPal Recurring Payments le guiar\u00e1 paso a paso, haci\u00e9ndolo f\u00e1cil incluso para principiantes. Explore las amplias funciones de JetFormBuilder PayPal Recurring Payments que satisfacen todas sus necesidades, desde la facturaci\u00f3n automatizada hasta las transacciones seguras. Disfrute de las numerosas ventajas de JetFormBuilder PayPal Recurring Payments, como una mayor retenci\u00f3n de clientes y flujos de ingresos predecibles.<\/p>\n<p>Para una integraci\u00f3n fluida, siga nuestras instrucciones de JetFormBuilder PayPal Recurring Payments, dise\u00f1adas para que pueda empezar a usarla r\u00e1pidamente. Si necesita ayuda, nuestro equipo de soporte dedicado de JetFormBuilder PayPal Recurring Payments est\u00e1 siempre listo para ayudarle.<\/p>\n<ul>\n<li>Integraci\u00f3n fluida con PayPal<\/li>\n<li>Compatibilidad con pagos recurrentes<\/li>\n<li>Planes de suscripci\u00f3n personalizables<\/li>\n<li>Ciclos de facturaci\u00f3n automatizados<\/li>\n<li>Procesamiento seguro de pagos<\/li>\n<li>F\u00e1cil configuraci\u00f3n<\/li>\n<li>Informes detallados de transacciones<\/li>\n<li>Interfaz intuitiva<\/li>\n<li>Compatibilidad con formularios de JetFormBuilder<\/li>\n<li>Atenci\u00f3n al cliente fiable<\/li>\n<\/ul>\n","protected":false},"excerpt":{"rendered":"<p>Presentamos JetFormBuilder PayPal Recurring Payments, una soluci\u00f3n integral para gestionar tus servicios de suscripci\u00f3n de forma eficiente. Nuestra gu\u00eda completa simplifica el proceso de configuraci\u00f3n e integraci\u00f3n. Con nuestro tutorial paso a paso, dominar\u00e1s las funciones y ventajas r\u00e1pidamente. Disfruta de pagos recurrentes sin complicaciones con JetFormBuilder, con un soporte s\u00f3lido e instrucciones detalladas. Optimiza tus operaciones comerciales hoy mismo con nuestra soluci\u00f3n de pagos recurrentes de PayPal, fiable y f\u00e1cil de usar.<\/p>\n","protected":false},"featured_media":169259,"comment_status":"open","ping_status":"open","template":"","meta":[],"product_brand":[2480],"product_cat":[1207,1429,1206],"product_tag":[2276],"class_list":{"0":"post-159532","1":"product","2":"type-product","3":"status-publish","4":"has-post-thumbnail","6":"product_brand-crocoblock","7":"product_cat-comercio-electronico-plugins","8":"product_cat-formas-comercio-electronico-plugins","9":"product_cat-plugins","10":"product_tag-crocoblock","11":"member-discount","12":"discount-restricted","14":"first","15":"instock","16":"sale","17":"downloadable","18":"virtual","19":"sold-individually","20":"purchasable","21":"product-type-simple"},"_links":{"self":[{"href":"https:\/\/gpl-love.com\/es\/wp-json\/wp\/v2\/product\/159532","targetHints":{"allow":["GET"]}}],"collection":[{"href":"https:\/\/gpl-love.com\/es\/wp-json\/wp\/v2\/product"}],"about":[{"href":"https:\/\/gpl-love.com\/es\/wp-json\/wp\/v2\/types\/product"}],"replies":[{"embeddable":true,"href":"https:\/\/gpl-love.com\/es\/wp-json\/wp\/v2\/comments?post=159532"}],"wp:featuredmedia":[{"embeddable":true,"href":"https:\/\/gpl-love.com\/es\/wp-json\/wp\/v2\/media\/169259"}],"wp:attachment":[{"href":"https:\/\/gpl-love.com\/es\/wp-json\/wp\/v2\/media?parent=159532"}],"wp:term":[{"taxonomy":"product_brand","embeddable":true,"href":"https:\/\/gpl-love.com\/es\/wp-json\/wp\/v2\/product_brand?post=159532"},{"taxonomy":"product_cat","embeddable":true,"href":"https:\/\/gpl-love.com\/es\/wp-json\/wp\/v2\/product_cat?post=159532"},{"taxonomy":"product_tag","embeddable":true,"href":"https:\/\/gpl-love.com\/es\/wp-json\/wp\/v2\/product_tag?post=159532"}],"curies":[{"name":"wp","href":"https:\/\/api.w.org\/{rel}","templated":true}]}}