{"id":159530,"date":"2024-07-06T00:00:00","date_gmt":"2024-07-06T05:00:00","guid":{"rendered":"https:\/\/gpl-love.com\/es\/producto\/jet-form-builder-advanced-color-picker\/"},"modified":"2026-03-09T08:47:33","modified_gmt":"2026-03-09T13:47:33","slug":"jet-form-builder-advanced-color-picker","status":"publish","type":"product","link":"https:\/\/gpl-love.com\/es\/producto\/jet-form-builder-advanced-color-picker\/","title":{"rendered":"Jet Form Builder Advanced Color Picker 1.0.5"},"content":{"rendered":"<h3>Jet Form Builder Advanced Color Picker Caracteristicas<\/h3>\n<p>Presentamos el Selector de Color Avanzado de JetFormBuilder: la soluci\u00f3n definitiva para personalizar formularios de WordPress sin problemas. Este plugin de selecci\u00f3n de color de vanguardia para WordPress est\u00e1 dise\u00f1ado espec\u00edficamente para mejorar tu experiencia de creaci\u00f3n de formularios con JetFormBuilder.<\/p>\n<p>Con el selector de color avanzado de JetFormBuilder, puedes personalizar formularios f\u00e1cilmente con opciones que se adapten a la est\u00e9tica de tu marca. Explora la configuraci\u00f3n del selector de color de JetFormBuilder para explorar una amplia gama de opciones de color y opciones avanzadas que te permiten crear formularios visualmente atractivos.<\/p>\n<p>Nuestro selector de color intuitivo para formularios garantiza que incluso los principiantes puedan navegar y aplicar f\u00e1cilmente los colores deseados, facilitando la creaci\u00f3n de estilos. El Selector de Color Avanzado de JetFormBuilder no solo simplifica la personalizaci\u00f3n del color de los formularios de WordPress, sino que tambi\u00e9n les da un toque profesional.<\/p>\n<ul>\n<li>Paletas de colores personalizables<\/li>\n<li>Compatibilidad con el modelo de color RGBA<\/li>\n<li>Interfaz intuitiva<\/li>\n<li>Vista previa del color en tiempo real<\/li>\n<li>Opciones de entrada hexadecimal, RGB y HSL<\/li>\n<li>Seguimiento del historial de color<\/li>\n<li>Dise\u00f1o adaptable a dispositivos m\u00f3viles<\/li>\n<li>Selecci\u00f3n de color mediante arrastrar y soltar<\/li>\n<li>Integraci\u00f3n con formularios de JetFormBuilder<\/li>\n<li>Compatibilidad con varios navegadores<\/li>\n<\/ul>\n","protected":false},"excerpt":{"rendered":"<p>Presentamos el Selector de Color Avanzado de JetFormBuilder: la soluci\u00f3n definitiva para personalizar el color de los formularios de WordPress. Este selector de color intuitivo te permite personalizarlos f\u00e1cilmente con opciones de selecci\u00f3n de color. Con la configuraci\u00f3n del selector de color de JetFormBuilder, puedes acceder a opciones avanzadas de color para mejorar la est\u00e9tica de tus formularios. Este plugin de selector de color para WordPress est\u00e1 dise\u00f1ado para integrarse a la perfecci\u00f3n con JetFormBuilder, lo que facilita la creaci\u00f3n de estilos. Experimenta la potencia del selector de color avanzado de JetFormBuilder y transforma tus formularios hoy mismo.<\/p>\n","protected":false},"featured_media":169258,"comment_status":"open","ping_status":"open","template":"","meta":[],"product_brand":[2480],"product_cat":[1216,1206,1211],"product_tag":[2276],"class_list":{"0":"post-159530","1":"product","2":"type-product","3":"status-publish","4":"has-post-thumbnail","6":"product_brand-crocoblock","7":"product_cat-formas","8":"product_cat-plugins","9":"product_cat-wordpress-plugins","10":"product_tag-crocoblock","11":"member-discount","12":"discount-restricted","14":"first","15":"instock","16":"sale","17":"downloadable","18":"virtual","19":"sold-individually","20":"purchasable","21":"product-type-simple"},"_links":{"self":[{"href":"https:\/\/gpl-love.com\/es\/wp-json\/wp\/v2\/product\/159530","targetHints":{"allow":["GET"]}}],"collection":[{"href":"https:\/\/gpl-love.com\/es\/wp-json\/wp\/v2\/product"}],"about":[{"href":"https:\/\/gpl-love.com\/es\/wp-json\/wp\/v2\/types\/product"}],"replies":[{"embeddable":true,"href":"https:\/\/gpl-love.com\/es\/wp-json\/wp\/v2\/comments?post=159530"}],"wp:featuredmedia":[{"embeddable":true,"href":"https:\/\/gpl-love.com\/es\/wp-json\/wp\/v2\/media\/169258"}],"wp:attachment":[{"href":"https:\/\/gpl-love.com\/es\/wp-json\/wp\/v2\/media?parent=159530"}],"wp:term":[{"taxonomy":"product_brand","embeddable":true,"href":"https:\/\/gpl-love.com\/es\/wp-json\/wp\/v2\/product_brand?post=159530"},{"taxonomy":"product_cat","embeddable":true,"href":"https:\/\/gpl-love.com\/es\/wp-json\/wp\/v2\/product_cat?post=159530"},{"taxonomy":"product_tag","embeddable":true,"href":"https:\/\/gpl-love.com\/es\/wp-json\/wp\/v2\/product_tag?post=159530"}],"curies":[{"name":"wp","href":"https:\/\/api.w.org\/{rel}","templated":true}]}}