{"id":158295,"date":"2024-10-11T00:00:00","date_gmt":"2024-10-11T05:00:00","guid":{"rendered":"https:\/\/gpl-love.com\/es\/producto\/discounts-for-woocommerce-subscriptions\/"},"modified":"2026-03-09T08:47:28","modified_gmt":"2026-03-09T13:47:28","slug":"discounts-for-woocommerce-subscriptions","status":"publish","type":"product","link":"https:\/\/gpl-love.com\/es\/producto\/discounts-for-woocommerce-subscriptions\/","title":{"rendered":"Discounts para WooCommerce Subscriptions 3.1.2"},"content":{"rendered":"<h3>Discounts para WooCommerce Subscriptions Caracteristicas<\/h3>\n<p>\u00a1Descubre los mejores descuentos para suscripciones de WooCommerce con nuestra gu\u00eda completa! Descubre c\u00f3mo conseguir descuentos para suscripciones de WooCommerce f\u00e1cilmente y maximiza tus ahorros. En 2023, los descuentos para suscripciones de WooCommerce son m\u00e1s accesibles que nunca gracias a innovadoras estrategias de descuento y plugins f\u00e1ciles de usar.<\/p>\n<p>Descubre nuestros mejores consejos para descuentos en suscripciones de WooCommerce y aprende a implementar c\u00f3digos de descuento efectivos. Nuestro detallado tutorial te guiar\u00e1 paso a paso por el proceso de configuraci\u00f3n. Tanto si eres principiante como experto, nuestros consejos te ayudar\u00e1n a optimizar tus estrategias de descuentos para suscripciones de WooCommerce.<\/p>\n<p>\u00bfBuscas el mejor plugin para descuentos de suscripciones de WooCommerce? Te ayudamos. Nuestras recomendaciones te garantizan que encontrar\u00e1s la herramienta perfecta para gestionar tus descuentos de forma eficiente. Desde la configuraci\u00f3n inicial hasta las estrategias de descuento avanzadas, nuestra gu\u00eda es tu recurso ideal para todo lo relacionado con los descuentos de suscripciones de WooCommerce.<\/p>\n<ul>\n<li>Admite descuentos porcentuales y fijos<\/li>\n<li>Compatible con todos los planes de suscripci\u00f3n de WooCommerce<\/li>\n<li>Descuentos condicionales seg\u00fan el total del carrito o la duraci\u00f3n de la suscripci\u00f3n<\/li>\n<li>Aplica los descuentos autom\u00e1ticamente al finalizar la compra<\/li>\n<li>F\u00e1cil configuraci\u00f3n en los ajustes de WooCommerce<\/li>\n<li>Mensajes de descuento personalizables para los clientes<\/li>\n<li>Opci\u00f3n para excluir productos o categor\u00edas espec\u00edficos de los descuentos<\/li>\n<li>Funciona a la perfecci\u00f3n con otros plugins de WooCommerce<\/li>\n<li>Actualizaciones peri\u00f3dicas y soporte al cliente<\/li>\n<li>Documentaci\u00f3n detallada y gu\u00edas de usuario disponibles<\/li>\n<\/ul>\n","protected":false},"excerpt":{"rendered":"<p>\u00a1Desbloquea ahorros inigualables con nuestra gu\u00eda completa sobre descuentos para suscripciones de WooCommerce! Descubre los mejores descuentos para suscripciones de WooCommerce en 2023 y aprende a obtenerlos f\u00e1cilmente. Nuestro tutorial experto sobre descuentos para suscripciones de WooCommerce lo abarca todo, desde estrategias efectivas hasta consejos esenciales. Utiliza nuestro potente plugin de descuentos para suscripciones de WooCommerce y disfruta de una configuraci\u00f3n sencilla. \u00a1Empieza a ahorrar hoy mismo con c\u00f3digos de descuento exclusivos para suscripciones de WooCommerce y aprovecha al m\u00e1ximo tus beneficios!<\/p>\n","protected":false},"featured_media":169254,"comment_status":"open","ping_status":"open","template":"","meta":[],"product_brand":[2344],"product_cat":[1207,1248,1206],"product_tag":[1423],"class_list":{"0":"post-158295","1":"product","2":"type-product","3":"status-publish","4":"has-post-thumbnail","6":"product_brand-woocommerce","7":"product_cat-comercio-electronico-plugins","8":"product_cat-personalizacion-comercio-electronico-plugins","9":"product_cat-plugins","10":"product_tag-woocommerce","11":"member-discount","12":"discount-restricted","14":"first","15":"instock","16":"sale","17":"downloadable","18":"virtual","19":"sold-individually","20":"purchasable","21":"product-type-simple"},"_links":{"self":[{"href":"https:\/\/gpl-love.com\/es\/wp-json\/wp\/v2\/product\/158295","targetHints":{"allow":["GET"]}}],"collection":[{"href":"https:\/\/gpl-love.com\/es\/wp-json\/wp\/v2\/product"}],"about":[{"href":"https:\/\/gpl-love.com\/es\/wp-json\/wp\/v2\/types\/product"}],"replies":[{"embeddable":true,"href":"https:\/\/gpl-love.com\/es\/wp-json\/wp\/v2\/comments?post=158295"}],"wp:featuredmedia":[{"embeddable":true,"href":"https:\/\/gpl-love.com\/es\/wp-json\/wp\/v2\/media\/169254"}],"wp:attachment":[{"href":"https:\/\/gpl-love.com\/es\/wp-json\/wp\/v2\/media?parent=158295"}],"wp:term":[{"taxonomy":"product_brand","embeddable":true,"href":"https:\/\/gpl-love.com\/es\/wp-json\/wp\/v2\/product_brand?post=158295"},{"taxonomy":"product_cat","embeddable":true,"href":"https:\/\/gpl-love.com\/es\/wp-json\/wp\/v2\/product_cat?post=158295"},{"taxonomy":"product_tag","embeddable":true,"href":"https:\/\/gpl-love.com\/es\/wp-json\/wp\/v2\/product_tag?post=158295"}],"curies":[{"name":"wp","href":"https:\/\/api.w.org\/{rel}","templated":true}]}}