{"id":158294,"date":"2026-03-18T00:00:00","date_gmt":"2026-03-18T05:00:00","guid":{"rendered":"https:\/\/gpl-love.com\/es\/producto\/eventin-pro\/"},"modified":"2026-03-28T17:16:54","modified_gmt":"2026-03-28T22:16:54","slug":"eventin-pro","status":"publish","type":"product","link":"https:\/\/gpl-love.com\/es\/producto\/eventin-pro\/","title":{"rendered":"Eventin Pro 4.1.6"},"content":{"rendered":"<h3>Eventin Pro Caracteristicas<\/h3>\n<p>Maximiza la eficiencia de la gesti\u00f3n de tus eventos con Eventin Pro, la soluci\u00f3n definitiva para una planificaci\u00f3n y ejecuci\u00f3n fluidas. Dise\u00f1ado para satisfacer todas tus necesidades, Eventin Pro ofrece funciones robustas que simplifican todo el proceso, desde la venta de entradas hasta la gesti\u00f3n de asistentes.<\/p>\n<p>Eventin Pro es tu herramienta ideal para crear y gestionar eventos de cualquier tama\u00f1o con facilidad. Con su interfaz intuitiva, puedes configurar eventos en minutos, personalizar formularios de registro y gestionar las confirmaciones de asistencia sin esfuerzo. Los an\u00e1lisis avanzados proporcionan datos valiosos que te ayudan a monitorizar la asistencia y la participaci\u00f3n, garantizando as\u00ed el \u00e9xito de cada evento.<\/p>\n<p>Tanto si organizas un peque\u00f1o taller como una gran conferencia, el completo conjunto de herramientas de Eventin Pro, que incluye marketing por correo electr\u00f3nico automatizado y notificaciones en tiempo real, te garantiza estar al tanto de cada detalle. Adem\u00e1s, gracias a su integraci\u00f3n perfecta, puedes conectar Eventin Pro con tus plataformas favoritas para una experiencia a\u00fan m\u00e1s optimizada.<\/p>\n<ul>\n<li>Gesti\u00f3n de eventos fluida<\/li>\n<li>P\u00e1ginas de eventos personalizables<\/li>\n<li>Sistema de venta de entradas integrado<\/li>\n<li>Seguimiento de asistentes en tiempo real<\/li>\n<li>Notificaciones autom\u00e1ticas por correo electr\u00f3nico<\/li>\n<li>Compatibilidad con m\u00faltiples eventos<\/li>\n<li>An\u00e1lisis e informes detallados<\/li>\n<li>Interfaz optimizada para dispositivos m\u00f3viles<\/li>\n<li>F\u00e1cil integraci\u00f3n con plataformas populares<\/li>\n<\/ul>\n","protected":false},"excerpt":{"rendered":"<p>El software definitivo para la gesti\u00f3n de eventos, dise\u00f1ado para optimizar tu proceso de planificaci\u00f3n. Con Eventin Pro, puedes organizar conferencias, talleres y reuniones sociales sin esfuerzo. Entre sus funciones principales se incluyen p\u00e1ginas de eventos personalizables, venta de entradas fluida y seguimiento de asistentes en tiempo real. Disfruta de una mayor productividad y asistencia con nuestra plataforma intuitiva. Ideal para organizadores de eventos, empresas y organizaciones que buscan optimizar la coordinaci\u00f3n de sus eventos. \u00a1Impulsa el \u00e9xito de tus eventos con Eventin Pro hoy mismo!<\/p>\n","protected":false},"featured_media":169253,"comment_status":"open","ping_status":"open","template":"","meta":[],"product_brand":[2687],"product_cat":[1214,1206,1211],"product_tag":[2331],"class_list":{"0":"post-158294","1":"product","2":"type-product","3":"status-publish","4":"has-post-thumbnail","6":"product_brand-themewinter","7":"product_cat-personalizacion","8":"product_cat-plugins","9":"product_cat-wordpress-plugins","10":"product_tag-themewinter","11":"member-discount","12":"discount-restricted","14":"first","15":"instock","16":"sale","17":"downloadable","18":"virtual","19":"sold-individually","20":"purchasable","21":"product-type-simple"},"_links":{"self":[{"href":"https:\/\/gpl-love.com\/es\/wp-json\/wp\/v2\/product\/158294","targetHints":{"allow":["GET"]}}],"collection":[{"href":"https:\/\/gpl-love.com\/es\/wp-json\/wp\/v2\/product"}],"about":[{"href":"https:\/\/gpl-love.com\/es\/wp-json\/wp\/v2\/types\/product"}],"replies":[{"embeddable":true,"href":"https:\/\/gpl-love.com\/es\/wp-json\/wp\/v2\/comments?post=158294"}],"wp:featuredmedia":[{"embeddable":true,"href":"https:\/\/gpl-love.com\/es\/wp-json\/wp\/v2\/media\/169253"}],"wp:attachment":[{"href":"https:\/\/gpl-love.com\/es\/wp-json\/wp\/v2\/media?parent=158294"}],"wp:term":[{"taxonomy":"product_brand","embeddable":true,"href":"https:\/\/gpl-love.com\/es\/wp-json\/wp\/v2\/product_brand?post=158294"},{"taxonomy":"product_cat","embeddable":true,"href":"https:\/\/gpl-love.com\/es\/wp-json\/wp\/v2\/product_cat?post=158294"},{"taxonomy":"product_tag","embeddable":true,"href":"https:\/\/gpl-love.com\/es\/wp-json\/wp\/v2\/product_tag?post=158294"}],"curies":[{"name":"wp","href":"https:\/\/api.w.org\/{rel}","templated":true}]}}