{"id":157859,"date":"2024-05-06T00:00:00","date_gmt":"2024-05-06T05:00:00","guid":{"rendered":"https:\/\/gpl-love.com\/es\/producto\/automatorwp-affiliatewp\/"},"modified":"2026-03-09T08:47:25","modified_gmt":"2026-03-09T13:47:25","slug":"automatorwp-affiliatewp","status":"publish","type":"product","link":"https:\/\/gpl-love.com\/es\/producto\/automatorwp-affiliatewp\/","title":{"rendered":"AutomatorWP AffiliateWP 1.0.4"},"content":{"rendered":"<h3>AutomatorWP AffiliateWP Caracteristicas<\/h3>\n<p>Desbloquea todo el potencial de tus estrategias de marketing de afiliaci\u00f3n con el plugin AutomatorWP AffiliateWP. Dise\u00f1ado espec\u00edficamente para profesionales del marketing de afiliaci\u00f3n, esta potente herramienta mejora tu experiencia con AffiliateWP automatizando tareas repetitivas, ahorr\u00e1ndote tiempo y aumentando tu eficiencia.<\/p>\n<p>Con AutomatorWP para AffiliateWP, integra estrategias de automatizaci\u00f3n fluidas en tu flujo de trabajo. Ya sea que busques automatizar el registro de afiliados, ajustar las comisiones seg\u00fan el rendimiento o enviar correos electr\u00f3nicos personalizados a tus afiliados, esta integraci\u00f3n te ayudar\u00e1. El plugin es f\u00e1cil de usar, con una configuraci\u00f3n sencilla que te permite empezar a automatizar en minutos.<\/p>\n<p>Mejora AffiliateWP con AutomatorWP y descubre la facilidad de gestionar las tareas de afiliaci\u00f3n sin intervenci\u00f3n manual. Nuestro completo tutorial de AutomatorWP y AffiliateWP te guiar\u00e1 en cada paso, asegur\u00e1ndote de maximizar el potencial de tu programa de afiliados.<\/p>\n<p>Ideal tanto para principiantes como para profesionales del marketing con experiencia, la integraci\u00f3n AutomatorWP AffiliateWP es la herramienta definitiva para la automatizaci\u00f3n del marketing de afiliaci\u00f3n. Empieza a optimizar tus operaciones.<\/p>\n<ul>\n<li>Se integra perfectamente con AffiliateWP para automatizar las tareas de afiliados.<\/li>\n<li>Activa la automatizaci\u00f3n seg\u00fan los registros, las referencias y las ganancias de los afiliados.<\/li>\n<li>Personaliza los flujos de trabajo de automatizaci\u00f3n para adaptarlos a las necesidades espec\u00edficas de tu negocio.<\/li>\n<li>Admite una amplia gama de activadores y acciones dentro de AffiliateWP.<\/li>\n<li>Mejora el seguimiento del rendimiento y las comisiones de los afiliados.<\/li>\n<li>Permite la actualizaci\u00f3n autom\u00e1tica de los estados y rangos de los afiliados.<\/li>\n<li>Habilita notificaciones autom\u00e1ticas por correo electr\u00f3nico para afiliados y administradores.<\/li>\n<li>Facilita la gesti\u00f3n eficiente de los pagos de afiliados.<\/li>\n<li>Proporciona herramientas para crear flujos de trabajo din\u00e1micos basados \u200b\u200ben condiciones.<\/li>\n<li>Compatible con otros plugins y temas populares de WordPress.<\/li>\n<\/ul>\n","protected":false},"excerpt":{"rendered":"<p>Presentamos la integraci\u00f3n de AutomatorWP con AffiliateWP, un plugin din\u00e1mico dise\u00f1ado para revolucionar la gesti\u00f3n de campa\u00f1as de afiliados. Esta potente herramienta te permite automatizar las tareas de AffiliateWP sin esfuerzo, optimizando tu estrategia de afiliados con potentes herramientas de automatizaci\u00f3n. Tanto si eres nuevo como si tienes experiencia, nuestro completo tutorial de AutomatorWP y AffiliateWP te guiar\u00e1 en la configuraci\u00f3n y optimizaci\u00f3n de tus flujos de trabajo. Con AutomatorWP para afiliados, puedes optimizar tus operaciones, garantizando la m\u00e1xima eficiencia y rentabilidad. Impulsa tu marketing de afiliados a nuevas cotas con la integraci\u00f3n de AutomatorWP con AffiliateWP, donde la comodidad se une al rendimiento.<\/p>\n","protected":false},"featured_media":169251,"comment_status":"open","ping_status":"open","template":"","meta":[],"product_brand":[2368],"product_cat":[1232,1206,1211],"product_tag":[2210],"class_list":{"0":"post-157859","1":"product","2":"type-product","3":"status-publish","4":"has-post-thumbnail","6":"product_brand-automatorwp","7":"product_cat-marketing-wordpress-plugins","8":"product_cat-plugins","9":"product_cat-wordpress-plugins","10":"product_tag-automatorwp","11":"member-discount","12":"discount-restricted","14":"first","15":"instock","16":"sale","17":"downloadable","18":"virtual","19":"sold-individually","20":"purchasable","21":"product-type-simple"},"_links":{"self":[{"href":"https:\/\/gpl-love.com\/es\/wp-json\/wp\/v2\/product\/157859","targetHints":{"allow":["GET"]}}],"collection":[{"href":"https:\/\/gpl-love.com\/es\/wp-json\/wp\/v2\/product"}],"about":[{"href":"https:\/\/gpl-love.com\/es\/wp-json\/wp\/v2\/types\/product"}],"replies":[{"embeddable":true,"href":"https:\/\/gpl-love.com\/es\/wp-json\/wp\/v2\/comments?post=157859"}],"wp:featuredmedia":[{"embeddable":true,"href":"https:\/\/gpl-love.com\/es\/wp-json\/wp\/v2\/media\/169251"}],"wp:attachment":[{"href":"https:\/\/gpl-love.com\/es\/wp-json\/wp\/v2\/media?parent=157859"}],"wp:term":[{"taxonomy":"product_brand","embeddable":true,"href":"https:\/\/gpl-love.com\/es\/wp-json\/wp\/v2\/product_brand?post=157859"},{"taxonomy":"product_cat","embeddable":true,"href":"https:\/\/gpl-love.com\/es\/wp-json\/wp\/v2\/product_cat?post=157859"},{"taxonomy":"product_tag","embeddable":true,"href":"https:\/\/gpl-love.com\/es\/wp-json\/wp\/v2\/product_tag?post=157859"}],"curies":[{"name":"wp","href":"https:\/\/api.w.org\/{rel}","templated":true}]}}