{"id":157857,"date":"2026-04-10T00:00:00","date_gmt":"2026-04-10T05:00:00","guid":{"rendered":"https:\/\/gpl-love.com\/es\/producto\/automatorwp-mailchimp\/"},"modified":"2026-04-10T11:34:12","modified_gmt":"2026-04-10T16:34:12","slug":"automatorwp-mailchimp","status":"publish","type":"product","link":"https:\/\/gpl-love.com\/es\/producto\/automatorwp-mailchimp\/","title":{"rendered":"AutomatorWP Mailchimp 1.0.8"},"content":{"rendered":"<h3>AutomatorWP Mailchimp Caracteristicas<\/h3>\n<p>\u00a1Desbloquea todo el potencial de tus campa\u00f1as de email marketing con la integraci\u00f3n de AutomatorWP con Mailchimp! Esta potente herramienta conecta tu sitio de WordPress a Mailchimp a la perfecci\u00f3n, permiti\u00e9ndote automatizar f\u00e1cilmente tus flujos de trabajo de email e interactuar con tus suscriptores de forma m\u00e1s eficaz.<\/p>\n<p>Con la automatizaci\u00f3n de AutomatorWP con Mailchimp, puedes configurar activadores de email personalizados que respondan a las acciones de los usuarios en tu sitio. Ya sea suscribirse a un bolet\u00edn informativo, comprar un producto o completar un curso, AutomatorWP garantiza que el email correcto llegue a la persona correcta en el momento oportuno.<\/p>\n<p>Sum\u00e9rgete en nuestro tutorial de AutomatorWP con Mailchimp para empezar r\u00e1pidamente. Aprender\u00e1s a integrar tus cuentas, configurar la automatizaci\u00f3n y usar funciones avanzadas sin complicaciones. Adem\u00e1s, nuestra gu\u00eda paso a paso facilita la implementaci\u00f3n, incluso para principiantes.<\/p>\n<p>Mejora tus estrategias de email con los activadores de email y la l\u00f3gica condicional de AutomatorWP con Mailchimp. Estas funciones le permiten crear campa\u00f1as de correo electr\u00f3nico din\u00e1micas y receptivas que se adaptan en funci\u00f3n del comportamiento y las preferencias del usuario, lo que garantiza la m\u00e1xima participaci\u00f3n y conversi\u00f3n.<\/p>\n<ul>\n<li>Integra WordPress con Mailchimp a la perfecci\u00f3n<\/li>\n<li>Automatiza la adici\u00f3n de suscriptores a las listas de Mailchimp<\/li>\n<li>Sincroniza los roles y la actividad de los usuarios de WordPress con Mailchimp<\/li>\n<li>Proporciona activadores personalizables para campa\u00f1as de correo electr\u00f3nico<\/li>\n<li>Admite m\u00faltiples cuentas de Mailchimp simult\u00e1neamente<\/li>\n<li>Incluye opciones para la segmentaci\u00f3n de correo electr\u00f3nico espec\u00edfica<\/li>\n<li>No requiere programaci\u00f3n para la configuraci\u00f3n ni el uso<\/li>\n<li>Actualizaci\u00f3n de datos en tiempo real entre plataformas<\/li>\n<li>Permite respuestas autom\u00e1ticas por correo electr\u00f3nico basadas en el comportamiento del usuario<\/li>\n<li>Ofrece herramientas detalladas de an\u00e1lisis e informes<\/li>\n<\/ul>\n","protected":false},"excerpt":{"rendered":"<p>Presentamos la integraci\u00f3n de AutomatorWP Mailchimp, tu soluci\u00f3n definitiva para una automatizaci\u00f3n de emails fluida. Con nuestro sencillo tutorial de AutomatorWP Mailchimp, configurarlo es facil\u00edsimo. Aprovecha la potente automatizaci\u00f3n de AutomatorWP Mailchimp para optimizar tus estrategias de marketing. Utiliza los activadores de email y la l\u00f3gica condicional de AutomatorWP Mailchimp para personalizar y optimizar tus campa\u00f1as, garantizando que los mensajes adecuados lleguen a la audiencia adecuada en el momento oportuno. \u00a1Mejora tu estrategia de email marketing con AutomatorWP Mailchimp y observa c\u00f3mo tu interacci\u00f3n se dispara!<\/p>\n","protected":false},"featured_media":169249,"comment_status":"open","ping_status":"open","template":"","meta":[],"product_brand":[2368],"product_cat":[1232,1206,1211],"product_tag":[2210],"class_list":{"0":"post-157857","1":"product","2":"type-product","3":"status-publish","4":"has-post-thumbnail","6":"product_brand-automatorwp","7":"product_cat-marketing-wordpress-plugins","8":"product_cat-plugins","9":"product_cat-wordpress-plugins","10":"product_tag-automatorwp","11":"member-discount","12":"discount-restricted","14":"first","15":"instock","16":"sale","17":"downloadable","18":"virtual","19":"sold-individually","20":"purchasable","21":"product-type-simple"},"_links":{"self":[{"href":"https:\/\/gpl-love.com\/es\/wp-json\/wp\/v2\/product\/157857","targetHints":{"allow":["GET"]}}],"collection":[{"href":"https:\/\/gpl-love.com\/es\/wp-json\/wp\/v2\/product"}],"about":[{"href":"https:\/\/gpl-love.com\/es\/wp-json\/wp\/v2\/types\/product"}],"replies":[{"embeddable":true,"href":"https:\/\/gpl-love.com\/es\/wp-json\/wp\/v2\/comments?post=157857"}],"wp:featuredmedia":[{"embeddable":true,"href":"https:\/\/gpl-love.com\/es\/wp-json\/wp\/v2\/media\/169249"}],"wp:attachment":[{"href":"https:\/\/gpl-love.com\/es\/wp-json\/wp\/v2\/media?parent=157857"}],"wp:term":[{"taxonomy":"product_brand","embeddable":true,"href":"https:\/\/gpl-love.com\/es\/wp-json\/wp\/v2\/product_brand?post=157857"},{"taxonomy":"product_cat","embeddable":true,"href":"https:\/\/gpl-love.com\/es\/wp-json\/wp\/v2\/product_cat?post=157857"},{"taxonomy":"product_tag","embeddable":true,"href":"https:\/\/gpl-love.com\/es\/wp-json\/wp\/v2\/product_tag?post=157857"}],"curies":[{"name":"wp","href":"https:\/\/api.w.org\/{rel}","templated":true}]}}