{"id":157855,"date":"2025-10-17T00:00:00","date_gmt":"2025-10-17T05:00:00","guid":{"rendered":"https:\/\/gpl-love.com\/es\/producto\/gravity-perks-google-sheets\/"},"modified":"2026-03-09T08:47:22","modified_gmt":"2026-03-09T13:47:22","slug":"gravity-perks-google-sheets","status":"publish","type":"product","link":"https:\/\/gpl-love.com\/es\/producto\/gravity-perks-google-sheets\/","title":{"rendered":"Gravity Perks Google Sheets 1.3.31"},"content":{"rendered":"<h3>Gravity Perks Google Sheets Caracteristicas<\/h3>\n<p>Aprovecha al m\u00e1ximo tus formularios con la integraci\u00f3n de Gravity Perks con Hojas de C\u00e1lculo de Google. Este potente complemento conecta a la perfecci\u00f3n tus Formularios de Gravity con Hojas de C\u00e1lculo de Google, ofreciendo una soluci\u00f3n sencilla para la sincronizaci\u00f3n de datos y la gesti\u00f3n de hojas de c\u00e1lculo. Con el plugin de Gravity Perks para Hojas de C\u00e1lculo de Google, puedes automatizar tus flujos de trabajo, garantizando que cada env\u00edo de formulario se actualice al instante en tus Hojas de C\u00e1lculo de Google.<\/p>\n<p>Tanto si buscas mejorar la productividad con la sincronizaci\u00f3n automatizada de datos como si simplificas la gesti\u00f3n de datos de tu proyecto, esta extensi\u00f3n te ayudar\u00e1. Gravity Perks para Hojas de C\u00e1lculo de Google garantiza una transici\u00f3n fluida de los datos de tu sitio web a tus hojas de c\u00e1lculo, lo que permite un seguimiento y un an\u00e1lisis eficientes.<\/p>\n<ul>\n<li>Integraci\u00f3n perfecta con Hojas de C\u00e1lculo de Google<\/li>\n<li>Exportaci\u00f3n de datos en tiempo real desde Gravity Forms a Hojas de C\u00e1lculo de Google<\/li>\n<li>Configuraci\u00f3n sencilla sin necesidad de programar<\/li>\n<li>Compatible con todos los campos de Gravity Forms<\/li>\n<li>L\u00f3gica condicional para controlar los datos que se env\u00edan a Hojas de C\u00e1lculo de Google<\/li>\n<li>Transferencia segura de datos para proteger la informaci\u00f3n confidencial<\/li>\n<li>Posibilidad de actualizar filas existentes en Hojas de C\u00e1lculo de Google<\/li>\n<li>Mapeo personalizable de hojas y columnas<\/li>\n<li>Compatible con varias cuentas de Hojas de C\u00e1lculo de Google<\/li>\n<li>No requiere plugins ni software adicional<\/li>\n<\/ul>\n","protected":false},"excerpt":{"rendered":"<p>Presentamos la integraci\u00f3n de Gravity Perks con Hojas de C\u00e1lculo de Google, el complemento definitivo que sincroniza a la perfecci\u00f3n tus env\u00edos de formularios con Hojas de C\u00e1lculo de Google. Este potente plugin automatiza tu flujo de trabajo, garantizando actualizaciones en tiempo real y una gesti\u00f3n eficiente de hojas de c\u00e1lculo. Ideal para empresas que buscan optimizar la sincronizaci\u00f3n de datos, la extensi\u00f3n de Gravity Perks con Hojas de C\u00e1lculo de Google agiliza los procesos, permiti\u00e9ndote centrarte en lo m\u00e1s importante. Con funciones como la sincronizaci\u00f3n autom\u00e1tica de datos y la integraci\u00f3n completa con el env\u00edo de formularios, gestionar tus datos nunca ha sido tan f\u00e1cil. Aumenta tu productividad con la automatizaci\u00f3n de Gravity Perks con Hojas de C\u00e1lculo de Google y experimenta la m\u00e1xima expresi\u00f3n de las soluciones de gesti\u00f3n de datos.<\/p>\n","protected":false},"featured_media":169248,"comment_status":"open","ping_status":"open","template":"","meta":[],"product_brand":[2470],"product_cat":[1212,1206,1211],"product_tag":[2325],"class_list":{"0":"post-157855","1":"product","2":"type-product","3":"status-publish","4":"has-post-thumbnail","6":"product_brand-gravity-perks","7":"product_cat-administracion-wordpress-plugins","8":"product_cat-plugins","9":"product_cat-wordpress-plugins","10":"product_tag-gravity-perks","11":"member-discount","12":"discount-restricted","14":"first","15":"instock","16":"sale","17":"downloadable","18":"virtual","19":"sold-individually","20":"purchasable","21":"product-type-simple"},"_links":{"self":[{"href":"https:\/\/gpl-love.com\/es\/wp-json\/wp\/v2\/product\/157855","targetHints":{"allow":["GET"]}}],"collection":[{"href":"https:\/\/gpl-love.com\/es\/wp-json\/wp\/v2\/product"}],"about":[{"href":"https:\/\/gpl-love.com\/es\/wp-json\/wp\/v2\/types\/product"}],"replies":[{"embeddable":true,"href":"https:\/\/gpl-love.com\/es\/wp-json\/wp\/v2\/comments?post=157855"}],"wp:featuredmedia":[{"embeddable":true,"href":"https:\/\/gpl-love.com\/es\/wp-json\/wp\/v2\/media\/169248"}],"wp:attachment":[{"href":"https:\/\/gpl-love.com\/es\/wp-json\/wp\/v2\/media?parent=157855"}],"wp:term":[{"taxonomy":"product_brand","embeddable":true,"href":"https:\/\/gpl-love.com\/es\/wp-json\/wp\/v2\/product_brand?post=157855"},{"taxonomy":"product_cat","embeddable":true,"href":"https:\/\/gpl-love.com\/es\/wp-json\/wp\/v2\/product_cat?post=157855"},{"taxonomy":"product_tag","embeddable":true,"href":"https:\/\/gpl-love.com\/es\/wp-json\/wp\/v2\/product_tag?post=157855"}],"curies":[{"name":"wp","href":"https:\/\/api.w.org\/{rel}","templated":true}]}}