{"id":157853,"date":"2025-06-12T00:00:00","date_gmt":"2025-06-12T05:00:00","guid":{"rendered":"https:\/\/gpl-love.com\/es\/producto\/automatorwp-google-sheets\/"},"modified":"2026-03-09T08:47:21","modified_gmt":"2026-03-09T13:47:21","slug":"automatorwp-google-sheets","status":"publish","type":"product","link":"https:\/\/gpl-love.com\/es\/producto\/automatorwp-google-sheets\/","title":{"rendered":"AutomatorWP Google Sheets 1.0.9"},"content":{"rendered":"<h3>AutomatorWP Google Sheets Caracteristicas<\/h3>\n<p>\u00a1Desbloquea todo el potencial de tus tareas online con la integraci\u00f3n de AutomatorWP con Hojas de C\u00e1lculo de Google! Esta potente herramienta conecta a la perfecci\u00f3n tus acciones de WordPress con Hojas de C\u00e1lculo de Google, lo que permite un sinf\u00edn de posibilidades de automatizaci\u00f3n que optimizan tu flujo de trabajo y aumentan tu productividad.<\/p>\n<p>Tanto si eres principiante como experto en tecnolog\u00eda, la configuraci\u00f3n es facil\u00edsima con nuestra detallada gu\u00eda de configuraci\u00f3n de AutomatorWP con Hojas de C\u00e1lculo de Google. Explora diversos casos de uso de AutomatorWP con Hojas de C\u00e1lculo de Google y descubre c\u00f3mo automatizar la entrada de datos, gestionar actualizaciones y sincronizar informaci\u00f3n entre plataformas sin esfuerzo.<\/p>\n<p>\u00bfTe interesan las aplicaciones pr\u00e1cticas? Nuestros ejemplos de automatizaci\u00f3n de AutomatorWP con Hojas de C\u00e1lculo de Google ilustran la versatilidad de esta integraci\u00f3n, desde la gesti\u00f3n de inscripciones a eventos hasta el seguimiento de las ventas de comercio electr\u00f3nico. Las ventajas son infinitas, como se destaca en nuestra completa rese\u00f1a de AutomatorWP con Hojas de C\u00e1lculo de Google, que elogia su eficiencia y compatibilidad con numerosos plugins de WordPress.<\/p>\n<p>Mantente a la vanguardia con las actualizaciones peri\u00f3dicas de AutomatorWP con Hojas de C\u00e1lculo de Google, que garantizan una alta compatibilidad e incorporan nuevas funciones que mejoran tus capacidades de automatizaci\u00f3n. Adem\u00e1s, con los precios transparentes de AutomatorWP Google Sheets, obtienes un valor excepcional sin<\/p>\n<ul>\n<li>Integra perfectamente Hojas de C\u00e1lculo de Google con WordPress<\/li>\n<li>Automatiza la entrada de datos de WordPress a Hojas de C\u00e1lculo de Google<\/li>\n<li>Sincronizaci\u00f3n en tiempo real para obtener informaci\u00f3n actualizada<\/li>\n<li>Admite tipos de entradas personalizados y campos de datos de usuario<\/li>\n<li>F\u00e1cil de configurar, sin necesidad de programaci\u00f3n<\/li>\n<li>Proporciona registros para el seguimiento de todas las acciones automatizadas<\/li>\n<li>Compatible con una amplia gama de plugins de WordPress<\/li>\n<li>Opci\u00f3n para exportar datos de WordPress para an\u00e1lisis avanzados<\/li>\n<li>Conexi\u00f3n segura mediante la API de Google para la transferencia de datos<\/li>\n<li>Activadores y acciones personalizables para adaptarse a necesidades espec\u00edficas<\/li>\n<\/ul>\n","protected":false},"excerpt":{"rendered":"<p>\u00a1Descubre el poder de la integraci\u00f3n perfecta con AutomatorWP Google Sheets! Esta robusta herramienta optimiza tu flujo de trabajo con tutoriales f\u00e1ciles de seguir y una gu\u00eda de configuraci\u00f3n sencilla. Descubre diversos casos de uso y ejemplos de automatizaci\u00f3n que muestran c\u00f3mo AutomatorWP Google Sheets puede optimizar tus tareas. Disfruta de la compatibilidad con numerosas plataformas, lo que garantiza una experiencia fluida. Consulta las \u00faltimas actualizaciones de AutomatorWP Google Sheets y revisa las opciones de precios competitivos. Benef\u00edciate de las mejoras continuas y el soporte que mantienen tus operaciones funcionando eficientemente. \u00a1Automatiza de forma m\u00e1s inteligente, sin complicaciones, con la integraci\u00f3n de AutomatorWP Google Sheets!<\/p>\n","protected":false},"featured_media":169247,"comment_status":"open","ping_status":"open","template":"","meta":[],"product_brand":[2368],"product_cat":[1212,1206,1211],"product_tag":[2210],"class_list":{"0":"post-157853","1":"product","2":"type-product","3":"status-publish","4":"has-post-thumbnail","6":"product_brand-automatorwp","7":"product_cat-administracion-wordpress-plugins","8":"product_cat-plugins","9":"product_cat-wordpress-plugins","10":"product_tag-automatorwp","11":"member-discount","12":"discount-restricted","14":"first","15":"instock","16":"sale","17":"downloadable","18":"virtual","19":"sold-individually","20":"purchasable","21":"product-type-simple"},"_links":{"self":[{"href":"https:\/\/gpl-love.com\/es\/wp-json\/wp\/v2\/product\/157853","targetHints":{"allow":["GET"]}}],"collection":[{"href":"https:\/\/gpl-love.com\/es\/wp-json\/wp\/v2\/product"}],"about":[{"href":"https:\/\/gpl-love.com\/es\/wp-json\/wp\/v2\/types\/product"}],"replies":[{"embeddable":true,"href":"https:\/\/gpl-love.com\/es\/wp-json\/wp\/v2\/comments?post=157853"}],"wp:featuredmedia":[{"embeddable":true,"href":"https:\/\/gpl-love.com\/es\/wp-json\/wp\/v2\/media\/169247"}],"wp:attachment":[{"href":"https:\/\/gpl-love.com\/es\/wp-json\/wp\/v2\/media?parent=157853"}],"wp:term":[{"taxonomy":"product_brand","embeddable":true,"href":"https:\/\/gpl-love.com\/es\/wp-json\/wp\/v2\/product_brand?post=157853"},{"taxonomy":"product_cat","embeddable":true,"href":"https:\/\/gpl-love.com\/es\/wp-json\/wp\/v2\/product_cat?post=157853"},{"taxonomy":"product_tag","embeddable":true,"href":"https:\/\/gpl-love.com\/es\/wp-json\/wp\/v2\/product_tag?post=157853"}],"curies":[{"name":"wp","href":"https:\/\/api.w.org\/{rel}","templated":true}]}}