{"id":157850,"date":"2024-05-06T00:00:00","date_gmt":"2024-05-06T05:00:00","guid":{"rendered":"https:\/\/gpl-love.com\/es\/producto\/oxyprops\/"},"modified":"2026-03-09T08:47:17","modified_gmt":"2026-03-09T13:47:17","slug":"oxyprops","status":"publish","type":"product","link":"https:\/\/gpl-love.com\/es\/producto\/oxyprops\/","title":{"rendered":"OxyProps 1.13.1"},"content":{"rendered":"<h3>OxyProps Caracteristicas<\/h3>\n<ul>\n<li>Widgets y extensiones personalizados preconfigurados para Oxygen Builder<\/li>\n<li>Se integra a la perfecci\u00f3n con sitios web de WordPress<\/li>\n<li>Ofrece una amplia selecci\u00f3n de elementos de dise\u00f1o y funcionalidades<\/li>\n<li>Interfaz intuitiva de arrastrar y soltar para un funcionamiento sin esfuerzo<\/li>\n<li>Actualizaciones constantes y soporte al cliente dedicado incluido<\/li>\n<li>Compatible con una gama de plugins premium<\/li>\n<li>Dise\u00f1ado para un rendimiento \u00f3ptimo y mejoras SEO<\/li>\n<li>Opciones de precios flexibles adaptadas a diversas necesidades y presupuestos<\/li>\n<\/ul>\n","protected":false},"excerpt":{"rendered":"<p>OxyProps es un robusto plugin de WordPress, meticulosamente dise\u00f1ado para optimizar las capacidades y funciones de personalizaci\u00f3n del reconocido constructor de p\u00e1ginas Oxygen. Perfectamente integrado, este plugin ofrece una amplia gama de propiedades y configuraciones sofisticadas, f\u00e1cilmente aplicables a diversos elementos Oxygen. Con OxyProps, crear dise\u00f1os din\u00e1micos e interactivos es muy sencillo, eliminando la necesidad de un c\u00f3digo personalizado complejo.<\/p>\n","protected":false},"featured_media":169244,"comment_status":"open","ping_status":"open","template":"","meta":[],"product_brand":[2684],"product_cat":[1214,1206,1211],"product_tag":[2327],"class_list":{"0":"post-157850","1":"product","2":"type-product","3":"status-publish","4":"has-post-thumbnail","6":"product_brand-oxyprops","7":"product_cat-personalizacion","8":"product_cat-plugins","9":"product_cat-wordpress-plugins","10":"product_tag-oxyprops","11":"member-discount","12":"discount-restricted","14":"first","15":"instock","16":"sale","17":"downloadable","18":"virtual","19":"sold-individually","20":"purchasable","21":"product-type-simple"},"_links":{"self":[{"href":"https:\/\/gpl-love.com\/es\/wp-json\/wp\/v2\/product\/157850","targetHints":{"allow":["GET"]}}],"collection":[{"href":"https:\/\/gpl-love.com\/es\/wp-json\/wp\/v2\/product"}],"about":[{"href":"https:\/\/gpl-love.com\/es\/wp-json\/wp\/v2\/types\/product"}],"replies":[{"embeddable":true,"href":"https:\/\/gpl-love.com\/es\/wp-json\/wp\/v2\/comments?post=157850"}],"wp:featuredmedia":[{"embeddable":true,"href":"https:\/\/gpl-love.com\/es\/wp-json\/wp\/v2\/media\/169244"}],"wp:attachment":[{"href":"https:\/\/gpl-love.com\/es\/wp-json\/wp\/v2\/media?parent=157850"}],"wp:term":[{"taxonomy":"product_brand","embeddable":true,"href":"https:\/\/gpl-love.com\/es\/wp-json\/wp\/v2\/product_brand?post=157850"},{"taxonomy":"product_cat","embeddable":true,"href":"https:\/\/gpl-love.com\/es\/wp-json\/wp\/v2\/product_cat?post=157850"},{"taxonomy":"product_tag","embeddable":true,"href":"https:\/\/gpl-love.com\/es\/wp-json\/wp\/v2\/product_tag?post=157850"}],"curies":[{"name":"wp","href":"https:\/\/api.w.org\/{rel}","templated":true}]}}