{"id":157848,"date":"2026-03-16T00:00:00","date_gmt":"2026-03-16T05:00:00","guid":{"rendered":"https:\/\/gpl-love.com\/es\/producto\/wpc-advanced-password-protect-for-woocommerce\/"},"modified":"2026-03-16T11:16:38","modified_gmt":"2026-03-16T16:16:38","slug":"wpc-advanced-password-protect-for-woocommerce","status":"publish","type":"product","link":"https:\/\/gpl-love.com\/es\/producto\/wpc-advanced-password-protect-for-woocommerce\/","title":{"rendered":"WPC Advanced Password Protect para WooCommerce 1.1.2"},"content":{"rendered":"<h3>WPC Advanced Password Protect para WooCommerce Caracteristicas<\/h3>\n<p>Protege tu tienda WooCommerce con una precisi\u00f3n inigualable con WPC Advanced Password Protect para WooCommerce. Este potente plugin ofrece s\u00f3lidas funciones de protecci\u00f3n con contrase\u00f1a, garantizando que solo los usuarios autorizados puedan acceder a tus productos y categor\u00edas confidenciales.<\/p>\n<p>Con WPC Advanced Password Protect para WooCommerce, puedes implementar f\u00e1cilmente una protecci\u00f3n avanzada con contrase\u00f1a para productos individuales o categor\u00edas completas. Esta funci\u00f3n es fundamental para tiendas que requieren acceso exclusivo, como productos exclusivos para miembros o mercanc\u00eda confidencial. El plugin se integra a la perfecci\u00f3n con tu configuraci\u00f3n de WooCommerce, proporcionando una interfaz segura e intuitiva para gestionar el acceso con contrase\u00f1a.<\/p>\n<ul>\n<li>Se integra perfectamente con WooCommerce para mejorar la seguridad.<\/li>\n<li>Protecci\u00f3n avanzada de contrase\u00f1as para productos o categor\u00edas espec\u00edficos.<\/li>\n<li>Admite m\u00faltiples contrase\u00f1as para cada producto o categor\u00eda.<\/li>\n<li>Opci\u00f3n para establecer fechas de caducidad para las contrase\u00f1as.<\/li>\n<li>Permite crear roles de usuario \u00fanicos con permisos de acceso espec\u00edficos.<\/li>\n<li>Proporciona registros de acceso detallados para supervisar qui\u00e9n ve tus productos.<\/li>\n<li>Compatible con membres\u00edas y suscripciones de WooCommerce.<\/li>\n<li>F\u00e1cil de configurar y administrar directamente desde el panel de WordPress.<\/li>\n<li>Admite sugerencias de contrase\u00f1a para facilitar la memorizaci\u00f3n del usuario sin comprometer la seguridad.<\/li>\n<li>Dise\u00f1o de entrada de contrase\u00f1a personalizable para que coincida con la imagen de marca de tu tienda.<\/li>\n<\/ul>\n","protected":false},"excerpt":{"rendered":"<p>Presentamos WPC Advanced Password Protect para WooCommerce, la soluci\u00f3n definitiva para mejorar la seguridad de tu tienda online. Con nuestra herramienta, puedes proteger f\u00e1cilmente tus productos con contrase\u00f1a, asegurar los procesos de pago de WooCommerce y proteger p\u00e1ginas completas. Este plugin de seguridad avanzado para WooCommerce no solo garantiza que solo usuarios autorizados puedan acceder a las \u00e1reas confidenciales de tu sitio, sino que tambi\u00e9n mejora la seguridad general. Perfecto para ventas exclusivas, productos exclusivos para miembros y contenido confidencial, nuestro plugin te ofrece la tranquilidad que necesitas para concentrarte en el crecimiento de tu negocio. Protege tus p\u00e1ginas de WooCommerce hoy mismo con WPC Advanced Password Protect y mant\u00e9n las transacciones de tus clientes seguras y privadas.<\/p>\n","protected":false},"featured_media":169243,"comment_status":"open","ping_status":"open","template":"","meta":[],"product_brand":[2676],"product_cat":[1207,1248,1206],"product_tag":[2313],"class_list":{"0":"post-157848","1":"product","2":"type-product","3":"status-publish","4":"has-post-thumbnail","6":"product_brand-wpclever","7":"product_cat-comercio-electronico-plugins","8":"product_cat-personalizacion-comercio-electronico-plugins","9":"product_cat-plugins","10":"product_tag-wpclever","11":"member-discount","12":"discount-restricted","14":"first","15":"instock","16":"sale","17":"downloadable","18":"virtual","19":"sold-individually","20":"purchasable","21":"product-type-simple"},"_links":{"self":[{"href":"https:\/\/gpl-love.com\/es\/wp-json\/wp\/v2\/product\/157848","targetHints":{"allow":["GET"]}}],"collection":[{"href":"https:\/\/gpl-love.com\/es\/wp-json\/wp\/v2\/product"}],"about":[{"href":"https:\/\/gpl-love.com\/es\/wp-json\/wp\/v2\/types\/product"}],"replies":[{"embeddable":true,"href":"https:\/\/gpl-love.com\/es\/wp-json\/wp\/v2\/comments?post=157848"}],"wp:featuredmedia":[{"embeddable":true,"href":"https:\/\/gpl-love.com\/es\/wp-json\/wp\/v2\/media\/169243"}],"wp:attachment":[{"href":"https:\/\/gpl-love.com\/es\/wp-json\/wp\/v2\/media?parent=157848"}],"wp:term":[{"taxonomy":"product_brand","embeddable":true,"href":"https:\/\/gpl-love.com\/es\/wp-json\/wp\/v2\/product_brand?post=157848"},{"taxonomy":"product_cat","embeddable":true,"href":"https:\/\/gpl-love.com\/es\/wp-json\/wp\/v2\/product_cat?post=157848"},{"taxonomy":"product_tag","embeddable":true,"href":"https:\/\/gpl-love.com\/es\/wp-json\/wp\/v2\/product_tag?post=157848"}],"curies":[{"name":"wp","href":"https:\/\/api.w.org\/{rel}","templated":true}]}}