{"id":157525,"date":"2026-05-08T00:00:00","date_gmt":"2026-05-08T05:00:00","guid":{"rendered":"https:\/\/gpl-love.com\/es\/producto\/cost-calculator-builder-pro\/"},"modified":"2026-05-12T17:16:45","modified_gmt":"2026-05-12T22:16:45","slug":"cost-calculator-builder-pro","status":"publish","type":"product","link":"https:\/\/gpl-love.com\/es\/producto\/cost-calculator-builder-pro\/","title":{"rendered":"Cost Calculator Builder Pro 4.0.1"},"content":{"rendered":"<h3>Cost Calculator Builder Pro Caracteristicas<\/h3>\n<p>Mejore su plataforma en l\u00ednea con Cost Calculator Builder Pro, la herramienta definitiva para crear calculadoras avanzadas, dise\u00f1ada para mejorar la interacci\u00f3n del usuario y optimizar las operaciones. Ideal para cualquier negocio que necesite estimaciones de costos precisas, esta calculadora de costos en versi\u00f3n pro le permite crear calculadoras personalizadas e interactivas f\u00e1cilmente.<\/p>\n<p>Nuestro creador de calculadoras de costos en l\u00ednea es m\u00e1s que una simple herramienta; es una soluci\u00f3n que se integra a la perfecci\u00f3n con su sitio web, ofreciendo una interfaz intuitiva que facilita la navegaci\u00f3n y el uso. Ya sea que necesite dise\u00f1ar presupuestos complejos o desgloses de costos simples, nuestro creador de calculadoras personalizadas para sitios web est\u00e1 preparado para todo.<\/p>\n<p>Con Cost Calculator Builder Pro, benef\u00edciese de una gran cantidad de funciones avanzadas que las versiones est\u00e1ndar simplemente no pueden igualar. Este software de creaci\u00f3n de estimaciones de costos no solo aumenta la profesionalidad de su sitio web, sino que tambi\u00e9n optimiza el proceso de toma de decisiones de sus clientes, brind\u00e1ndoles estimaciones detalladas y precisas en tiempo real.<\/p>\n<ul>\n<li>Plantillas de calculadora personalizables<\/li>\n<li>Interfaz de arrastrar y soltar para un uso sencillo<\/li>\n<li>Estimaci\u00f3n de costes en tiempo real<\/li>\n<li>Integraci\u00f3n con plataformas de comercio electr\u00f3nico como Shopify y WooCommerce<\/li>\n<li>Compatibilidad con m\u00faltiples divisas y tipos impositivos<\/li>\n<li>Opciones para a\u00f1adir descuentos y c\u00f3digos de descuento<\/li>\n<li>Dise\u00f1o adaptable para compatibilidad con dispositivos m\u00f3viles y ordenadores<\/li>\n<li>Herramientas detalladas de an\u00e1lisis e informes<\/li>\n<li>Cifrado de datos seguro y protecci\u00f3n de la privacidad<\/li>\n<li>Creaci\u00f3n ilimitada de calculadoras sin comisiones por transacci\u00f3n<\/li>\n<\/ul>\n","protected":false},"excerpt":{"rendered":"<p>Presentamos Cost Calculator Builder Pro, el creador de calculadoras de costos en l\u00ednea definitivo para profesionales que buscan optimizar sus sitios web con herramientas avanzadas y personalizadas. Nuestra versi\u00f3n pro de calculadora de costos est\u00e1 dise\u00f1ada para una integraci\u00f3n perfecta, lo que permite a los usuarios crear f\u00e1cilmente herramientas de estimaci\u00f3n de costos personalizadas. Este potente software no solo mejora la interacci\u00f3n del usuario al ofrecer estimaciones de costos instant\u00e1neas, sino que tambi\u00e9n optimiza la funcionalidad de su sitio web. Actualice a Cost Calculator Builder Pro hoy mismo y experimente el creador de calculadoras de costos personalizado m\u00e1s sofisticado del mercado. \u00a1Convierta su sitio web en la plataforma ideal para c\u00e1lculos de costos precisos y confiables!<\/p>\n","protected":false},"featured_media":169241,"comment_status":"open","ping_status":"open","template":"","meta":[],"product_brand":[2493],"product_cat":[1216,1206,1211],"product_tag":[2266],"class_list":{"0":"post-157525","1":"product","2":"type-product","3":"status-publish","4":"has-post-thumbnail","6":"product_brand-stylemixthemes","7":"product_cat-formas","8":"product_cat-plugins","9":"product_cat-wordpress-plugins","10":"product_tag-stylemixthemes","11":"member-discount","12":"discount-restricted","14":"first","15":"instock","16":"sale","17":"downloadable","18":"virtual","19":"sold-individually","20":"purchasable","21":"product-type-simple"},"_links":{"self":[{"href":"https:\/\/gpl-love.com\/es\/wp-json\/wp\/v2\/product\/157525","targetHints":{"allow":["GET"]}}],"collection":[{"href":"https:\/\/gpl-love.com\/es\/wp-json\/wp\/v2\/product"}],"about":[{"href":"https:\/\/gpl-love.com\/es\/wp-json\/wp\/v2\/types\/product"}],"replies":[{"embeddable":true,"href":"https:\/\/gpl-love.com\/es\/wp-json\/wp\/v2\/comments?post=157525"}],"wp:featuredmedia":[{"embeddable":true,"href":"https:\/\/gpl-love.com\/es\/wp-json\/wp\/v2\/media\/169241"}],"wp:attachment":[{"href":"https:\/\/gpl-love.com\/es\/wp-json\/wp\/v2\/media?parent=157525"}],"wp:term":[{"taxonomy":"product_brand","embeddable":true,"href":"https:\/\/gpl-love.com\/es\/wp-json\/wp\/v2\/product_brand?post=157525"},{"taxonomy":"product_cat","embeddable":true,"href":"https:\/\/gpl-love.com\/es\/wp-json\/wp\/v2\/product_cat?post=157525"},{"taxonomy":"product_tag","embeddable":true,"href":"https:\/\/gpl-love.com\/es\/wp-json\/wp\/v2\/product_tag?post=157525"}],"curies":[{"name":"wp","href":"https:\/\/api.w.org\/{rel}","templated":true}]}}