{"id":157524,"date":"2026-05-02T00:00:00","date_gmt":"2026-05-02T05:00:00","guid":{"rendered":"https:\/\/gpl-love.com\/es\/producto\/astra-premium-starter-templates\/"},"modified":"2026-05-02T23:17:03","modified_gmt":"2026-05-03T04:17:03","slug":"astra-premium-starter-templates","status":"publish","type":"product","link":"https:\/\/gpl-love.com\/es\/producto\/astra-premium-starter-templates\/","title":{"rendered":"Astra Premium Starter Templates 4.5.4"},"content":{"rendered":"<h3>Astra Premium Starter Templates Caracteristicas<\/h3>\n<p>Transforma la experiencia de creaci\u00f3n de tu sitio web con las Plantillas de Inicio Premium de Astra: la mejor opci\u00f3n para usuarios de WordPress que buscan mejorar su presencia online de forma r\u00e1pida y eficiente. Ya sea que est\u00e9s creando un blog, una tienda online o un sitio web empresarial, las Plantillas de Inicio Premium de Astra ofrecen una amplia gama de dise\u00f1os adaptados a tus necesidades.<\/p>\n<p>Estas plantillas no solo son visualmente impactantes, sino que tambi\u00e9n est\u00e1n optimizadas para la velocidad y el SEO, lo que garantiza que tu sitio web tenga un rendimiento excelente en todos los aspectos. Cada plantilla se puede personalizar f\u00e1cilmente, lo que te permite ajustar el dise\u00f1o, los colores y la tipograf\u00eda con solo unos clics, haciendo que tu sitio sea realmente tuyo. \u00a1Explora varios ejemplos de sitios web con el tema Astra y descubre lo vers\u00e1tiles que pueden ser estas plantillas!<\/p>\n<p>Tanto cr\u00edticos como usuarios elogian las Plantillas de Inicio Premium de Astra en sus rese\u00f1as sobre su facilidad de uso y su aspecto profesional. Sin duda, son algunas de las mejores plantillas de inicio para el tema Astra, proporcionando una base s\u00f3lida para cualquier proyecto de WordPress.<\/p>\n<p>Comience el proceso de dise\u00f1o de su sitio web con las plantillas de inicio Astra Premium y cree<\/p>\n<ul>\n<li>M\u00e1s de 280 sitios web predise\u00f1ados para elegir<\/li>\n<li>Importaci\u00f3n de demos con un solo clic para una configuraci\u00f3n sencilla<\/li>\n<li>Compatible con Elementor, Beaver Builder, Brizy y Gutenberg<\/li>\n<li>Dise\u00f1os totalmente responsivos que se ven geniales en todos los dispositivos<\/li>\n<li>Compatible con WooCommerce para tiendas online<\/li>\n<li>Optimizado para SEO para ayudar a mejorar el posicionamiento de tu sitio en los motores de b\u00fasqueda<\/li>\n<li>Actualizado peri\u00f3dicamente con nuevos dise\u00f1os y funciones<\/li>\n<li>Ligero y de carga r\u00e1pida para un rendimiento mejorado<\/li>\n<li>Amplias opciones de personalizaci\u00f3n sin necesidad de programar<\/li>\n<\/ul>\n","protected":false},"excerpt":{"rendered":"<p>\u00a1Descubre el punto de partida perfecto para tu sitio web con las Plantillas de Inicio Premium de Astra! Dise\u00f1adas espec\u00edficamente para WordPress, estas plantillas son la mejor opci\u00f3n para quienes buscan personalizar un sitio \u00fanico sin esfuerzo. Explora una variedad de ejemplos de sitios web con el tema Astra para inspirarte. Tanto si eres principiante como desarrollador experimentado, nuestra colecci\u00f3n ofrece las mejores plantillas de inicio para el tema Astra, lo que hace que la personalizaci\u00f3n sea sencilla y agradable. Consulta nuestra secci\u00f3n de rese\u00f1as de las Plantillas de Inicio Premium de Astra para descubrir por qu\u00e9 los usuarios las recomiendan. \u00a1Empieza a crear el sitio web de tus sue\u00f1os hoy mismo y transforma tu presencia digital f\u00e1cilmente!<\/p>\n","protected":false},"featured_media":169240,"comment_status":"open","ping_status":"open","template":"","meta":[],"product_brand":[2366],"product_cat":[1214,1206,1211],"product_tag":[2296],"class_list":{"0":"post-157524","1":"product","2":"type-product","3":"status-publish","4":"has-post-thumbnail","6":"product_brand-brainstorm-force","7":"product_cat-personalizacion","8":"product_cat-plugins","9":"product_cat-wordpress-plugins","10":"product_tag-brainstorm-force","11":"member-discount","12":"discount-restricted","14":"first","15":"instock","16":"sale","17":"downloadable","18":"virtual","19":"sold-individually","20":"purchasable","21":"product-type-simple"},"_links":{"self":[{"href":"https:\/\/gpl-love.com\/es\/wp-json\/wp\/v2\/product\/157524","targetHints":{"allow":["GET"]}}],"collection":[{"href":"https:\/\/gpl-love.com\/es\/wp-json\/wp\/v2\/product"}],"about":[{"href":"https:\/\/gpl-love.com\/es\/wp-json\/wp\/v2\/types\/product"}],"replies":[{"embeddable":true,"href":"https:\/\/gpl-love.com\/es\/wp-json\/wp\/v2\/comments?post=157524"}],"wp:featuredmedia":[{"embeddable":true,"href":"https:\/\/gpl-love.com\/es\/wp-json\/wp\/v2\/media\/169240"}],"wp:attachment":[{"href":"https:\/\/gpl-love.com\/es\/wp-json\/wp\/v2\/media?parent=157524"}],"wp:term":[{"taxonomy":"product_brand","embeddable":true,"href":"https:\/\/gpl-love.com\/es\/wp-json\/wp\/v2\/product_brand?post=157524"},{"taxonomy":"product_cat","embeddable":true,"href":"https:\/\/gpl-love.com\/es\/wp-json\/wp\/v2\/product_cat?post=157524"},{"taxonomy":"product_tag","embeddable":true,"href":"https:\/\/gpl-love.com\/es\/wp-json\/wp\/v2\/product_tag?post=157524"}],"curies":[{"name":"wp","href":"https:\/\/api.w.org\/{rel}","templated":true}]}}