{"id":157505,"date":"2026-04-21T00:00:00","date_gmt":"2026-04-21T05:00:00","guid":{"rendered":"https:\/\/gpl-love.com\/es\/producto\/bookingpress-pro\/"},"modified":"2026-04-21T11:17:09","modified_gmt":"2026-04-21T16:17:09","slug":"bookingpress","status":"publish","type":"product","link":"https:\/\/gpl-love.com\/es\/producto\/bookingpress\/","title":{"rendered":"BookingPress Pro 5.6"},"content":{"rendered":"<h3>BookingPress Pro Caracteristicas<\/h3>\n<p>Libera todo el potencial de tu negocio con BookingPress Pro, un plugin avanzado de reservas dise\u00f1ado para simplificar y optimizar la configuraci\u00f3n de tus citas. Nuestras funciones de BookingPress Pro ofrecen una integraci\u00f3n fluida y opciones de personalizaci\u00f3n que se adaptan a las diversas necesidades de tu negocio, garantizando que no te pierdas nada en tus operaciones diarias.<\/p>\n<p>Configurar BookingPress Pro es facil\u00edsimo con nuestra completa gu\u00eda de configuraci\u00f3n. Tanto si eres experto en tecnolog\u00eda como si eres nuevo en herramientas digitales, nuestras instrucciones paso a paso te pondr\u00e1n en marcha enseguida. Adem\u00e1s, nuestra gama de planes de precios de BookingPress Pro garantiza una opci\u00f3n asequible para empresas de todos los tama\u00f1os. \u00a1Invierte en eficiencia sin gastar una fortuna!<\/p>\n<p>No te f\u00edes solo de nuestras palabras: nuestras excelentes opiniones de clientes sobre BookingPress Pro hablan por s\u00ed solas de nuestra fiabilidad y satisfacci\u00f3n del usuario. \u00danete a miles de emprendedores de \u00e9xito que han mejorado sus procesos de reserva.<\/p>\n<ul>\n<li>Software de reservas y programaci\u00f3n online para empresas<\/li>\n<li>Formularios de reserva personalizables<\/li>\n<li>Integraci\u00f3n con Google Calendar y Outlook<\/li>\n<li>Compatibilidad con el procesamiento de pagos de PayPal, Stripe y m\u00e1s<\/li>\n<li>Notificaciones automatizadas por correo electr\u00f3nico y SMS<\/li>\n<li>Funcionalidad multiusuario para la gesti\u00f3n de equipos<\/li>\n<li>Herramientas de gesti\u00f3n de clientes<\/li>\n<li>Informes y an\u00e1lisis detallados<\/li>\n<li>Dise\u00f1o optimizado para dispositivos m\u00f3viles<\/li>\n<li>Compatibilidad con varios idiomas y divisas<\/li>\n<\/ul>\n","protected":false},"excerpt":{"rendered":"<p>\u00a1Descubre la soluci\u00f3n de reservas definitiva con BookingPress Pro! Nuestras potentes funciones optimizan tus necesidades de programaci\u00f3n, facilitando la gesti\u00f3n eficiente de tus citas. Explora nuestra sencilla gu\u00eda de configuraci\u00f3n de BookingPress Pro para empezar sin esfuerzo. Con los competitivos planes de precios de BookingPress Pro, encuentra el que mejor se adapte a tu presupuesto sin sacrificar la calidad. Aprovecha la r\u00e1pida respuesta de nuestro servicio de atenci\u00f3n al cliente, siempre listo para ayudarte. No te f\u00edes solo de nuestras palabras: \u00a1consulta las excelentes opiniones de los clientes sobre BookingPress Pro! Optimiza tu sistema de reservas con BookingPress Pro hoy mismo y disfruta de una integraci\u00f3n perfecta y una comodidad inigualable.<\/p>\n","protected":false},"featured_media":169239,"comment_status":"open","ping_status":"closed","template":"","meta":[],"product_brand":[2682],"product_cat":[1214,1206,1211],"product_tag":[2323],"class_list":{"0":"post-157505","1":"product","2":"type-product","3":"status-publish","4":"has-post-thumbnail","6":"product_brand-bookingpress","7":"product_cat-personalizacion","8":"product_cat-plugins","9":"product_cat-wordpress-plugins","10":"product_tag-bookingpress","11":"member-discount","12":"discount-restricted","14":"first","15":"instock","16":"sale","17":"downloadable","18":"virtual","19":"sold-individually","20":"purchasable","21":"product-type-simple"},"_links":{"self":[{"href":"https:\/\/gpl-love.com\/es\/wp-json\/wp\/v2\/product\/157505","targetHints":{"allow":["GET"]}}],"collection":[{"href":"https:\/\/gpl-love.com\/es\/wp-json\/wp\/v2\/product"}],"about":[{"href":"https:\/\/gpl-love.com\/es\/wp-json\/wp\/v2\/types\/product"}],"replies":[{"embeddable":true,"href":"https:\/\/gpl-love.com\/es\/wp-json\/wp\/v2\/comments?post=157505"}],"wp:featuredmedia":[{"embeddable":true,"href":"https:\/\/gpl-love.com\/es\/wp-json\/wp\/v2\/media\/169239"}],"wp:attachment":[{"href":"https:\/\/gpl-love.com\/es\/wp-json\/wp\/v2\/media?parent=157505"}],"wp:term":[{"taxonomy":"product_brand","embeddable":true,"href":"https:\/\/gpl-love.com\/es\/wp-json\/wp\/v2\/product_brand?post=157505"},{"taxonomy":"product_cat","embeddable":true,"href":"https:\/\/gpl-love.com\/es\/wp-json\/wp\/v2\/product_cat?post=157505"},{"taxonomy":"product_tag","embeddable":true,"href":"https:\/\/gpl-love.com\/es\/wp-json\/wp\/v2\/product_tag?post=157505"}],"curies":[{"name":"wp","href":"https:\/\/api.w.org\/{rel}","templated":true}]}}