{"id":157504,"date":"2025-05-20T00:00:00","date_gmt":"2025-05-20T05:00:00","guid":{"rendered":"https:\/\/gpl-love.com\/es\/producto\/bookingpress-authorizenet-payment-gateway\/"},"modified":"2026-03-09T08:47:11","modified_gmt":"2026-03-09T13:47:11","slug":"bookingpress-authorizenet-payment-gateway","status":"publish","type":"product","link":"https:\/\/gpl-love.com\/es\/producto\/bookingpress-authorizenet-payment-gateway\/","title":{"rendered":"BookingPress Authorize.Net Payment Gateway 1.6"},"content":{"rendered":"<h3>BookingPress Authorize.Net Payment Gateway Caracteristicas<\/h3>\n<p>Mejore su sistema de reservas online con la pasarela de pago Authorize.Net de BookingPress. Dise\u00f1ada espec\u00edficamente para una integraci\u00f3n fluida con Authorize.Net, esta soluci\u00f3n garantiza que cada transacci\u00f3n sea fluida, segura y sencilla. Con las soluciones de pasarela de pago de BookingPress, puede ofrecer a sus clientes m\u00faltiples opciones de pago con Authorize.Net, mejorando la satisfacci\u00f3n y la confianza del usuario.<\/p>\n<p>Disfrute de las ventajas del procesamiento de pagos seguro con Authorize.Net para BookingPress. Esta robusta integraci\u00f3n es compatible con las principales tarjetas de cr\u00e9dito, lo que facilita m\u00e1s que nunca la reserva de servicios o citas de sus clientes. La pasarela cifra la informaci\u00f3n confidencial para brindar seguridad y tranquilidad tanto a usted como a sus clientes.<\/p>\n<p>Tanto si es una peque\u00f1a como una gran empresa, la pasarela de pago Authorize.Net de BookingPress es su soluci\u00f3n ideal para un procesamiento de pagos fiable y eficiente. No permita que los sistemas de pago complejos le frenen. Elija la simplicidad y la seguridad con nuestra plataforma fiable y f\u00e1cil de integrar.<\/p>\n<ul>\n<li>Integraci\u00f3n perfecta con el plugin de BookingPress<\/li>\n<li>Procesamiento seguro de pagos con tarjeta de cr\u00e9dito y d\u00e9bito<\/li>\n<li>Admite pagos recurrentes para servicios de suscripci\u00f3n<\/li>\n<li>F\u00e1cil configuraci\u00f3n desde la interfaz de BookingPress<\/li>\n<li>Cifrado SSL para transacciones seguras<\/li>\n<li>Compatible con las principales tarjetas de cr\u00e9dito, como Visa, MasterCard y American Express<\/li>\n<li>Procesamiento de pagos en tiempo real<\/li>\n<li>Proporciona registros detallados de transacciones para facilitar la auditor\u00eda y la contabilidad<\/li>\n<li>Admite reembolsos y reembolsos parciales directamente desde el panel de control<\/li>\n<li>Garantiza el cumplimiento de los est\u00e1ndares PCI DSS para la seguridad de los datos<\/li>\n<\/ul>\n","protected":false},"excerpt":{"rendered":"<p>Presentamos la pasarela de pago Authorize.Net de BookingPress, la soluci\u00f3n definitiva para una integraci\u00f3n fluida con Authorize.Net para BookingPress. Optimice su sistema de reservas con nuestro procesamiento de pagos seguro con Authorize.Net para BookingPress, garantizando transacciones seguras en todo momento. Nuestro plugin no solo simplifica su flujo de trabajo, sino que tambi\u00e9n ampl\u00eda sus posibilidades de pago con m\u00faltiples opciones de pago de Authorize.Net para BookingPress. Elija las soluciones de pasarela de pago de BookingPress y d\u00e9 a su negocio el impulso que necesita. Conf\u00ede en nuestro robusto sistema para gestionar sus pagos de forma segura y eficiente. \u00a1Comience hoy mismo y mejore la experiencia de sus clientes f\u00e1cilmente!<\/p>\n","protected":false},"featured_media":169238,"comment_status":"open","ping_status":"open","template":"","meta":[],"product_brand":[2682],"product_cat":[1207,1426,1206],"product_tag":[2323],"class_list":{"0":"post-157504","1":"product","2":"type-product","3":"status-publish","4":"has-post-thumbnail","6":"product_brand-bookingpress","7":"product_cat-comercio-electronico-plugins","8":"product_cat-pago-comercio-electronico-plugins","9":"product_cat-plugins","10":"product_tag-bookingpress","11":"member-discount","12":"discount-restricted","14":"first","15":"instock","16":"sale","17":"downloadable","18":"virtual","19":"sold-individually","20":"purchasable","21":"product-type-simple"},"_links":{"self":[{"href":"https:\/\/gpl-love.com\/es\/wp-json\/wp\/v2\/product\/157504","targetHints":{"allow":["GET"]}}],"collection":[{"href":"https:\/\/gpl-love.com\/es\/wp-json\/wp\/v2\/product"}],"about":[{"href":"https:\/\/gpl-love.com\/es\/wp-json\/wp\/v2\/types\/product"}],"replies":[{"embeddable":true,"href":"https:\/\/gpl-love.com\/es\/wp-json\/wp\/v2\/comments?post=157504"}],"wp:featuredmedia":[{"embeddable":true,"href":"https:\/\/gpl-love.com\/es\/wp-json\/wp\/v2\/media\/169238"}],"wp:attachment":[{"href":"https:\/\/gpl-love.com\/es\/wp-json\/wp\/v2\/media?parent=157504"}],"wp:term":[{"taxonomy":"product_brand","embeddable":true,"href":"https:\/\/gpl-love.com\/es\/wp-json\/wp\/v2\/product_brand?post=157504"},{"taxonomy":"product_cat","embeddable":true,"href":"https:\/\/gpl-love.com\/es\/wp-json\/wp\/v2\/product_cat?post=157504"},{"taxonomy":"product_tag","embeddable":true,"href":"https:\/\/gpl-love.com\/es\/wp-json\/wp\/v2\/product_tag?post=157504"}],"curies":[{"name":"wp","href":"https:\/\/api.w.org\/{rel}","templated":true}]}}