{"id":157502,"date":"2025-05-20T00:00:00","date_gmt":"2025-05-20T05:00:00","guid":{"rendered":"https:\/\/gpl-love.com\/es\/producto\/bookingpress-braintree-payment-gateway\/"},"modified":"2026-03-09T08:47:08","modified_gmt":"2026-03-09T13:47:08","slug":"bookingpress-braintree-payment-gateway","status":"publish","type":"product","link":"https:\/\/gpl-love.com\/es\/producto\/bookingpress-braintree-payment-gateway\/","title":{"rendered":"BookingPress Braintree Payment Gateway 1.6"},"content":{"rendered":"<h3>BookingPress Braintree Payment Gateway Caracteristicas<\/h3>\n<p>Desbloquee el potencial de su plataforma BookingPress con el plugin Braintree Gateway, dise\u00f1ado para optimizar sus procesos de pago y mejorar la satisfacci\u00f3n del usuario. Esta potente integraci\u00f3n le permite ofrecer un procesamiento de pagos seguro directamente en su interfaz de BookingPress, garantizando transacciones fluidas, seguras y eficientes.<\/p>\n<p>Con la integraci\u00f3n de Braintree Payment Gateway para BookingPress, puede a\u00f1adir f\u00e1cilmente Braintree Gateway a su sistema BookingPress, lo que permitir\u00e1 a su negocio aceptar una amplia gama de m\u00e9todos de pago, como tarjetas de cr\u00e9dito, PayPal, Venmo y m\u00e1s. Esta integraci\u00f3n no solo simplifica el proceso de pago para sus clientes, sino que tambi\u00e9n garantiza que todas las transacciones est\u00e9n protegidas con medidas de seguridad avanzadas.<\/p>\n<p>Ideal para empresas que buscan soluciones de pago fiables de Braintree, este plugin facilita la gesti\u00f3n de reservas y pagos en un solo lugar. Tanto si gestiona un hotel, una empresa de gesti\u00f3n de eventos como cualquier negocio de servicios, la integraci\u00f3n de Braintree con su configuraci\u00f3n de BookingPress aumentar\u00e1 su eficiencia operativa y la atenci\u00f3n al cliente.<\/p>\n<ul>\n<li>Se integra perfectamente con el plugin de BookingPress<\/li>\n<li>Admite el procesamiento seguro de tarjetas de cr\u00e9dito<\/li>\n<li>Ofrece la opci\u00f3n de pago con PayPal a trav\u00e9s de Braintree<\/li>\n<li>Proporciona una interfaz sencilla e intuitiva<\/li>\n<li>Garantiza el cumplimiento de la normativa PCI para transacciones seguras<\/li>\n<li>Admite m\u00faltiples divisas para transacciones internacionales<\/li>\n<li>Permite pagos recurrentes para suscripciones y reservas<\/li>\n<li>Ofrece procesamiento de pagos en tiempo real<\/li>\n<li>Proporciona informes detallados de transacciones<\/li>\n<li>Admite pagos m\u00f3viles para transacciones en cualquier lugar<\/li>\n<\/ul>\n","protected":false},"excerpt":{"rendered":"<p>Presentamos la integraci\u00f3n de la pasarela de pago Braintree de BookingPress, su soluci\u00f3n ideal para el procesamiento seguro de pagos. Integre f\u00e1cilmente el plugin Braintree Gateway con BookingPress para optimizar la funcionalidad de su sistema de reservas. Esta potente integraci\u00f3n le permite ofrecer las robustas soluciones de pago de Braintree, garantizando una experiencia de transacci\u00f3n fluida y segura para sus clientes. Descubra c\u00f3mo a\u00f1adir Braintree Gateway a BookingPress y aproveche funciones como la protecci\u00f3n avanzada contra el fraude y procesos de pago optimizados. Impulse su negocio con la fiable y eficiente integraci\u00f3n de la pasarela de pago Braintree de BookingPress, donde la comodidad se une a la seguridad.<\/p>\n","protected":false},"featured_media":169236,"comment_status":"open","ping_status":"open","template":"","meta":[],"product_brand":[2682],"product_cat":[1207,1426,1206],"product_tag":[2323],"class_list":{"0":"post-157502","1":"product","2":"type-product","3":"status-publish","4":"has-post-thumbnail","6":"product_brand-bookingpress","7":"product_cat-comercio-electronico-plugins","8":"product_cat-pago-comercio-electronico-plugins","9":"product_cat-plugins","10":"product_tag-bookingpress","11":"member-discount","12":"discount-restricted","14":"first","15":"instock","16":"sale","17":"downloadable","18":"virtual","19":"sold-individually","20":"purchasable","21":"product-type-simple"},"_links":{"self":[{"href":"https:\/\/gpl-love.com\/es\/wp-json\/wp\/v2\/product\/157502","targetHints":{"allow":["GET"]}}],"collection":[{"href":"https:\/\/gpl-love.com\/es\/wp-json\/wp\/v2\/product"}],"about":[{"href":"https:\/\/gpl-love.com\/es\/wp-json\/wp\/v2\/types\/product"}],"replies":[{"embeddable":true,"href":"https:\/\/gpl-love.com\/es\/wp-json\/wp\/v2\/comments?post=157502"}],"wp:featuredmedia":[{"embeddable":true,"href":"https:\/\/gpl-love.com\/es\/wp-json\/wp\/v2\/media\/169236"}],"wp:attachment":[{"href":"https:\/\/gpl-love.com\/es\/wp-json\/wp\/v2\/media?parent=157502"}],"wp:term":[{"taxonomy":"product_brand","embeddable":true,"href":"https:\/\/gpl-love.com\/es\/wp-json\/wp\/v2\/product_brand?post=157502"},{"taxonomy":"product_cat","embeddable":true,"href":"https:\/\/gpl-love.com\/es\/wp-json\/wp\/v2\/product_cat?post=157502"},{"taxonomy":"product_tag","embeddable":true,"href":"https:\/\/gpl-love.com\/es\/wp-json\/wp\/v2\/product_tag?post=157502"}],"curies":[{"name":"wp","href":"https:\/\/api.w.org\/{rel}","templated":true}]}}