{"id":157501,"date":"2026-04-21T00:00:00","date_gmt":"2026-04-21T05:00:00","guid":{"rendered":"https:\/\/gpl-love.com\/es\/producto\/bookingpress-cart\/"},"modified":"2026-04-21T11:17:08","modified_gmt":"2026-04-21T16:17:08","slug":"bookingpress-cart","status":"publish","type":"product","link":"https:\/\/gpl-love.com\/es\/producto\/bookingpress-cart\/","title":{"rendered":"BookingPress Cart 4.1"},"content":{"rendered":"<h3>BookingPress Cart Caracteristicas<\/h3>\n<p>Presentamos el nuevo BookingPress Cart: \u00a1la soluci\u00f3n definitiva para agilizar tus reservas y citas online! Repleta de potentes funciones, esta herramienta optimiza tu servicio con una integraci\u00f3n perfecta, garantizando una experiencia fluida tanto para ti como para tus clientes.<\/p>\n<p>Con BookingPress Cart, la personalizaci\u00f3n est\u00e1 al alcance de tu mano. Adapta tu proceso de reservas a las necesidades de tu negocio y mejora la experiencia del usuario. Nuestra detallada gu\u00eda de usuario facilita la configuraci\u00f3n, y con sus precios competitivos, obtienes funciones premium sin gastar una fortuna.<\/p>\n<p>Mantente a la vanguardia con las actualizaciones peri\u00f3dicas de BookingPress Cart, manteniendo tu sistema moderno y eficiente. Compara nuestro sistema con otros usando nuestra herramienta de comparaci\u00f3n de BookingPress Cart y descubre por qu\u00e9 nuestra soluci\u00f3n destaca.<\/p>\n<p>No te f\u00edes solo de nuestra palabra; consulta las excelentes rese\u00f1as de BookingPress Cart de empresas como la tuya. \u00bfNecesitas ayuda? Nuestro equipo de soporte de BookingPress Cart est\u00e1 siempre listo para ayudarte.<\/p>\n<p>Elija BookingPress Cart para una soluci\u00f3n de reservas s\u00f3lida y personalizable que<\/p>\n<ul>\n<li>Sistema de reservas online para programar citas<\/li>\n<li>Formularios de reserva personalizables<\/li>\n<li>Opciones integradas de procesamiento de pagos<\/li>\n<li>Recordatorios autom\u00e1ticos por correo electr\u00f3nico y SMS<\/li>\n<li>Gesti\u00f3n de varios empleados<\/li>\n<li>Sincronizaci\u00f3n con Google Calendar<\/li>\n<li>Interfaz intuitiva para administradores y clientes<\/li>\n<li>Actualizaciones de disponibilidad en tiempo real<\/li>\n<li>Compatibilidad con diversos servicios y opciones de precios<\/li>\n<li>Compatibilidad m\u00f3vil para reservas en cualquier lugar<\/li>\n<\/ul>\n","protected":false},"excerpt":{"rendered":"<p>Presentamos BookingPress Cart, la soluci\u00f3n definitiva dise\u00f1ada para optimizar tu experiencia de reserva. Con una integraci\u00f3n perfecta y una gu\u00eda intuitiva, BookingPress Cart garantiza una configuraci\u00f3n sin complicaciones. Descubre el poder de la personalizaci\u00f3n y explora una gama de funciones dise\u00f1adas para optimizar tu eficiencia operativa. Nuestros precios competitivos y las buenas opiniones de nuestros clientes reflejan nuestro compromiso con la calidad y la asequibilidad. Disfruta de soporte dedicado, actualizaciones peri\u00f3dicas y comparativas completas con otros carritos. Tanto si buscas mejorar como empezar de cero, BookingPress Cart ofrece la combinaci\u00f3n perfecta de funcionalidad e innovaci\u00f3n para satisfacer las necesidades de tu negocio.<\/p>\n","protected":false},"featured_media":169235,"comment_status":"open","ping_status":"open","template":"","meta":[],"product_brand":[2682],"product_cat":[1207,1248,1206],"product_tag":[2323],"class_list":{"0":"post-157501","1":"product","2":"type-product","3":"status-publish","4":"has-post-thumbnail","6":"product_brand-bookingpress","7":"product_cat-comercio-electronico-plugins","8":"product_cat-personalizacion-comercio-electronico-plugins","9":"product_cat-plugins","10":"product_tag-bookingpress","11":"member-discount","12":"discount-restricted","14":"first","15":"instock","16":"sale","17":"downloadable","18":"virtual","19":"sold-individually","20":"purchasable","21":"product-type-simple"},"_links":{"self":[{"href":"https:\/\/gpl-love.com\/es\/wp-json\/wp\/v2\/product\/157501","targetHints":{"allow":["GET"]}}],"collection":[{"href":"https:\/\/gpl-love.com\/es\/wp-json\/wp\/v2\/product"}],"about":[{"href":"https:\/\/gpl-love.com\/es\/wp-json\/wp\/v2\/types\/product"}],"replies":[{"embeddable":true,"href":"https:\/\/gpl-love.com\/es\/wp-json\/wp\/v2\/comments?post=157501"}],"wp:featuredmedia":[{"embeddable":true,"href":"https:\/\/gpl-love.com\/es\/wp-json\/wp\/v2\/media\/169235"}],"wp:attachment":[{"href":"https:\/\/gpl-love.com\/es\/wp-json\/wp\/v2\/media?parent=157501"}],"wp:term":[{"taxonomy":"product_brand","embeddable":true,"href":"https:\/\/gpl-love.com\/es\/wp-json\/wp\/v2\/product_brand?post=157501"},{"taxonomy":"product_cat","embeddable":true,"href":"https:\/\/gpl-love.com\/es\/wp-json\/wp\/v2\/product_cat?post=157501"},{"taxonomy":"product_tag","embeddable":true,"href":"https:\/\/gpl-love.com\/es\/wp-json\/wp\/v2\/product_tag?post=157501"}],"curies":[{"name":"wp","href":"https:\/\/api.w.org\/{rel}","templated":true}]}}