{"id":157499,"date":"2026-04-21T00:00:00","date_gmt":"2026-04-21T05:00:00","guid":{"rendered":"https:\/\/gpl-love.com\/es\/producto\/bookingpress-custom-service-duration\/"},"modified":"2026-04-21T11:17:07","modified_gmt":"2026-04-21T16:17:07","slug":"bookingpress-custom-service-duration","status":"publish","type":"product","link":"https:\/\/gpl-love.com\/es\/producto\/bookingpress-custom-service-duration\/","title":{"rendered":"BookingPress Custom Service Duration 3.2"},"content":{"rendered":"<h3>BookingPress Custom Service Duration Caracteristicas<\/h3>\n<p>Mejore su experiencia de reserva con el plugin de duraci\u00f3n de servicio personalizado de BookingPress, una soluci\u00f3n din\u00e1mica dise\u00f1ada para ofrecer la m\u00e1xima flexibilidad y eficiencia en la gesti\u00f3n de sus citas. Esta herramienta es esencial para las empresas que buscan personalizar los horarios de servicio de BookingPress, ajustar f\u00e1cilmente la duraci\u00f3n de las citas y ampliar la duraci\u00f3n del servicio con precisi\u00f3n.<\/p>\n<p>Con la funci\u00f3n de personalizaci\u00f3n de la duraci\u00f3n de BookingPress, puede adaptar cada servicio a las necesidades espec\u00edficas de sus clientes, ofreciendo experiencias personalizadas que mejoran la satisfacci\u00f3n y la retenci\u00f3n. La flexibilidad en la duraci\u00f3n de los servicios que ofrece BookingPress permite un control meticuloso de la duraci\u00f3n de cada servicio, lo que le permite optimizar su programaci\u00f3n diaria y maximizar la productividad.<\/p>\n<p>La interfaz intuitiva del plugin facilita la configuraci\u00f3n y la aplicaci\u00f3n de ajustes personalizados de duraci\u00f3n de servicio directamente en su panel de control de BookingPress. Tanto si desea ajustar los horarios de consulta como ampliar las sesiones para servicios especiales, este plugin garantiza que su negocio pueda adaptarse a diversas demandas sin comprometer la calidad.<\/p>\n<ul>\n<li>Opciones personalizables de duraci\u00f3n del servicio<\/li>\n<li>Programaci\u00f3n flexible para diferentes duraciones de servicio<\/li>\n<li>Integraci\u00f3n con las aplicaciones de calendario m\u00e1s populares<\/li>\n<li>Actualizaciones de disponibilidad en tiempo real<\/li>\n<li>Interfaz intuitiva para ajustes sencillos<\/li>\n<li>Permite personalizar la duraci\u00f3n minuto a minuto<\/li>\n<li>Compatible con m\u00faltiples zonas horarias<\/li>\n<li>Opci\u00f3n para establecer duraciones predeterminadas para servicios espec\u00edficos<\/li>\n<li>Permite excepciones y duraciones especiales en fechas espec\u00edficas<\/li>\n<li>Proporciona an\u00e1lisis detallados sobre las preferencias de duraci\u00f3n del servicio<\/li>\n<\/ul>\n","protected":false},"excerpt":{"rendered":"<p>Presentamos el plugin de duraci\u00f3n de servicio personalizado de BookingPress: \u00a1la soluci\u00f3n definitiva para una duraci\u00f3n de servicio flexible! Personaliza f\u00e1cilmente la duraci\u00f3n de tus citas con nuestras funciones de personalizaci\u00f3n de duraci\u00f3n de BookingPress. Ampl\u00eda o ajusta la duraci\u00f3n de los servicios de BookingPress con precisi\u00f3n para satisfacer las necesidades de tu negocio. Este plugin te permite personalizar la duraci\u00f3n de los servicios de BookingPress, garantizando una flexibilidad de programaci\u00f3n \u00f3ptima. Mejora tu sistema de reservas con nuestro plugin de duraci\u00f3n de servicio personalizado, que te permite ajustar la duraci\u00f3n de tus servicios con precisi\u00f3n. Ideal para empresas que buscan precisi\u00f3n y satisfacci\u00f3n del cliente, la configuraci\u00f3n de duraci\u00f3n de servicio de BookingPress facilita la programaci\u00f3n y la hace m\u00e1s eficiente. \u00a1Mejora tu experiencia de reserva con la personalizaci\u00f3n de servicios del plugin de BookingPress hoy mismo!<\/p>\n","protected":false},"featured_media":169233,"comment_status":"open","ping_status":"open","template":"","meta":[],"product_brand":[2682],"product_cat":[1214,1206,1211],"product_tag":[2323],"class_list":{"0":"post-157499","1":"product","2":"type-product","3":"status-publish","4":"has-post-thumbnail","6":"product_brand-bookingpress","7":"product_cat-personalizacion","8":"product_cat-plugins","9":"product_cat-wordpress-plugins","10":"product_tag-bookingpress","11":"member-discount","12":"discount-restricted","14":"first","15":"instock","16":"sale","17":"downloadable","18":"virtual","19":"sold-individually","20":"purchasable","21":"product-type-simple"},"_links":{"self":[{"href":"https:\/\/gpl-love.com\/es\/wp-json\/wp\/v2\/product\/157499","targetHints":{"allow":["GET"]}}],"collection":[{"href":"https:\/\/gpl-love.com\/es\/wp-json\/wp\/v2\/product"}],"about":[{"href":"https:\/\/gpl-love.com\/es\/wp-json\/wp\/v2\/types\/product"}],"replies":[{"embeddable":true,"href":"https:\/\/gpl-love.com\/es\/wp-json\/wp\/v2\/comments?post=157499"}],"wp:featuredmedia":[{"embeddable":true,"href":"https:\/\/gpl-love.com\/es\/wp-json\/wp\/v2\/media\/169233"}],"wp:attachment":[{"href":"https:\/\/gpl-love.com\/es\/wp-json\/wp\/v2\/media?parent=157499"}],"wp:term":[{"taxonomy":"product_brand","embeddable":true,"href":"https:\/\/gpl-love.com\/es\/wp-json\/wp\/v2\/product_brand?post=157499"},{"taxonomy":"product_cat","embeddable":true,"href":"https:\/\/gpl-love.com\/es\/wp-json\/wp\/v2\/product_cat?post=157499"},{"taxonomy":"product_tag","embeddable":true,"href":"https:\/\/gpl-love.com\/es\/wp-json\/wp\/v2\/product_tag?post=157499"}],"curies":[{"name":"wp","href":"https:\/\/api.w.org\/{rel}","templated":true}]}}