{"id":157498,"date":"2025-10-20T00:00:00","date_gmt":"2025-10-20T05:00:00","guid":{"rendered":"https:\/\/gpl-love.com\/es\/producto\/bookingpress-advanced-discount\/"},"modified":"2026-03-09T08:47:04","modified_gmt":"2026-03-09T13:47:04","slug":"bookingpress-advanced-discount","status":"publish","type":"product","link":"https:\/\/gpl-love.com\/es\/producto\/bookingpress-advanced-discount\/","title":{"rendered":"BookingPress Advanced Discount 1.7"},"content":{"rendered":"<h3>BookingPress Advanced Discount Caracteristicas<\/h3>\n<p>Aprovecha al m\u00e1ximo tu sistema de reservas online con las Reglas de Descuento Avanzadas de BookingPress. Esta potente funci\u00f3n te permite implementar sofisticadas estrategias de descuento, garantizando que tus promociones no solo atraigan nuevos clientes, sino que tambi\u00e9n deleiten a los que regresan.<\/p>\n<p>### Domina el Arte del Ahorro<\/p>\n<p>Sum\u00e9rgete en nuestra completa Gu\u00eda de Configuraci\u00f3n de Descuentos de BookingPress, que te gu\u00eda paso a paso para crear promociones atractivas. Aprende a usar BookingPress para crear promociones que conecten con tu p\u00fablico objetivo, impulsando tanto el tr\u00e1fico como las conversiones.<\/p>\n<p>### Personaliza tus Promociones<\/p>\n<p>Tanto si buscas configurar descuentos de temporada, ofertas de \u00faltima hora o recompensas de fidelidad, nuestra gu\u00eda sobre la Configuraci\u00f3n de Descuentos de BookingPress te ofrece toda la informaci\u00f3n que necesitas. Con las Estrategias de Descuento Avanzadas de BookingPress, puedes personalizar ofertas que se aplican autom\u00e1ticamente al finalizar la compra, haciendo que tus promociones sean fluidas e intuitivas.<\/p>\n<p>### Optimiza tus campa\u00f1as<\/p>\n<p>Aprovecha las funciones avanzadas de descuentos de BookingPress para optimizar tu rentabilidad y visibilidad con cada descuento que ofrezcas.<\/p>\n<ul>\n<li>Ofrece descuentos porcentuales<\/li>\n<li>Permite descuentos por importe fijo<\/li>\n<li>Admite descuentos condicionales seg\u00fan los detalles de la reserva<\/li>\n<li>Incluye ofertas por tiempo limitado para reservas anticipadas o de \u00faltima hora<\/li>\n<li>Ofrece opciones de descuento para grupos con m\u00faltiples reservas<\/li>\n<li>Incluye c\u00f3digos de descuento personalizables<\/li>\n<li>Se integra a la perfecci\u00f3n con el software de programaci\u00f3n BookingPress<\/li>\n<li>Permite la aplicaci\u00f3n autom\u00e1tica de descuentos al finalizar la compra<\/li>\n<li>Permite excluir fechas o servicios espec\u00edficos de los descuentos<\/li>\n<li>Proporciona una interfaz intuitiva para gestionar f\u00e1cilmente las reglas de descuento<\/li>\n<\/ul>\n","protected":false},"excerpt":{"rendered":"<p>Descubre c\u00f3mo maximizar tus promociones con las Reglas de Descuento Avanzadas de BookingPress. Nuestra completa Gu\u00eda de Configuraci\u00f3n de Descuentos de BookingPress te gu\u00eda paso a paso para configurar tus descuentos de BookingPress sin esfuerzo. Aprende estrategias de descuento avanzadas en BookingPress para mejorar tus estrategias de venta. Tanto si eres principiante como si eres un experto en marketing, nuestra gu\u00eda sobre c\u00f3mo usar BookingPress para promociones y optimizar las funciones de descuento avanzadas de BookingPress te ayudar\u00e1 a optimizar tus posibilidades promocionales. \u00a1Empieza hoy mismo a aprovechar el poder de los descuentos personalizados y ver\u00e1s c\u00f3mo tus reservas se disparan!<\/p>\n","protected":false},"featured_media":169232,"comment_status":"open","ping_status":"open","template":"","meta":[],"product_brand":[2682],"product_cat":[1207,1225,1206],"product_tag":[2323],"class_list":{"0":"post-157498","1":"product","2":"type-product","3":"status-publish","4":"has-post-thumbnail","6":"product_brand-bookingpress","7":"product_cat-comercio-electronico-plugins","8":"product_cat-marketing","9":"product_cat-plugins","10":"product_tag-bookingpress","11":"member-discount","12":"discount-restricted","14":"first","15":"instock","16":"sale","17":"downloadable","18":"virtual","19":"sold-individually","20":"purchasable","21":"product-type-simple"},"_links":{"self":[{"href":"https:\/\/gpl-love.com\/es\/wp-json\/wp\/v2\/product\/157498","targetHints":{"allow":["GET"]}}],"collection":[{"href":"https:\/\/gpl-love.com\/es\/wp-json\/wp\/v2\/product"}],"about":[{"href":"https:\/\/gpl-love.com\/es\/wp-json\/wp\/v2\/types\/product"}],"replies":[{"embeddable":true,"href":"https:\/\/gpl-love.com\/es\/wp-json\/wp\/v2\/comments?post=157498"}],"wp:featuredmedia":[{"embeddable":true,"href":"https:\/\/gpl-love.com\/es\/wp-json\/wp\/v2\/media\/169232"}],"wp:attachment":[{"href":"https:\/\/gpl-love.com\/es\/wp-json\/wp\/v2\/media?parent=157498"}],"wp:term":[{"taxonomy":"product_brand","embeddable":true,"href":"https:\/\/gpl-love.com\/es\/wp-json\/wp\/v2\/product_brand?post=157498"},{"taxonomy":"product_cat","embeddable":true,"href":"https:\/\/gpl-love.com\/es\/wp-json\/wp\/v2\/product_cat?post=157498"},{"taxonomy":"product_tag","embeddable":true,"href":"https:\/\/gpl-love.com\/es\/wp-json\/wp\/v2\/product_tag?post=157498"}],"curies":[{"name":"wp","href":"https:\/\/api.w.org\/{rel}","templated":true}]}}