{"id":157497,"date":"2025-09-22T00:00:00","date_gmt":"2025-09-22T05:00:00","guid":{"rendered":"https:\/\/gpl-love.com\/es\/producto\/bookingpress-google-calendar\/"},"modified":"2026-03-09T08:47:03","modified_gmt":"2026-03-09T13:47:03","slug":"bookingpress-google-calendar","status":"publish","type":"product","link":"https:\/\/gpl-love.com\/es\/producto\/bookingpress-google-calendar\/","title":{"rendered":"BookingPress Google Calendar 3.3"},"content":{"rendered":"<h3>BookingPress Google Calendar Caracteristicas<\/h3>\n<p>Optimiza la programaci\u00f3n de tus citas con la integraci\u00f3n de BookingPress con Google Calendar. Perfecto tanto para empresas como para profesionales, este potente plugin garantiza que tu sistema BookingPress se sincronice a la perfecci\u00f3n con Google Calendar. Dile adi\u00f3s a las reservas duplicadas y a los conflictos de programaci\u00f3n con la sincronizaci\u00f3n en tiempo real.<\/p>\n<p>Configurarlo es facil\u00edsimo: sigue nuestro sencillo tutorial de configuraci\u00f3n de BookingPress con Google Calendar para empezar. Aprende a usar BookingPress con Google Calendar con instrucciones paso a paso que te permitir\u00e1n gestionar tus reservas de forma eficiente en un abrir y cerrar de ojos.<\/p>\n<p>Descubre las potentes funciones de Google Calendar en BookingPress, que te permiten ver tus citas directamente en Google Calendar, enviar recordatorios autom\u00e1ticos a tus clientes y mucho m\u00e1s. Usar Google Calendar para las reservas de BookingPress no solo simplifica tu flujo de trabajo, sino que tambi\u00e9n mejora la satisfacci\u00f3n de tus clientes, asegur\u00e1ndote de que recuerden sus citas.<\/p>\n<ul>\n<li>Integraci\u00f3n perfecta con Google Calendar<\/li>\n<li>Actualizaciones de disponibilidad en tiempo real<\/li>\n<li>Confirmaciones y recordatorios de reservas automatizados<\/li>\n<li>F\u00e1cil configuraci\u00f3n e interfaz intuitiva<\/li>\n<li>Compatible con m\u00faltiples calendarios para diversos servicios<\/li>\n<li>Formularios de reserva personalizables<\/li>\n<li>Sincronizaci\u00f3n con plataformas m\u00f3viles y de escritorio<\/li>\n<li>Mejora la productividad al reducir los conflictos de programaci\u00f3n<\/li>\n<li>Gesti\u00f3n segura de datos y cumplimiento de la privacidad<\/li>\n<li>Compatible con diversas plataformas y creadores de sitios web<\/li>\n<\/ul>\n","protected":false},"excerpt":{"rendered":"<p>Presentamos la integraci\u00f3n de BookingPress con Google Calendar: \u00a1la soluci\u00f3n definitiva para optimizar la programaci\u00f3n de citas! Sincroniza y gestiona tus reservas directamente desde tu Google Calendar con nuestro plugin f\u00e1cil de usar. Aprende a usar BookingPress con Google Calendar con nuestra sencilla configuraci\u00f3n y tutorial, optimizando tu programaci\u00f3n. Disfruta de las potentes funciones de Google Calendar en BookingPress, como la sincronizaci\u00f3n autom\u00e1tica y la gesti\u00f3n sencilla del calendario. Perfecta para empresas que buscan optimizar BookingPress con Google Calendar, nuestra integraci\u00f3n garantiza que gestionar tus citas sea m\u00e1s f\u00e1cil que nunca. \u00a1Empieza hoy mismo y transforma tu proceso de reservas con la integraci\u00f3n de BookingPress con Google Calendar!<\/p>\n","protected":false},"featured_media":169231,"comment_status":"open","ping_status":"open","template":"","meta":[],"product_brand":[2682],"product_cat":[1212,1206,1211],"product_tag":[2323],"class_list":{"0":"post-157497","1":"product","2":"type-product","3":"status-publish","4":"has-post-thumbnail","6":"product_brand-bookingpress","7":"product_cat-administracion-wordpress-plugins","8":"product_cat-plugins","9":"product_cat-wordpress-plugins","10":"product_tag-bookingpress","11":"member-discount","12":"discount-restricted","14":"first","15":"instock","16":"sale","17":"downloadable","18":"virtual","19":"sold-individually","20":"purchasable","21":"product-type-simple"},"_links":{"self":[{"href":"https:\/\/gpl-love.com\/es\/wp-json\/wp\/v2\/product\/157497","targetHints":{"allow":["GET"]}}],"collection":[{"href":"https:\/\/gpl-love.com\/es\/wp-json\/wp\/v2\/product"}],"about":[{"href":"https:\/\/gpl-love.com\/es\/wp-json\/wp\/v2\/types\/product"}],"replies":[{"embeddable":true,"href":"https:\/\/gpl-love.com\/es\/wp-json\/wp\/v2\/comments?post=157497"}],"wp:featuredmedia":[{"embeddable":true,"href":"https:\/\/gpl-love.com\/es\/wp-json\/wp\/v2\/media\/169231"}],"wp:attachment":[{"href":"https:\/\/gpl-love.com\/es\/wp-json\/wp\/v2\/media?parent=157497"}],"wp:term":[{"taxonomy":"product_brand","embeddable":true,"href":"https:\/\/gpl-love.com\/es\/wp-json\/wp\/v2\/product_brand?post=157497"},{"taxonomy":"product_cat","embeddable":true,"href":"https:\/\/gpl-love.com\/es\/wp-json\/wp\/v2\/product_cat?post=157497"},{"taxonomy":"product_tag","embeddable":true,"href":"https:\/\/gpl-love.com\/es\/wp-json\/wp\/v2\/product_tag?post=157497"}],"curies":[{"name":"wp","href":"https:\/\/api.w.org\/{rel}","templated":true}]}}