{"id":157496,"date":"2024-04-14T00:00:00","date_gmt":"2024-04-14T05:00:00","guid":{"rendered":"https:\/\/gpl-love.com\/es\/producto\/bookingpress-google-captcha\/"},"modified":"2026-03-09T08:47:02","modified_gmt":"2026-03-09T13:47:02","slug":"bookingpress-google-captcha","status":"publish","type":"product","link":"https:\/\/gpl-love.com\/es\/producto\/bookingpress-google-captcha\/","title":{"rendered":"BookingPress Google Captcha 1.3"},"content":{"rendered":"<h3>BookingPress Google Captcha Caracteristicas<\/h3>\n<p>\u00a1Desbloquea todo el potencial de tu sitio BookingPress con nuestra integraci\u00f3n avanzada de Google Captcha! Perfecta para empresas que buscan optimizar la funcionalidad de BookingPress Captcha, nuestra soluci\u00f3n a\u00f1ade una capa esencial de seguridad a la vez que mejora el rendimiento SEO de tu sitio.<\/p>\n<p>Nuestro Google Captcha para BookingPress garantiza que tus formularios de reserva est\u00e9n protegidos contra spam y bots, permiti\u00e9ndote centrarte en los clientes reales. Al incorporar esta potente funci\u00f3n, no solo mejoras la seguridad de BookingPress con Captcha, sino que tambi\u00e9n optimizas la experiencia del usuario con interacciones fluidas y seguras.<\/p>\n<ul>\n<li>Se integra perfectamente con el plugin de BookingPress.<\/li>\n<li>Utiliza la tecnolog\u00eda reCAPTCHA de Google para evitar el spam y el abuso.<\/li>\n<li>Mejora la seguridad del sitio web verificando las interacciones del usuario.<\/li>\n<li>F\u00e1cil de instalar y configurar desde la configuraci\u00f3n de BookingPress.<\/li>\n<li>Compatible con reCAPTCHA v2 y v3 para ofrecer opciones de seguridad flexibles.<\/li>\n<li>Ayuda a proteger los formularios de reserva online de bots y ataques automatizados.<\/li>\n<li>Mejora la experiencia del usuario al reducir la necesidad de verificaciones repetidas.<\/li>\n<li>Personalizable para adaptarse a la est\u00e9tica de su sitio web.<\/li>\n<li>Mantiene el proceso de reserva intuitivo y garantiza s\u00f3lidas medidas de seguridad.<\/li>\n<li>Compatible con los principales navegadores y adaptable a todos los dispositivos.<\/li>\n<\/ul>\n","protected":false},"excerpt":{"rendered":"<p>\u00a1Asegura y optimiza tu proceso de reserva con BookingPress Google Captcha! Nuestra herramienta est\u00e1 dise\u00f1ada para optimizar la funcionalidad de BookingPress Captcha, integr\u00e1ndose a la perfecci\u00f3n con Google Captcha para BookingPress, mejorando as\u00ed el SEO de tu sitio web y la seguridad. Al implementar nuestro Captcha, minimizas eficazmente el spam y proteges tu sitio web de bots, garantizando una experiencia intuitiva para tus clientes. Mejora tu BookingPress con nuestro Google Captcha y disfruta de un sistema de reservas online m\u00e1s seguro y eficiente. \u00a1Optimiza, protege y potencia tu plataforma con BookingPress Google Captcha hoy mismo!<\/p>\n","protected":false},"featured_media":169230,"comment_status":"open","ping_status":"open","template":"","meta":[],"product_brand":[2682],"product_cat":[1214,1206,1211],"product_tag":[2323],"class_list":{"0":"post-157496","1":"product","2":"type-product","3":"status-publish","4":"has-post-thumbnail","6":"product_brand-bookingpress","7":"product_cat-personalizacion","8":"product_cat-plugins","9":"product_cat-wordpress-plugins","10":"product_tag-bookingpress","11":"member-discount","12":"discount-restricted","14":"first","15":"instock","16":"sale","17":"downloadable","18":"virtual","19":"sold-individually","20":"purchasable","21":"product-type-simple"},"_links":{"self":[{"href":"https:\/\/gpl-love.com\/es\/wp-json\/wp\/v2\/product\/157496","targetHints":{"allow":["GET"]}}],"collection":[{"href":"https:\/\/gpl-love.com\/es\/wp-json\/wp\/v2\/product"}],"about":[{"href":"https:\/\/gpl-love.com\/es\/wp-json\/wp\/v2\/types\/product"}],"replies":[{"embeddable":true,"href":"https:\/\/gpl-love.com\/es\/wp-json\/wp\/v2\/comments?post=157496"}],"wp:featuredmedia":[{"embeddable":true,"href":"https:\/\/gpl-love.com\/es\/wp-json\/wp\/v2\/media\/169230"}],"wp:attachment":[{"href":"https:\/\/gpl-love.com\/es\/wp-json\/wp\/v2\/media?parent=157496"}],"wp:term":[{"taxonomy":"product_brand","embeddable":true,"href":"https:\/\/gpl-love.com\/es\/wp-json\/wp\/v2\/product_brand?post=157496"},{"taxonomy":"product_cat","embeddable":true,"href":"https:\/\/gpl-love.com\/es\/wp-json\/wp\/v2\/product_cat?post=157496"},{"taxonomy":"product_tag","embeddable":true,"href":"https:\/\/gpl-love.com\/es\/wp-json\/wp\/v2\/product_tag?post=157496"}],"curies":[{"name":"wp","href":"https:\/\/api.w.org\/{rel}","templated":true}]}}