{"id":157495,"date":"2026-04-21T00:00:00","date_gmt":"2026-04-21T05:00:00","guid":{"rendered":"https:\/\/gpl-love.com\/es\/producto\/bookingpress-happy-hours-pricing\/"},"modified":"2026-04-21T11:17:06","modified_gmt":"2026-04-21T16:17:06","slug":"bookingpress-happy-hours-pricing","status":"publish","type":"product","link":"https:\/\/gpl-love.com\/es\/producto\/bookingpress-happy-hours-pricing\/","title":{"rendered":"BookingPress Happy Hours Pricing 2.3"},"content":{"rendered":"<h3>BookingPress Happy Hours Pricing Caracteristicas<\/h3>\n<p>Descubra un valor inigualable con los precios de Happy Hours de BookingPress, dise\u00f1ados para que la planificaci\u00f3n de su evento sea sencilla y econ\u00f3mica. Ya sea que est\u00e9 organizando una reuni\u00f3n informal o formal, Happy Hours asequibles de BookingPress le ofrece la flexibilidad y las funciones que necesita a un precio accesible.<\/p>\n<p>Nuestras tarifas de Happy Hours para eventos de BookingPress est\u00e1n dise\u00f1adas para adaptarse a cualquier presupuesto, garantizando que cada hora sea tan agradable como asequible. Con Happy Hours econ\u00f3micos de BookingPress, tendr\u00e1 acceso a funciones premium sin un precio elevado. Desde interfaces de reserva sencillas hasta herramientas de gesti\u00f3n robustas, todo est\u00e1 configurado para impulsar el \u00e9xito de su evento.<\/p>\n<p>Aproveche nuestros precios de Happy Hours de BookingPress y experimente la facilidad de gestionar eventos con un sistema dise\u00f1ado para la satisfacci\u00f3n y la asequibilidad. Haga que su pr\u00f3ximo evento sea memorable sin forzar su presupuesto. Elija BookingPress para sus happy hours y observe c\u00f3mo sus invitados disfrutan de un momento fant\u00e1stico, mientras usted disfruta de los ahorros. Reserve su espacio hoy mismo y brinde.<\/p>\n<ul>\n<li>Ajusta autom\u00e1ticamente los precios de los servicios durante las horas felices designadas<\/li>\n<li>Franjas horarias personalizables para promociones de hora feliz<\/li>\n<li>Se integra a la perfecci\u00f3n con el software de programaci\u00f3n BookingPress<\/li>\n<li>Permite diferentes niveles de precios seg\u00fan el d\u00eda y la hora<\/li>\n<li>F\u00e1cil de configurar y gestionar gracias a una interfaz intuitiva<\/li>\n<li>Admite m\u00faltiples servicios y categor\u00edas para establecer precios diferenciados<\/li>\n<li>Promueve un aumento de reservas durante las horas valle<\/li>\n<li>Compatible con plataformas m\u00f3viles y de escritorio<\/li>\n<li>Proporciona actualizaciones en tiempo real a los clientes sobre los cambios de precios<\/li>\n<li>Mejora la satisfacci\u00f3n del cliente con opciones de precios din\u00e1micos<\/li>\n<\/ul>\n","protected":false},"excerpt":{"rendered":"<p>\u00a1Descubre un valor inigualable con los precios de Happy Hour de BookingPress! Tanto si planeas un evento inolvidable como una reuni\u00f3n informal, nuestras opciones de happy hour asequibles de BookingPress son la soluci\u00f3n perfecta. Disfruta de las tarifas econ\u00f3micas de Happy Hour de BookingPress sin sacrificar la calidad ni la diversi\u00f3n. Nuestra plataforma facilita la programaci\u00f3n, garantizando que tu happy hour con BookingPress sea de primera. No te pierdas nuestros precios competitivos de happy hour de BookingPress. Haz que tu pr\u00f3ximo evento sea un \u00e9xito con la opci\u00f3n m\u00e1s rentable y completa del mercado. \u00a1\u00danete a la fiesta y ahorra con BookingPress!<\/p>\n","protected":false},"featured_media":169229,"comment_status":"open","ping_status":"open","template":"","meta":[],"product_brand":[2682],"product_cat":[1232,1206,1211],"product_tag":[2323],"class_list":{"0":"post-157495","1":"product","2":"type-product","3":"status-publish","4":"has-post-thumbnail","6":"product_brand-bookingpress","7":"product_cat-marketing-wordpress-plugins","8":"product_cat-plugins","9":"product_cat-wordpress-plugins","10":"product_tag-bookingpress","11":"member-discount","12":"discount-restricted","14":"first","15":"instock","16":"sale","17":"downloadable","18":"virtual","19":"sold-individually","20":"purchasable","21":"product-type-simple"},"_links":{"self":[{"href":"https:\/\/gpl-love.com\/es\/wp-json\/wp\/v2\/product\/157495","targetHints":{"allow":["GET"]}}],"collection":[{"href":"https:\/\/gpl-love.com\/es\/wp-json\/wp\/v2\/product"}],"about":[{"href":"https:\/\/gpl-love.com\/es\/wp-json\/wp\/v2\/types\/product"}],"replies":[{"embeddable":true,"href":"https:\/\/gpl-love.com\/es\/wp-json\/wp\/v2\/comments?post=157495"}],"wp:featuredmedia":[{"embeddable":true,"href":"https:\/\/gpl-love.com\/es\/wp-json\/wp\/v2\/media\/169229"}],"wp:attachment":[{"href":"https:\/\/gpl-love.com\/es\/wp-json\/wp\/v2\/media?parent=157495"}],"wp:term":[{"taxonomy":"product_brand","embeddable":true,"href":"https:\/\/gpl-love.com\/es\/wp-json\/wp\/v2\/product_brand?post=157495"},{"taxonomy":"product_cat","embeddable":true,"href":"https:\/\/gpl-love.com\/es\/wp-json\/wp\/v2\/product_cat?post=157495"},{"taxonomy":"product_tag","embeddable":true,"href":"https:\/\/gpl-love.com\/es\/wp-json\/wp\/v2\/product_tag?post=157495"}],"curies":[{"name":"wp","href":"https:\/\/api.w.org\/{rel}","templated":true}]}}