{"id":157494,"date":"2026-04-21T00:00:00","date_gmt":"2026-04-21T05:00:00","guid":{"rendered":"https:\/\/gpl-love.com\/es\/producto\/bookingpress-invoice\/"},"modified":"2026-04-21T11:17:05","modified_gmt":"2026-04-21T16:17:05","slug":"bookingpress-invoice","status":"publish","type":"product","link":"https:\/\/gpl-love.com\/es\/producto\/bookingpress-invoice\/","title":{"rendered":"BookingPress Invoice 2.8"},"content":{"rendered":"<h3>BookingPress Invoice Caracteristicas<\/h3>\n<p>Optimice sus operaciones comerciales con la Plantilla de Facturas de BookingPress: la soluci\u00f3n definitiva para una gesti\u00f3n fluida de sus facturas. Nuestro vanguardista Sistema de Facturas de BookingPress simplifica la generaci\u00f3n de facturas con solo unos clics, integr\u00e1ndose f\u00e1cilmente en su configuraci\u00f3n actual gracias a nuestra Integraci\u00f3n Inteligente.<\/p>\n<p>Personalice sus facturas para que reflejen la identidad de su marca y satisfagan sus necesidades espec\u00edficas, mejorando su profesionalismo y eficiencia. Con las Funciones de Facturas de BookingPress, se beneficiar\u00e1 de completas funciones de automatizaci\u00f3n, reduciendo la introducci\u00f3n manual de datos y minimizando errores. La Automatizaci\u00f3n de Facturas de BookingPress garantiza que su proceso de facturaci\u00f3n sea fluido, preciso y totalmente automatizado, ahorr\u00e1ndole tiempo y esfuerzo.<\/p>\n<p>Tanto si es principiante como si es un profesional con experiencia, nuestro Tutorial de Facturas de BookingPress le ofrece toda la orientaci\u00f3n necesaria para sacar el m\u00e1ximo provecho de su sistema de facturaci\u00f3n. Adem\u00e1s, si alguna vez tiene alg\u00fan problema, nuestro equipo dedicado de soporte de facturas de BookingPress siempre est\u00e1 listo para ayudarlo.<\/p>\n<ul>\n<li>Plantillas de facturas personalizables<\/li>\n<li>C\u00e1lculo autom\u00e1tico de totales e impuestos<\/li>\n<li>Opci\u00f3n para a\u00f1adir el logotipo y la marca de la empresa<\/li>\n<li>Integraci\u00f3n con las principales pasarelas de pago<\/li>\n<li>Seguimiento de facturas en tiempo real<\/li>\n<li>Almacenamiento seguro y copia de seguridad de los datos de las facturas<\/li>\n<li>Compatibilidad con m\u00faltiples divisas<\/li>\n<li>Posibilidad de enviar facturas por correo electr\u00f3nico directamente desde la plataforma<\/li>\n<li>Accesible desde m\u00faltiples dispositivos, incluyendo m\u00f3viles y tabletas<\/li>\n<li>Interfaz intuitiva para una navegaci\u00f3n y un uso sencillos<\/li>\n<\/ul>\n","protected":false},"excerpt":{"rendered":"<p>Transforme su negocio con la Plantilla de Facturas de BookingPress, una soluci\u00f3n integral dise\u00f1ada para optimizar su proceso de facturaci\u00f3n. Con la Gesti\u00f3n de Facturas de BookingPress, personalice y genere facturas f\u00e1cilmente. Adopte la automatizaci\u00f3n e integre nuestro sistema en su flujo de trabajo para una mayor eficiencia. El Sistema de Facturas de BookingPress ofrece funciones y tutoriales completos, lo que le garantiza el soporte necesario en cada paso del proceso. Optimice sus operaciones financieras con la Integraci\u00f3n de Facturas de BookingPress y explore un mundo de posibilidades. \u00danase a los miles de usuarios que han optimizado su facturaci\u00f3n con nosotros. \u00a1Comience hoy mismo y gestione sus facturas sin complicaciones!<\/p>\n","protected":false},"featured_media":169228,"comment_status":"open","ping_status":"open","template":"","meta":[],"product_brand":[2682],"product_cat":[1208,1207,1206],"product_tag":[2323],"class_list":{"0":"post-157494","1":"product","2":"type-product","3":"status-publish","4":"has-post-thumbnail","6":"product_brand-bookingpress","7":"product_cat-administracion","8":"product_cat-comercio-electronico-plugins","9":"product_cat-plugins","10":"product_tag-bookingpress","11":"member-discount","12":"discount-restricted","14":"first","15":"instock","16":"sale","17":"downloadable","18":"virtual","19":"sold-individually","20":"purchasable","21":"product-type-simple"},"_links":{"self":[{"href":"https:\/\/gpl-love.com\/es\/wp-json\/wp\/v2\/product\/157494","targetHints":{"allow":["GET"]}}],"collection":[{"href":"https:\/\/gpl-love.com\/es\/wp-json\/wp\/v2\/product"}],"about":[{"href":"https:\/\/gpl-love.com\/es\/wp-json\/wp\/v2\/types\/product"}],"replies":[{"embeddable":true,"href":"https:\/\/gpl-love.com\/es\/wp-json\/wp\/v2\/comments?post=157494"}],"wp:featuredmedia":[{"embeddable":true,"href":"https:\/\/gpl-love.com\/es\/wp-json\/wp\/v2\/media\/169228"}],"wp:attachment":[{"href":"https:\/\/gpl-love.com\/es\/wp-json\/wp\/v2\/media?parent=157494"}],"wp:term":[{"taxonomy":"product_brand","embeddable":true,"href":"https:\/\/gpl-love.com\/es\/wp-json\/wp\/v2\/product_brand?post=157494"},{"taxonomy":"product_cat","embeddable":true,"href":"https:\/\/gpl-love.com\/es\/wp-json\/wp\/v2\/product_cat?post=157494"},{"taxonomy":"product_tag","embeddable":true,"href":"https:\/\/gpl-love.com\/es\/wp-json\/wp\/v2\/product_tag?post=157494"}],"curies":[{"name":"wp","href":"https:\/\/api.w.org\/{rel}","templated":true}]}}