{"id":157493,"date":"2025-05-20T00:00:00","date_gmt":"2025-05-20T05:00:00","guid":{"rendered":"https:\/\/gpl-love.com\/es\/producto\/bookingpress-klarna-payment-gateway\/"},"modified":"2026-03-09T08:46:58","modified_gmt":"2026-03-09T13:46:58","slug":"bookingpress-klarna-payment-gateway","status":"publish","type":"product","link":"https:\/\/gpl-love.com\/es\/producto\/bookingpress-klarna-payment-gateway\/","title":{"rendered":"BookingPress Klarna Payment Gateway 1.5"},"content":{"rendered":"<h3>BookingPress Klarna Payment Gateway Caracteristicas<\/h3>\n<p>Mejora tu experiencia en BookingPress con la integraci\u00f3n perfecta de la pasarela de pago de Klarna. Configurar BookingPress con Klarna es muy sencillo, lo que te permite ofrecer diversas opciones de pago flexibles a tus clientes. Con nuestra pasarela de pago de Klarna para BookingPress, puedes activar Klarna r\u00e1pidamente y empezar a procesar transacciones al instante.<\/p>\n<p>Descubre la simplicidad de configurar los pagos de Klarna en BookingPress, ofreciendo a tus clientes la posibilidad de comprar con facilidad y confianza. Ya sea que prefieran pagar ahora, m\u00e1s tarde o a plazos, las vers\u00e1tiles soluciones de pago de Klarna se adaptan a las necesidades de todos. Cada transacci\u00f3n es segura, lo que garantiza que cada compra sea segura de principio a fin.<\/p>\n<p>\u00bfC\u00f3mo usar Klarna con BookingPress? \u00a1Es muy sencillo! Nuestra integraci\u00f3n te permite activar y gestionar las opciones de pago de Klarna directamente desde tu panel de control, mejorando la experiencia del usuario con el m\u00ednimo esfuerzo. Aprovecha las funciones de la pasarela de pago de Klarna para BookingPress, dise\u00f1adas para impulsar tu negocio y ofrecerte un proceso de pago superior.<\/p>\n<p>Comience a aceptar pagos con la confiabilidad de Klarna en su<\/p>\n<ul>\n<li>Se integra perfectamente con el plugin de BookingPress.<\/li>\n<li>Compatible con Klarna Payments para unas transacciones fluidas.<\/li>\n<li>Ofrece opciones de pago inmediato, posterior y fraccionamiento.<\/li>\n<li>Mejora la comodidad del cliente con soluciones de pago flexibles.<\/li>\n<li>Procesamiento de pagos seguro y fiable.<\/li>\n<li>F\u00e1cil configuraci\u00f3n.<\/li>\n<li>Compatible con m\u00faltiples divisas para transacciones globales.<\/li>\n<li>Cumple con los principales est\u00e1ndares de seguridad.<\/li>\n<li>Confirmaci\u00f3n de pago en tiempo real.<\/li>\n<li>Interfaz intuitiva tanto para el administrador como para los clientes.<\/li>\n<\/ul>\n","protected":false},"excerpt":{"rendered":"<p>Presentamos la integraci\u00f3n perfecta de BookingPress con Klarna Payment Gateway: la soluci\u00f3n definitiva para optimizar su sistema de reservas online. Configure f\u00e1cilmente BookingPress con Klarna para ofrecer opciones de pago vers\u00e1tiles y mejorar la comodidad del cliente. Con sencillos pasos para habilitar Klarna en BookingPress, las empresas pueden aprovechar las funciones de la pasarela de Klarna para realizar transacciones seguras y flexibles. Aprenda a usar Klarna con BookingPress; configure el pago con Klarna f\u00e1cilmente y disfrute de ventajas como transacciones optimizadas y una seguridad robusta. Elija la integraci\u00f3n de BookingPress con Klarna Payment Gateway hoy mismo y aseg\u00farese de que cada reserva sea un \u00e9xito con el pago seguro con Klarna en BookingPress.<\/p>\n","protected":false},"featured_media":169227,"comment_status":"open","ping_status":"open","template":"","meta":[],"product_brand":[2682],"product_cat":[1207,1426,1206],"product_tag":[2323],"class_list":{"0":"post-157493","1":"product","2":"type-product","3":"status-publish","4":"has-post-thumbnail","6":"product_brand-bookingpress","7":"product_cat-comercio-electronico-plugins","8":"product_cat-pago-comercio-electronico-plugins","9":"product_cat-plugins","10":"product_tag-bookingpress","11":"member-discount","12":"discount-restricted","14":"first","15":"instock","16":"sale","17":"downloadable","18":"virtual","19":"sold-individually","20":"purchasable","21":"product-type-simple"},"_links":{"self":[{"href":"https:\/\/gpl-love.com\/es\/wp-json\/wp\/v2\/product\/157493","targetHints":{"allow":["GET"]}}],"collection":[{"href":"https:\/\/gpl-love.com\/es\/wp-json\/wp\/v2\/product"}],"about":[{"href":"https:\/\/gpl-love.com\/es\/wp-json\/wp\/v2\/types\/product"}],"replies":[{"embeddable":true,"href":"https:\/\/gpl-love.com\/es\/wp-json\/wp\/v2\/comments?post=157493"}],"wp:featuredmedia":[{"embeddable":true,"href":"https:\/\/gpl-love.com\/es\/wp-json\/wp\/v2\/media\/169227"}],"wp:attachment":[{"href":"https:\/\/gpl-love.com\/es\/wp-json\/wp\/v2\/media?parent=157493"}],"wp:term":[{"taxonomy":"product_brand","embeddable":true,"href":"https:\/\/gpl-love.com\/es\/wp-json\/wp\/v2\/product_brand?post=157493"},{"taxonomy":"product_cat","embeddable":true,"href":"https:\/\/gpl-love.com\/es\/wp-json\/wp\/v2\/product_cat?post=157493"},{"taxonomy":"product_tag","embeddable":true,"href":"https:\/\/gpl-love.com\/es\/wp-json\/wp\/v2\/product_tag?post=157493"}],"curies":[{"name":"wp","href":"https:\/\/api.w.org\/{rel}","templated":true}]}}