{"id":157492,"date":"2026-04-21T00:00:00","date_gmt":"2026-04-21T05:00:00","guid":{"rendered":"https:\/\/gpl-love.com\/es\/producto\/bookingpress-location\/"},"modified":"2026-04-21T11:17:04","modified_gmt":"2026-04-21T16:17:04","slug":"bookingpress-location","status":"publish","type":"product","link":"https:\/\/gpl-love.com\/es\/producto\/bookingpress-location\/","title":{"rendered":"BookingPress Location 2.9"},"content":{"rendered":"<h3>BookingPress Location Caracteristicas<\/h3>\n<p>Presentamos la soluci\u00f3n definitiva para las necesidades de su negocio: \u00a1BookingPress Location! Dise\u00f1ado para optimizar la difusi\u00f3n de sus servicios, BookingPress Location es una potente herramienta que se integra a la perfecci\u00f3n con su sitio web, ofreciendo una interfaz intuitiva para que los clientes reserven citas sin esfuerzo.<\/p>\n<p>Ya sea que gestione un sal\u00f3n de belleza concurrido, un bufete de abogados con mucha actividad o una cl\u00ednica m\u00e9dica, BookingPress Location se adapta a sus necesidades espec\u00edficas, garantizando que sus clientes puedan encontrarlo, reservar un servicio y gestionar sus citas con una facilidad inigualable. Con su dise\u00f1o intuitivo, actualizaciones de disponibilidad en tiempo real y un s\u00f3lido soporte de backend, ver\u00e1 un aumento en las reservas y una reducci\u00f3n de las complicaciones administrativas.<\/p>\n<p>Entre sus funciones clave se incluyen opciones de reserva personalizables, servicios de geolocalizaci\u00f3n y optimizaci\u00f3n m\u00f3vil, lo que garantiza que su negocio se mantenga accesible y eficiente, sin importar d\u00f3nde se encuentren sus clientes. Invierta en BookingPress Location hoy mismo y transforme la forma en que su negocio gestiona las citas, haci\u00e9ndolo m\u00e1s \u00e1gil, profesional y centrado en el cliente. \u00a1No te quedes solo en el juego: lidera con BookingPress Location!<\/p>\n<ul>\n<li>Plataforma de reservas y programaci\u00f3n online<\/li>\n<li>Gesti\u00f3n de ubicaciones personalizable<\/li>\n<li>Actualizaciones de disponibilidad en tiempo real<\/li>\n<li>Integraci\u00f3n con Google Maps para facilitar el acceso a la ubicaci\u00f3n<\/li>\n<li>Compatibilidad con m\u00faltiples ubicaciones desde un \u00fanico panel<\/li>\n<li>Herramientas detalladas de an\u00e1lisis e informes<\/li>\n<li>Optimizaci\u00f3n m\u00f3vil para reservas en cualquier lugar<\/li>\n<li>Integraci\u00f3n con pasarelas de pago seguras<\/li>\n<li>Notificaciones automatizadas por correo electr\u00f3nico y SMS para reservas<\/li>\n<li>Interfaz intuitiva para empresas y clientes<\/li>\n<\/ul>\n","protected":false},"excerpt":{"rendered":"<p>Presentamos BookingPress Location: tu soluci\u00f3n definitiva para gestionar citas y reservas sin complicaciones en cualquier espacio. Con nuestro sistema de reservas de vanguardia, puedes personalizar y controlar f\u00e1cilmente tus necesidades de programaci\u00f3n. Tanto si gestionas un local urbano concurrido como un acogedor rinc\u00f3n rural, BookingPress Location se adapta a tus necesidades espec\u00edficas. Aumenta tu visibilidad y atrae a m\u00e1s clientes con una interfaz intuitiva y una integraci\u00f3n perfecta. Optimiza tus operaciones comerciales y mejora la satisfacci\u00f3n del cliente con BookingPress Location, donde la comodidad se une a la eficiencia. \u00a1Empieza a transformar tu proceso de reservas hoy mismo y libera el potencial de tu espacio!<\/p>\n","protected":false},"featured_media":169226,"comment_status":"open","ping_status":"open","template":"","meta":[],"product_brand":[2682],"product_cat":[1214,1206,1211],"product_tag":[2323],"class_list":{"0":"post-157492","1":"product","2":"type-product","3":"status-publish","4":"has-post-thumbnail","6":"product_brand-bookingpress","7":"product_cat-personalizacion","8":"product_cat-plugins","9":"product_cat-wordpress-plugins","10":"product_tag-bookingpress","11":"member-discount","12":"discount-restricted","14":"first","15":"instock","16":"sale","17":"downloadable","18":"virtual","19":"sold-individually","20":"purchasable","21":"product-type-simple"},"_links":{"self":[{"href":"https:\/\/gpl-love.com\/es\/wp-json\/wp\/v2\/product\/157492","targetHints":{"allow":["GET"]}}],"collection":[{"href":"https:\/\/gpl-love.com\/es\/wp-json\/wp\/v2\/product"}],"about":[{"href":"https:\/\/gpl-love.com\/es\/wp-json\/wp\/v2\/types\/product"}],"replies":[{"embeddable":true,"href":"https:\/\/gpl-love.com\/es\/wp-json\/wp\/v2\/comments?post=157492"}],"wp:featuredmedia":[{"embeddable":true,"href":"https:\/\/gpl-love.com\/es\/wp-json\/wp\/v2\/media\/169226"}],"wp:attachment":[{"href":"https:\/\/gpl-love.com\/es\/wp-json\/wp\/v2\/media?parent=157492"}],"wp:term":[{"taxonomy":"product_brand","embeddable":true,"href":"https:\/\/gpl-love.com\/es\/wp-json\/wp\/v2\/product_brand?post=157492"},{"taxonomy":"product_cat","embeddable":true,"href":"https:\/\/gpl-love.com\/es\/wp-json\/wp\/v2\/product_cat?post=157492"},{"taxonomy":"product_tag","embeddable":true,"href":"https:\/\/gpl-love.com\/es\/wp-json\/wp\/v2\/product_tag?post=157492"}],"curies":[{"name":"wp","href":"https:\/\/api.w.org\/{rel}","templated":true}]}}