{"id":157491,"date":"2024-04-14T00:00:00","date_gmt":"2024-04-14T05:00:00","guid":{"rendered":"https:\/\/gpl-love.com\/es\/producto\/bookingpress-mailchimp-integration\/"},"modified":"2026-03-09T08:46:56","modified_gmt":"2026-03-09T13:46:56","slug":"bookingpress-mailchimp-integration","status":"publish","type":"product","link":"https:\/\/gpl-love.com\/es\/producto\/bookingpress-mailchimp-integration\/","title":{"rendered":"BookingPress Mailchimp Integration 1.5"},"content":{"rendered":"<h3>BookingPress Mailchimp Integration Caracteristicas<\/h3>\n<p>Desbloquea todo el potencial de tu sistema de reservas online con la integraci\u00f3n de BookingPress con Mailchimp. Esta potente herramienta conecta a la perfecci\u00f3n tu configuraci\u00f3n de BookingPress con Mailchimp, permiti\u00e9ndote mejorar la interacci\u00f3n con tus clientes mediante campa\u00f1as de email marketing dirigidas y respuestas automatizadas.<\/p>\n<p>\u00a1Comenzar es f\u00e1cil!<br \/>\nSigue nuestra completa gu\u00eda de configuraci\u00f3n de la integraci\u00f3n de BookingPress con Mailchimp, que te guiar\u00e1 paso a paso con claridad. Tanto si eres nuevo en integraciones como si buscas consejos avanzados sobre la integraci\u00f3n de BookingPress con Mailchimp, nuestro tutorial te ayudar\u00e1.<\/p>\n<p>Con la confianza de los profesionales:<br \/>\nNo te f\u00edes solo de nuestras palabras; consulta las numerosas rese\u00f1as positivas de la integraci\u00f3n de BookingPress con Mailchimp de empresas como la tuya que han transformado su interacci\u00f3n con los clientes y sus estrategias de marketing.<\/p>\n<ul>\n<li>Integraci\u00f3n perfecta con Mailchimp para un email marketing eficiente<\/li>\n<li>Sincroniza autom\u00e1ticamente los datos de reservas con las listas de Mailchimp<\/li>\n<li>Plantillas de email personalizables para adaptarse a tu marca<\/li>\n<li>Configuraci\u00f3n intuitiva sin necesidad de programaci\u00f3n<\/li>\n<li>Opci\u00f3n para segmentar a los clientes seg\u00fan su comportamiento de reserva<\/li>\n<li>Activa campa\u00f1as dirigidas seg\u00fan tu historial de compras<\/li>\n<li>Cumple con el RGPD para garantizar la privacidad y seguridad de los datos<\/li>\n<li>Transferencia de datos en tiempo real para listas de marketing actualizadas<\/li>\n<li>Admite m\u00faltiples listas para diferentes tipos de servicios<\/li>\n<li>An\u00e1lisis detallados para monitorizar el \u00e9xito de las campa\u00f1as de email marketing<\/li>\n<\/ul>\n","protected":false},"excerpt":{"rendered":"<p>Desbloquea todo el potencial de tu sistema de reservas con nuestro completo tutorial de integraci\u00f3n de BookingPress con Mailchimp. Aprende a conectar BookingPress con Mailchimp sin problemas con nuestra gu\u00eda de configuraci\u00f3n paso a paso, dise\u00f1ada para optimizar tu flujo de trabajo y mejorar la interacci\u00f3n con tus clientes. Descubre las principales ventajas de integrar Mailchimp con BookingPress, desde campa\u00f1as de email automatizadas hasta la comunicaci\u00f3n con clientes espec\u00edficos. Sigue las mejores pr\u00e1cticas y consejos avanzados para maximizar tus resultados. No te f\u00edes solo de nuestras palabras: \u00a1consulta nuestras excelentes rese\u00f1as de la integraci\u00f3n de BookingPress con Mailchimp! Empieza hoy mismo y transforma tu forma de gestionar las reservas y comunicarte con tus clientes.<\/p>\n","protected":false},"featured_media":169225,"comment_status":"open","ping_status":"open","template":"","meta":[],"product_brand":[2682],"product_cat":[1232,1206,1211],"product_tag":[2323],"class_list":{"0":"post-157491","1":"product","2":"type-product","3":"status-publish","4":"has-post-thumbnail","6":"product_brand-bookingpress","7":"product_cat-marketing-wordpress-plugins","8":"product_cat-plugins","9":"product_cat-wordpress-plugins","10":"product_tag-bookingpress","11":"member-discount","12":"discount-restricted","14":"first","15":"instock","16":"sale","17":"downloadable","18":"virtual","19":"sold-individually","20":"purchasable","21":"product-type-simple"},"_links":{"self":[{"href":"https:\/\/gpl-love.com\/es\/wp-json\/wp\/v2\/product\/157491","targetHints":{"allow":["GET"]}}],"collection":[{"href":"https:\/\/gpl-love.com\/es\/wp-json\/wp\/v2\/product"}],"about":[{"href":"https:\/\/gpl-love.com\/es\/wp-json\/wp\/v2\/types\/product"}],"replies":[{"embeddable":true,"href":"https:\/\/gpl-love.com\/es\/wp-json\/wp\/v2\/comments?post=157491"}],"wp:featuredmedia":[{"embeddable":true,"href":"https:\/\/gpl-love.com\/es\/wp-json\/wp\/v2\/media\/169225"}],"wp:attachment":[{"href":"https:\/\/gpl-love.com\/es\/wp-json\/wp\/v2\/media?parent=157491"}],"wp:term":[{"taxonomy":"product_brand","embeddable":true,"href":"https:\/\/gpl-love.com\/es\/wp-json\/wp\/v2\/product_brand?post=157491"},{"taxonomy":"product_cat","embeddable":true,"href":"https:\/\/gpl-love.com\/es\/wp-json\/wp\/v2\/product_cat?post=157491"},{"taxonomy":"product_tag","embeddable":true,"href":"https:\/\/gpl-love.com\/es\/wp-json\/wp\/v2\/product_tag?post=157491"}],"curies":[{"name":"wp","href":"https:\/\/api.w.org\/{rel}","templated":true}]}}