{"id":157490,"date":"2025-05-20T00:00:00","date_gmt":"2025-05-20T05:00:00","guid":{"rendered":"https:\/\/gpl-love.com\/es\/producto\/bookingpress-mollie-payment-gateway\/"},"modified":"2026-03-09T08:46:55","modified_gmt":"2026-03-09T13:46:55","slug":"bookingpress-mollie-payment-gateway","status":"publish","type":"product","link":"https:\/\/gpl-love.com\/es\/producto\/bookingpress-mollie-payment-gateway\/","title":{"rendered":"BookingPress Mollie Payment Gateway 1.7"},"content":{"rendered":"<h3>BookingPress Mollie Payment Gateway Caracteristicas<\/h3>\n<p>Integraci\u00f3n de pagos sin interrupciones con la pasarela de pago Mollie de BookingPress<\/p>\n<p>Mejora tu experiencia en BookingPress incorporando la pasarela de pago Mollie, la soluci\u00f3n definitiva para agilizar las transacciones online. Con la integraci\u00f3n de la pasarela de pago Mollie de BookingPress, configurar tus pagos es sencillo y mejora la eficiencia operativa.<\/p>\n<p>Tanto si es la primera vez que lo configuras como si buscas mejorar tu sistema actual, la opci\u00f3n de pago Mollie para BookingPress simplifica el proceso. Esta integraci\u00f3n te permite aceptar una amplia gama de m\u00e9todos de pago, garantizando a tus clientes la flexibilidad que necesitan al realizar reservas.<\/p>\n<p>Configurar la pasarela de pago Mollie en BookingPress es facil\u00edsimo. En tan solo unos pasos, tendr\u00e1s un sistema de pago robusto y seguro que se adapta a las necesidades de tu negocio. Aprovecha las soluciones de pago Mollie para BookingPress y mejora tu oferta de servicios, haciendo que cada transacci\u00f3n sea fluida y fiable.<\/p>\n<p>No permitas que las complejas configuraciones de pago frenen el crecimiento de tu negocio. Opt<\/p>\n<ul>\n<li>Integraci\u00f3n perfecta con BookingPress para aceptar pagos<\/li>\n<li>Admite una amplia gama de m\u00e9todos de pago, incluyendo tarjetas de cr\u00e9dito, PayPal e iDEAL<\/li>\n<li>Procesamiento seguro de pagos conforme a los est\u00e1ndares PCI DSS<\/li>\n<li>Confirmaci\u00f3n de pago en tiempo real<\/li>\n<li>F\u00e1cil configuraci\u00f3n dentro del plugin de BookingPress<\/li>\n<li>Admite pagos recurrentes para servicios de suscripci\u00f3n<\/li>\n<li>Compatibilidad con m\u00faltiples divisas para aceptar pagos de todo el mundo<\/li>\n<li>Interfaz intuitiva tanto para administradores como para clientes<\/li>\n<li>Registros detallados de transacciones para un seguimiento financiero sencillo<\/li>\n<li>Actualizaciones autom\u00e1ticas y soporte t\u00e9cnico de BookingPress<\/li>\n<\/ul>\n","protected":false},"excerpt":{"rendered":"<p>Presentamos la integraci\u00f3n perfecta de la pasarela de pago Mollie de BookingPress. Configure ahora la pasarela de pago Mollie en BookingPress sin esfuerzo y ofrezca a sus clientes la comodidad de las diversas opciones de pago de Mollie. Con nuestra sencilla configuraci\u00f3n de pagos de Mollie para BookingPress, puede mejorar la eficiencia y la seguridad de su servicio. Aprovechar las soluciones de pago de Mollie para BookingPress no solo simplifica las transacciones, sino que tambi\u00e9n ampl\u00eda su cartera de clientes al ofrecer un sistema de pago fiable y vers\u00e1til. \u00a1Comience hoy mismo y transforme su sistema de reservas en una plataforma optimizada e intuitiva que haga que sus clientes vuelvan!<\/p>\n","protected":false},"featured_media":169224,"comment_status":"open","ping_status":"open","template":"","meta":[],"product_brand":[2682],"product_cat":[1207,1426,1206],"product_tag":[2323],"class_list":{"0":"post-157490","1":"product","2":"type-product","3":"status-publish","4":"has-post-thumbnail","6":"product_brand-bookingpress","7":"product_cat-comercio-electronico-plugins","8":"product_cat-pago-comercio-electronico-plugins","9":"product_cat-plugins","10":"product_tag-bookingpress","11":"member-discount","12":"discount-restricted","14":"first","15":"instock","16":"sale","17":"downloadable","18":"virtual","19":"sold-individually","20":"purchasable","21":"product-type-simple"},"_links":{"self":[{"href":"https:\/\/gpl-love.com\/es\/wp-json\/wp\/v2\/product\/157490","targetHints":{"allow":["GET"]}}],"collection":[{"href":"https:\/\/gpl-love.com\/es\/wp-json\/wp\/v2\/product"}],"about":[{"href":"https:\/\/gpl-love.com\/es\/wp-json\/wp\/v2\/types\/product"}],"replies":[{"embeddable":true,"href":"https:\/\/gpl-love.com\/es\/wp-json\/wp\/v2\/comments?post=157490"}],"wp:featuredmedia":[{"embeddable":true,"href":"https:\/\/gpl-love.com\/es\/wp-json\/wp\/v2\/media\/169224"}],"wp:attachment":[{"href":"https:\/\/gpl-love.com\/es\/wp-json\/wp\/v2\/media?parent=157490"}],"wp:term":[{"taxonomy":"product_brand","embeddable":true,"href":"https:\/\/gpl-love.com\/es\/wp-json\/wp\/v2\/product_brand?post=157490"},{"taxonomy":"product_cat","embeddable":true,"href":"https:\/\/gpl-love.com\/es\/wp-json\/wp\/v2\/product_cat?post=157490"},{"taxonomy":"product_tag","embeddable":true,"href":"https:\/\/gpl-love.com\/es\/wp-json\/wp\/v2\/product_tag?post=157490"}],"curies":[{"name":"wp","href":"https:\/\/api.w.org\/{rel}","templated":true}]}}