{"id":157489,"date":"2026-04-21T00:00:00","date_gmt":"2026-04-21T05:00:00","guid":{"rendered":"https:\/\/gpl-love.com\/es\/producto\/bookingpress-multi-language\/"},"modified":"2026-04-21T11:17:03","modified_gmt":"2026-04-21T16:17:03","slug":"bookingpress-multi-language","status":"publish","type":"product","link":"https:\/\/gpl-love.com\/es\/producto\/bookingpress-multi-language\/","title":{"rendered":"BookingPress Multi-Language 2.1"},"content":{"rendered":"<h3>BookingPress Multi-Language Caracteristicas<\/h3>\n<p>Desbloquea todo el potencial de tu base global de clientes con el plugin multiling\u00fce de BookingPress. Esta potente extensi\u00f3n, dise\u00f1ada espec\u00edficamente para el sistema BookingPress, ofrece una compatibilidad multiling\u00fce fluida que transforma tu sitio web en una plataforma de reservas multiling\u00fce e intuitiva.<\/p>\n<p>Con las Opciones de Traducci\u00f3n de BookingPress, puedes personalizar y traducir f\u00e1cilmente cualquier parte de tu interfaz de reservas, garantizando que cada cliente navegue en su idioma nativo de principio a fin. Las robustas herramientas de personalizaci\u00f3n de idiomas del plugin te permiten gestionar las traducciones de forma eficiente, sin necesidad de conocimientos t\u00e9cnicos.<\/p>\n<p>Tanto si buscas expandir tu negocio a nivel mundial como si buscas atender a una comunidad local diversa, el sistema de reservas multiling\u00fce de BookingPress lo simplifica. Esta funci\u00f3n no solo mejora la experiencia del usuario, sino que tambi\u00e9n impulsa tus reservas al hacer que tus servicios sean accesibles a un p\u00fablico m\u00e1s amplio.<\/p>\n<p>Ampl\u00eda el alcance y la versatilidad de tu sistema de reservas con la compatibilidad de idiomas del plugin de BookingPress. Empieza a atender a tus clientes en su idioma preferido hoy mismo y observa c\u00f3mo crece tu negocio.<\/p>\n<ul>\n<li>Compatible con varios idiomas para una accesibilidad global<\/li>\n<li>Proceso de reserva sencillo con una interfaz intuitiva<\/li>\n<li>Actualizaciones de disponibilidad en tiempo real para evitar reservas duplicadas<\/li>\n<li>Integraci\u00f3n con las pasarelas de pago m\u00e1s populares para transacciones seguras<\/li>\n<li>Formularios de reserva personalizables para adaptarse a diversas necesidades comerciales<\/li>\n<li>Notificaciones automatizadas por correo electr\u00f3nico y SMS para mantener informados a los clientes<\/li>\n<li>Herramientas integrales de informes para el seguimiento del rendimiento comercial<\/li>\n<li>Compatibilidad m\u00f3vil para reservar sobre la marcha<\/li>\n<li>Opci\u00f3n para establecer diferentes niveles de precios para horas punta y temporada baja<\/li>\n<li>Compatibilidad con complementos y servicios adicionales para mejorar la experiencia del cliente<\/li>\n<\/ul>\n","protected":false},"excerpt":{"rendered":"<p>Presentamos el plugin multiling\u00fce de BookingPress, \u00a1la soluci\u00f3n definitiva para un sistema de reservas multiling\u00fce! Con una completa compatibilidad multiling\u00fce con BookingPress, este plugin ofrece opciones de traducci\u00f3n fluidas y una amplia personalizaci\u00f3n de idiomas. Aumente su alcance global y atienda a clientes de todo el mundo con facilidad. La compatibilidad con idiomas del plugin de BookingPress garantiza que su sistema de reservas se comunique en el idioma de sus clientes, haci\u00e9ndolo m\u00e1s accesible e intuitivo. Actualice hoy mismo al plugin multiling\u00fce de BookingPress y transforme su sistema de reservas en una plataforma universalmente adaptable.<\/p>\n","protected":false},"featured_media":169223,"comment_status":"open","ping_status":"open","template":"","meta":[],"product_brand":[2682],"product_cat":[1214,1206,1211],"product_tag":[2323],"class_list":{"0":"post-157489","1":"product","2":"type-product","3":"status-publish","4":"has-post-thumbnail","6":"product_brand-bookingpress","7":"product_cat-personalizacion","8":"product_cat-plugins","9":"product_cat-wordpress-plugins","10":"product_tag-bookingpress","11":"member-discount","12":"discount-restricted","14":"first","15":"instock","16":"sale","17":"downloadable","18":"virtual","19":"sold-individually","20":"purchasable","21":"product-type-simple"},"_links":{"self":[{"href":"https:\/\/gpl-love.com\/es\/wp-json\/wp\/v2\/product\/157489","targetHints":{"allow":["GET"]}}],"collection":[{"href":"https:\/\/gpl-love.com\/es\/wp-json\/wp\/v2\/product"}],"about":[{"href":"https:\/\/gpl-love.com\/es\/wp-json\/wp\/v2\/types\/product"}],"replies":[{"embeddable":true,"href":"https:\/\/gpl-love.com\/es\/wp-json\/wp\/v2\/comments?post=157489"}],"wp:featuredmedia":[{"embeddable":true,"href":"https:\/\/gpl-love.com\/es\/wp-json\/wp\/v2\/media\/169223"}],"wp:attachment":[{"href":"https:\/\/gpl-love.com\/es\/wp-json\/wp\/v2\/media?parent=157489"}],"wp:term":[{"taxonomy":"product_brand","embeddable":true,"href":"https:\/\/gpl-love.com\/es\/wp-json\/wp\/v2\/product_brand?post=157489"},{"taxonomy":"product_cat","embeddable":true,"href":"https:\/\/gpl-love.com\/es\/wp-json\/wp\/v2\/product_cat?post=157489"},{"taxonomy":"product_tag","embeddable":true,"href":"https:\/\/gpl-love.com\/es\/wp-json\/wp\/v2\/product_tag?post=157489"}],"curies":[{"name":"wp","href":"https:\/\/api.w.org\/{rel}","templated":true}]}}